{"id":11705,"date":"2022-07-07T02:42:49","date_gmt":"2022-07-07T02:42:49","guid":{"rendered":"https:\/\/empatec.com.ar\/?post_type=product&#038;p=11705"},"modified":"2024-06-18T13:08:44","modified_gmt":"2024-06-18T13:08:44","slug":"formadora-de-laminas-fl200-jr","status":"publish","type":"product","link":"https:\/\/empatec.com.ar\/en\/product\/formadora-de-laminas-fl200-jr\/","title":{"rendered":"Forming Sheets FL200 JR"},"content":{"rendered":"<p>The FL200 JR model is a machine especially developed to feed the ME equipment with a sheet of\ndough which is produced by filling the hopper with the lumps mixed in the Tipping Mixer (MV, in\nSpanish). Then, the FL200 JR model through top and bottom rollers electrically controlled by\nvariable speed drives and plc, manages to turn these lumps into a homogeneous 200mm-wide\nsheet.<\/p>\n<p><b>Main<\/b><strong>\u00a0features:<\/strong><\/p>\n<ul>\n<li>400Kg of dough per hour production<\/li>\n<li>Single-phase<\/li>\n<li>With touchscreen and PLC (Programmable Logic Controller)<\/li>\n<li>Low power consumption<\/li>\n<li>Safety both for operators and the equipment<\/li>\n<\/ul>\n<p><strong>Dimensions:<\/strong><br \/>\nHeight: 1500mm<br \/>\nWidth: 600mm<br \/>\n<strong>The company reserves the right to make changes without prior notice<\/strong><\/p>\n<p><a href=\"https:\/\/empatec.com.ar\/wp-content\/uploads\/2022\/08\/Folleto-FL200-JR.pdf\" target=\"_blank\" rel=\"noopener\">Download the brochure for the Forming of Sheet FL200 JR<\/a><\/p>\n<p><img decoding=\"async\" class=\"alignnone wp-image-12169\" src=\"https:\/\/empatec.com.ar\/wp-content\/uploads\/2022\/07\/Folleto-FL200-JR-300x300.png\" alt=\"\" width=\"200\" height=\"200\" srcset=\"https:\/\/empatec.com.ar\/wp-content\/uploads\/2022\/07\/Folleto-FL200-JR-300x300.png 300w, https:\/\/empatec.com.ar\/wp-content\/uploads\/2022\/07\/Folleto-FL200-JR-1024x1024.png 1024w, https:\/\/empatec.com.ar\/wp-content\/uploads\/2022\/07\/Folleto-FL200-JR-150x150.png 150w, https:\/\/empatec.com.ar\/wp-content\/uploads\/2022\/07\/Folleto-FL200-JR-768x768.png 768w, https:\/\/empatec.com.ar\/wp-content\/uploads\/2022\/07\/Folleto-FL200-JR-12x12.png 12w, https:\/\/empatec.com.ar\/wp-content\/uploads\/2022\/07\/Folleto-FL200-JR-550x550.png 550w, https:\/\/empatec.com.ar\/wp-content\/uploads\/2022\/07\/Folleto-FL200-JR-100x100.png 100w, https:\/\/empatec.com.ar\/wp-content\/uploads\/2022\/07\/Folleto-FL200-JR.png 1166w\" sizes=\"(max-width: 200px) 100vw, 200px\" \/><\/p>\n<div class=\"entry-content-asset videofit\"><iframe title=\"Empatec: L\u00ednea continua de masa para m\u00e1quina de empanadas ME (FL200 JR y TL63)\" width=\"720\" height=\"405\" src=\"https:\/\/www.youtube.com\/embed\/dEfZf6wS_MU?start=2&#038;feature=oembed\" frameborder=\"0\" allow=\"accelerometer; autoplay; clipboard-write; encrypted-media; gyroscope; picture-in-picture; web-share\" referrerpolicy=\"strict-origin-when-cross-origin\" allowfullscreen><\/iframe><\/div>","protected":false},"excerpt":{"rendered":"<p><b>Main<\/b><strong> features:<\/strong><\/p>\n<p>400Kg of dough per hour production<br \/>\nSingle-phase<br \/>\nWith touchscreen and PLC (Programmable Logic Controller)<br \/>\nLow power consumption<br \/>\nSafety both for operators and the equipment<\/p>","protected":false},"featured_media":12451,"template":"","meta":{"_kad_post_transparent":"default","_kad_post_title":"","_kad_post_layout":"default","_kad_post_sidebar_id":"","_kad_post_content_style":"default","_kad_post_vertical_padding":"default","_kad_post_feature":"","_kad_post_feature_position":"","_kad_post_header":false,"_kad_post_footer":false},"product_cat":[116],"product_tag":[],"class_list":{"0":"post-11705","1":"product","2":"type-product","3":"status-publish","4":"has-post-thumbnail","6":"product_cat-producto","8":"first","9":"instock","10":"featured","11":"shipping-taxable","12":"product-type-simple","13":"entry","14":"content-bg","15":"loop-entry"},"yoast_head":"<!-- This site is optimized with the Yoast SEO Premium plugin v19.2.1 (Yoast SEO v22.9) - https:\/\/yoast.com\/wordpress\/plugins\/seo\/ -->\n<title>Formadora de L\u00e1minas FL200 JR - Empatec<\/title>\n<meta name=\"robots\" content=\"index, follow, max-snippet:-1, max-image-preview:large, max-video-preview:-1\" \/>\n<link rel=\"canonical\" href=\"https:\/\/empatec.com.ar\/en\/product\/formadora-de-laminas-fl200-jr\/\" \/>\n<meta property=\"og:locale\" content=\"en_US\" \/>\n<meta property=\"og:type\" content=\"article\" \/>\n<meta property=\"og:title\" content=\"Formadora de L\u00e1minas FL200 JR\" \/>\n<meta property=\"og:description\" content=\"Caracter\u00edsticas principales:  Producci\u00f3n 400 Kg de masa por hora Monof\u00e1sica Con pantalla touch y PLC (Controlador L\u00f3gico Programable) Bajo consumo Seguridad para operario y equipo\" \/>\n<meta property=\"og:url\" content=\"https:\/\/empatec.com.ar\/en\/product\/formadora-de-laminas-fl200-jr\/\" \/>\n<meta property=\"og:site_name\" content=\"Empatec\" \/>\n<meta property=\"article:modified_time\" content=\"2024-06-18T13:08:44+00:00\" \/>\n<meta property=\"og:image\" content=\"https:\/\/empatec.com.ar\/wp-content\/uploads\/2022\/07\/fl200-jr-sombra-2-Formato-webp-scaled.webp\" \/>\n\t<meta property=\"og:image:width\" content=\"1928\" \/>\n\t<meta property=\"og:image:height\" content=\"2560\" \/>\n\t<meta property=\"og:image:type\" content=\"image\/webp\" \/>\n<meta name=\"twitter:card\" content=\"summary_large_image\" \/>\n<meta name=\"twitter:label1\" content=\"Est. reading time\" \/>\n\t<meta name=\"twitter:data1\" content=\"1 minute\" \/>\n<script type=\"application\/ld+json\" class=\"yoast-schema-graph\">{\"@context\":\"https:\/\/schema.org\",\"@graph\":[{\"@type\":\"WebPage\",\"@id\":\"https:\/\/empatec.com.ar\/product\/formadora-de-laminas-fl200-jr\/\",\"url\":\"https:\/\/empatec.com.ar\/product\/formadora-de-laminas-fl200-jr\/\",\"name\":\"Formadora de L\u00e1minas FL200 JR - Empatec\",\"isPartOf\":{\"@id\":\"https:\/\/empatec.com.ar\/#website\"},\"primaryImageOfPage\":{\"@id\":\"https:\/\/empatec.com.ar\/product\/formadora-de-laminas-fl200-jr\/#primaryimage\"},\"image\":{\"@id\":\"https:\/\/empatec.com.ar\/product\/formadora-de-laminas-fl200-jr\/#primaryimage\"},\"thumbnailUrl\":\"https:\/\/empatec.com.ar\/wp-content\/uploads\/2022\/07\/fl200-jr-sombra-2-Formato-webp-scaled.webp\",\"datePublished\":\"2022-07-07T02:42:49+00:00\",\"dateModified\":\"2024-06-18T13:08:44+00:00\",\"breadcrumb\":{\"@id\":\"https:\/\/empatec.com.ar\/product\/formadora-de-laminas-fl200-jr\/#breadcrumb\"},\"inLanguage\":\"en-US\",\"potentialAction\":[{\"@type\":\"ReadAction\",\"target\":[\"https:\/\/empatec.com.ar\/product\/formadora-de-laminas-fl200-jr\/\"]}]},{\"@type\":\"ImageObject\",\"inLanguage\":\"en-US\",\"@id\":\"https:\/\/empatec.com.ar\/product\/formadora-de-laminas-fl200-jr\/#primaryimage\",\"url\":\"https:\/\/empatec.com.ar\/wp-content\/uploads\/2022\/07\/fl200-jr-sombra-2-Formato-webp-scaled.webp\",\"contentUrl\":\"https:\/\/empatec.com.ar\/wp-content\/uploads\/2022\/07\/fl200-jr-sombra-2-Formato-webp-scaled.webp\",\"width\":1928,\"height\":2560},{\"@type\":\"BreadcrumbList\",\"@id\":\"https:\/\/empatec.com.ar\/product\/formadora-de-laminas-fl200-jr\/#breadcrumb\",\"itemListElement\":[{\"@type\":\"ListItem\",\"position\":1,\"name\":\"Home\",\"item\":\"https:\/\/empatec.com.ar\/\"},{\"@type\":\"ListItem\",\"position\":2,\"name\":\"Productos\",\"item\":\"https:\/\/empatec.com.ar\/productos\/\"},{\"@type\":\"ListItem\",\"position\":3,\"name\":\"Formadora de L\u00e1minas FL200 JR\"}]},{\"@type\":\"WebSite\",\"@id\":\"https:\/\/empatec.com.ar\/#website\",\"url\":\"https:\/\/empatec.com.ar\/\",\"name\":\"Empatec\",\"description\":\"Maquinas para fabricar empanadas\",\"publisher\":{\"@id\":\"https:\/\/empatec.com.ar\/#organization\"},\"potentialAction\":[{\"@type\":\"SearchAction\",\"target\":{\"@type\":\"EntryPoint\",\"urlTemplate\":\"https:\/\/empatec.com.ar\/?s={search_term_string}\"},\"query-input\":\"required name=search_term_string\"}],\"inLanguage\":\"en-US\"},{\"@type\":\"Organization\",\"@id\":\"https:\/\/empatec.com.ar\/#organization\",\"name\":\"Empatec\",\"url\":\"https:\/\/empatec.com.ar\/\",\"logo\":{\"@type\":\"ImageObject\",\"inLanguage\":\"en-US\",\"@id\":\"https:\/\/empatec.com.ar\/#\/schema\/logo\/image\/\",\"url\":\"https:\/\/empatec.com.ar\/wp-content\/uploads\/2022\/07\/logo-empatec.png\",\"contentUrl\":\"https:\/\/empatec.com.ar\/wp-content\/uploads\/2022\/07\/logo-empatec.png\",\"width\":1045,\"height\":573,\"caption\":\"Empatec\"},\"image\":{\"@id\":\"https:\/\/empatec.com.ar\/#\/schema\/logo\/image\/\"}}]}<\/script>\n<!-- \/ Yoast SEO Premium plugin. -->","yoast_head_json":{"title":"Formadora de L\u00e1minas FL200 JR - Empatec","robots":{"index":"index","follow":"follow","max-snippet":"max-snippet:-1","max-image-preview":"max-image-preview:large","max-video-preview":"max-video-preview:-1"},"canonical":"https:\/\/empatec.com.ar\/en\/product\/formadora-de-laminas-fl200-jr\/","og_locale":"en_US","og_type":"article","og_title":"Formadora de L\u00e1minas FL200 JR","og_description":"Caracter\u00edsticas principales:  Producci\u00f3n 400 Kg de masa por hora Monof\u00e1sica Con pantalla touch y PLC (Controlador L\u00f3gico Programable) Bajo consumo Seguridad para operario y equipo","og_url":"https:\/\/empatec.com.ar\/en\/product\/formadora-de-laminas-fl200-jr\/","og_site_name":"Empatec","article_modified_time":"2024-06-18T13:08:44+00:00","og_image":[{"width":1928,"height":2560,"url":"https:\/\/empatec.com.ar\/wp-content\/uploads\/2022\/07\/fl200-jr-sombra-2-Formato-webp-scaled.webp","type":"image\/webp"}],"twitter_card":"summary_large_image","twitter_misc":{"Est. reading time":"1 minute"},"schema":{"@context":"https:\/\/schema.org","@graph":[{"@type":"WebPage","@id":"https:\/\/empatec.com.ar\/product\/formadora-de-laminas-fl200-jr\/","url":"https:\/\/empatec.com.ar\/product\/formadora-de-laminas-fl200-jr\/","name":"Formadora de L\u00e1minas FL200 JR - Empatec","isPartOf":{"@id":"https:\/\/empatec.com.ar\/#website"},"primaryImageOfPage":{"@id":"https:\/\/empatec.com.ar\/product\/formadora-de-laminas-fl200-jr\/#primaryimage"},"image":{"@id":"https:\/\/empatec.com.ar\/product\/formadora-de-laminas-fl200-jr\/#primaryimage"},"thumbnailUrl":"https:\/\/empatec.com.ar\/wp-content\/uploads\/2022\/07\/fl200-jr-sombra-2-Formato-webp-scaled.webp","datePublished":"2022-07-07T02:42:49+00:00","dateModified":"2024-06-18T13:08:44+00:00","breadcrumb":{"@id":"https:\/\/empatec.com.ar\/product\/formadora-de-laminas-fl200-jr\/#breadcrumb"},"inLanguage":"en-US","potentialAction":[{"@type":"ReadAction","target":["https:\/\/empatec.com.ar\/product\/formadora-de-laminas-fl200-jr\/"]}]},{"@type":"ImageObject","inLanguage":"en-US","@id":"https:\/\/empatec.com.ar\/product\/formadora-de-laminas-fl200-jr\/#primaryimage","url":"https:\/\/empatec.com.ar\/wp-content\/uploads\/2022\/07\/fl200-jr-sombra-2-Formato-webp-scaled.webp","contentUrl":"https:\/\/empatec.com.ar\/wp-content\/uploads\/2022\/07\/fl200-jr-sombra-2-Formato-webp-scaled.webp","width":1928,"height":2560},{"@type":"BreadcrumbList","@id":"https:\/\/empatec.com.ar\/product\/formadora-de-laminas-fl200-jr\/#breadcrumb","itemListElement":[{"@type":"ListItem","position":1,"name":"Home","item":"https:\/\/empatec.com.ar\/"},{"@type":"ListItem","position":2,"name":"Productos","item":"https:\/\/empatec.com.ar\/productos\/"},{"@type":"ListItem","position":3,"name":"Formadora de L\u00e1minas FL200 JR"}]},{"@type":"WebSite","@id":"https:\/\/empatec.com.ar\/#website","url":"https:\/\/empatec.com.ar\/","name":"Empatec","description":"Maquinas para fabricar empanadas","publisher":{"@id":"https:\/\/empatec.com.ar\/#organization"},"potentialAction":[{"@type":"SearchAction","target":{"@type":"EntryPoint","urlTemplate":"https:\/\/empatec.com.ar\/?s={search_term_string}"},"query-input":"required name=search_term_string"}],"inLanguage":"en-US"},{"@type":"Organization","@id":"https:\/\/empatec.com.ar\/#organization","name":"Empatec","url":"https:\/\/empatec.com.ar\/","logo":{"@type":"ImageObject","inLanguage":"en-US","@id":"https:\/\/empatec.com.ar\/#\/schema\/logo\/image\/","url":"https:\/\/empatec.com.ar\/wp-content\/uploads\/2022\/07\/logo-empatec.png","contentUrl":"https:\/\/empatec.com.ar\/wp-content\/uploads\/2022\/07\/logo-empatec.png","width":1045,"height":573,"caption":"Empatec"},"image":{"@id":"https:\/\/empatec.com.ar\/#\/schema\/logo\/image\/"}}]}},"_links":{"self":[{"href":"https:\/\/empatec.com.ar\/en\/wp-json\/wp\/v2\/product\/11705","targetHints":{"allow":["GET"]}}],"collection":[{"href":"https:\/\/empatec.com.ar\/en\/wp-json\/wp\/v2\/product"}],"about":[{"href":"https:\/\/empatec.com.ar\/en\/wp-json\/wp\/v2\/types\/product"}],"version-history":[{"count":5,"href":"https:\/\/empatec.com.ar\/en\/wp-json\/wp\/v2\/product\/11705\/revisions"}],"predecessor-version":[{"id":12399,"href":"https:\/\/empatec.com.ar\/en\/wp-json\/wp\/v2\/product\/11705\/revisions\/12399"}],"wp:featuredmedia":[{"embeddable":true,"href":"https:\/\/empatec.com.ar\/en\/wp-json\/wp\/v2\/media\/12451"}],"wp:attachment":[{"href":"https:\/\/empatec.com.ar\/en\/wp-json\/wp\/v2\/media?parent=11705"}],"wp:term":[{"taxonomy":"product_cat","embeddable":true,"href":"https:\/\/empatec.com.ar\/en\/wp-json\/wp\/v2\/product_cat?post=11705"},{"taxonomy":"product_tag","embeddable":true,"href":"https:\/\/empatec.com.ar\/en\/wp-json\/wp\/v2\/product_tag?post=11705"}],"curies":[{"name":"wp","href":"https:\/\/api.w.org\/{rel}","templated":true}]}}