{"id":11710,"date":"2022-07-07T02:55:45","date_gmt":"2022-07-07T02:55:45","guid":{"rendered":"https:\/\/empatec.com.ar\/?post_type=product&#038;p=11710"},"modified":"2023-08-15T20:01:18","modified_gmt":"2023-08-15T20:01:18","slug":"equipo-cortador-de-discos-cd1","status":"publish","type":"product","link":"https:\/\/empatec.com.ar\/en\/product\/equipo-cortador-de-discos-cd1\/","title":{"rendered":"Disc cutting equipment CD1 Model"},"content":{"rendered":"<p><strong>Download the brochure of the Disc Cutter Computer Model CD1<\/strong><\/p>\n<p>The CD1 Model is designed to meet customer needs with a medium-sized production of\nempanada discs, and related products. It is fitted with a recipe menu where each product is\nrecorded by a touchscreen and a plc, which eliminates the need to waste time adjusting the\ncutting head.<\/p>\n<p>The CD1 Model works with a 600mm-wide dough sheet that is introduced into the dough\nsheeter machine. This model is fitted with a dough sensing system to prevent stretching dough\nwhich is paired with a separator film in which both will be cut by the head, and will ultimately be\nplaced on stacking trays that will be manually withdrawn, with a delay time that may be\nprogrammed by a plc and touchscreen.<\/p>\n<p><strong>Technical Specifications:<\/strong><\/p>\n<ul>\n<li>It is manufactured with a compact design<\/li>\n<li>It is manufactured in stainless steel or painted sheet metal (according to customer\u2019s request)<\/li>\n<li>It is fitted with interchangeable heads for different cutting diameters, from 80 to 320mm (ask\nfor special diameters)<\/li>\n<li>The remaining film and dough separation system is completely automated<\/li>\n<li>The cut discs together with their respective separator will be neatly stacked, in programmable\nquantities over a collecting pan<\/li>\n<li>It works with rotating blades, individually cutting each disc with its respective separator<\/li>\n<li>It is fitted with safety systems both for the operator and the machine in case of emergency.<\/li>\n<li>Every material in contact with the food is allowed by international standards<\/li>\n<\/ul>\n<p><a href=\"https:\/\/empatec.com.ar\/wp-content\/uploads\/2022\/08\/Folleto-CD1.pdf\" target=\"_blank\" rel=\"noopener\">Download the brochure for the Computer cutter disks CD1<\/a><\/p>\n<p><img decoding=\"async\" class=\"alignnone wp-image-12160\" src=\"https:\/\/empatec.com.ar\/wp-content\/uploads\/2022\/07\/Folleto-CD1-300x300.png\" alt=\"\" width=\"200\" height=\"200\" srcset=\"https:\/\/empatec.com.ar\/wp-content\/uploads\/2022\/07\/Folleto-CD1-300x300.png 300w, https:\/\/empatec.com.ar\/wp-content\/uploads\/2022\/07\/Folleto-CD1-1024x1024.png 1024w, https:\/\/empatec.com.ar\/wp-content\/uploads\/2022\/07\/Folleto-CD1-150x150.png 150w, https:\/\/empatec.com.ar\/wp-content\/uploads\/2022\/07\/Folleto-CD1-768x768.png 768w, https:\/\/empatec.com.ar\/wp-content\/uploads\/2022\/07\/Folleto-CD1-12x12.png 12w, https:\/\/empatec.com.ar\/wp-content\/uploads\/2022\/07\/Folleto-CD1-550x550.png 550w, https:\/\/empatec.com.ar\/wp-content\/uploads\/2022\/07\/Folleto-CD1-100x100.png 100w, https:\/\/empatec.com.ar\/wp-content\/uploads\/2022\/07\/Folleto-CD1.png 1166w\" sizes=\"(max-width: 200px) 100vw, 200px\" \/><\/p>\n<p><a href=\"https:\/\/empatec.com.ar\/wp-content\/uploads\/2023\/08\/Folleto-CD1-con-apilador-automatico.pdf\" target=\"_blank\" rel=\"noopener\">Descarga el folleto del Equipo cortador de discos CD1 con apilador autom\u00e1tico<\/a><\/p>\n<p><img decoding=\"async\" class=\"alignnone  wp-image-12419\" src=\"https:\/\/empatec.com.ar\/wp-content\/uploads\/2022\/07\/CD1conapiladorautomatico-300x300.png\" alt=\"\" width=\"202\" height=\"202\" srcset=\"https:\/\/empatec.com.ar\/wp-content\/uploads\/2022\/07\/CD1conapiladorautomatico-300x300.png 300w, https:\/\/empatec.com.ar\/wp-content\/uploads\/2022\/07\/CD1conapiladorautomatico-150x150.png 150w, https:\/\/empatec.com.ar\/wp-content\/uploads\/2022\/07\/CD1conapiladorautomatico-768x768.png 768w, https:\/\/empatec.com.ar\/wp-content\/uploads\/2022\/07\/CD1conapiladorautomatico-12x12.png 12w, https:\/\/empatec.com.ar\/wp-content\/uploads\/2022\/07\/CD1conapiladorautomatico-550x550.png 550w, https:\/\/empatec.com.ar\/wp-content\/uploads\/2022\/07\/CD1conapiladorautomatico-100x100.png 100w, https:\/\/empatec.com.ar\/wp-content\/uploads\/2022\/07\/CD1conapiladorautomatico.png 969w\" sizes=\"(max-width: 202px) 100vw, 202px\" \/><\/p>\n<div class=\"entry-content-asset videofit\"><iframe title=\"Empatec: Cortadora de Discos de empanadas Modelo CD1\" width=\"720\" height=\"405\" src=\"https:\/\/www.youtube.com\/embed\/gTT_q4sWfr4?start=20&#038;feature=oembed\" frameborder=\"0\" allow=\"accelerometer; autoplay; clipboard-write; encrypted-media; gyroscope; picture-in-picture; web-share\" allowfullscreen><\/iframe><\/div>\n<div class=\"entry-content-asset videofit\"><iframe title=\"Empatec: Cortadora de discos con apilado en bandeja\" width=\"720\" height=\"540\" src=\"https:\/\/www.youtube.com\/embed\/0pij97j2sMQ?feature=oembed\" frameborder=\"0\" allow=\"accelerometer; autoplay; clipboard-write; encrypted-media; gyroscope; picture-in-picture; web-share\" allowfullscreen><\/iframe><\/div>","protected":false},"excerpt":{"rendered":"<p><strong>Technical Specifications:<\/strong><\/p>\n<p>It is manufactured with a compact design<br \/>\nIt is manufactured in stainless steel or painted sheet metal (according to customer\u2019s request)<br \/>\nIt is fitted with interchangeable heads for different cutting diameters, from 80 to 320mm (ask\nfor special diameters)<br \/>\nThe remaining film and dough separation system is completely automated<br \/>\nThe cut discs together with their respective separator will be neatly stacked, in programmable\nquantities over a collecting pan<br \/>\nIt works with rotating blades, individually cutting each disc with its respective separator<br \/>\nIt is fitted with safety systems both for the operator and the machine in case of emergency.<br \/>\nEvery material in contact with the food is allowed by international standards<\/p>","protected":false},"featured_media":11711,"template":"","meta":{"_kad_post_transparent":"default","_kad_post_title":"","_kad_post_layout":"default","_kad_post_sidebar_id":"","_kad_post_content_style":"default","_kad_post_vertical_padding":"default","_kad_post_feature":"","_kad_post_feature_position":"","_kad_post_header":false,"_kad_post_footer":false},"product_cat":[116],"product_tag":[],"class_list":{"0":"post-11710","1":"product","2":"type-product","3":"status-publish","4":"has-post-thumbnail","6":"product_cat-producto","8":"first","9":"instock","10":"shipping-taxable","11":"product-type-simple","12":"entry","13":"content-bg","14":"loop-entry"},"yoast_head":"<!-- This site is optimized with the Yoast SEO Premium plugin v19.2.1 (Yoast SEO v22.9) - https:\/\/yoast.com\/wordpress\/plugins\/seo\/ -->\n<title>Equipo cortador de discos CD1 - Empatec<\/title>\n<meta name=\"robots\" content=\"index, follow, max-snippet:-1, max-image-preview:large, max-video-preview:-1\" \/>\n<link rel=\"canonical\" href=\"https:\/\/empatec.com.ar\/en\/product\/equipo-cortador-de-discos-cd1\/\" \/>\n<meta property=\"og:locale\" content=\"en_US\" \/>\n<meta property=\"og:type\" content=\"article\" \/>\n<meta property=\"og:title\" content=\"Equipo cortador de discos CD1\" \/>\n<meta property=\"og:description\" content=\"Especificaciones T\u00e9cnicas:  Posee un dise\u00f1o compacto Est\u00e1 construido con acero inoxidable o chapa pintada (seg\u00fan el pedido del cliente) Posee cabezales intercambiables para diferentes di\u00e1metros de corte, desde 80 hasta 320mm (consultar di\u00e1metros especiales) El sistema de separaci\u00f3n de masa y el film sobrantes est\u00e1n completamente automatizado Los discos cortados con su correspondiente separador se apilan prolijamente y en cantidades programables sobre una bandeja colectora Trabaja con cuchillas rotativas, cortando individualmente cada disco con su respectivo separador Posee sistemas de seguridad para el operador y la m\u00e1quina en caso de emergencia Todos los materiales que est\u00e1n en contacto con los alimentos son permitidos por normas internacionales\" \/>\n<meta property=\"og:url\" content=\"https:\/\/empatec.com.ar\/en\/product\/equipo-cortador-de-discos-cd1\/\" \/>\n<meta property=\"og:site_name\" content=\"Empatec\" \/>\n<meta property=\"article:modified_time\" content=\"2023-08-15T20:01:18+00:00\" \/>\n<meta property=\"og:image\" content=\"https:\/\/empatec.com.ar\/wp-content\/uploads\/2022\/07\/Equipo-cortador-de-discos-CD1.png\" \/>\n\t<meta property=\"og:image:width\" content=\"800\" \/>\n\t<meta property=\"og:image:height\" content=\"584\" \/>\n\t<meta property=\"og:image:type\" content=\"image\/png\" \/>\n<meta name=\"twitter:card\" content=\"summary_large_image\" \/>\n<meta name=\"twitter:label1\" content=\"Est. reading time\" \/>\n\t<meta name=\"twitter:data1\" content=\"2 minutes\" \/>\n<script type=\"application\/ld+json\" class=\"yoast-schema-graph\">{\"@context\":\"https:\/\/schema.org\",\"@graph\":[{\"@type\":\"WebPage\",\"@id\":\"https:\/\/empatec.com.ar\/product\/equipo-cortador-de-discos-cd1\/\",\"url\":\"https:\/\/empatec.com.ar\/product\/equipo-cortador-de-discos-cd1\/\",\"name\":\"Equipo cortador de discos CD1 - Empatec\",\"isPartOf\":{\"@id\":\"https:\/\/empatec.com.ar\/#website\"},\"primaryImageOfPage\":{\"@id\":\"https:\/\/empatec.com.ar\/product\/equipo-cortador-de-discos-cd1\/#primaryimage\"},\"image\":{\"@id\":\"https:\/\/empatec.com.ar\/product\/equipo-cortador-de-discos-cd1\/#primaryimage\"},\"thumbnailUrl\":\"https:\/\/empatec.com.ar\/wp-content\/uploads\/2022\/07\/Equipo-cortador-de-discos-CD1.png\",\"datePublished\":\"2022-07-07T02:55:45+00:00\",\"dateModified\":\"2023-08-15T20:01:18+00:00\",\"breadcrumb\":{\"@id\":\"https:\/\/empatec.com.ar\/product\/equipo-cortador-de-discos-cd1\/#breadcrumb\"},\"inLanguage\":\"en-US\",\"potentialAction\":[{\"@type\":\"ReadAction\",\"target\":[\"https:\/\/empatec.com.ar\/product\/equipo-cortador-de-discos-cd1\/\"]}]},{\"@type\":\"ImageObject\",\"inLanguage\":\"en-US\",\"@id\":\"https:\/\/empatec.com.ar\/product\/equipo-cortador-de-discos-cd1\/#primaryimage\",\"url\":\"https:\/\/empatec.com.ar\/wp-content\/uploads\/2022\/07\/Equipo-cortador-de-discos-CD1.png\",\"contentUrl\":\"https:\/\/empatec.com.ar\/wp-content\/uploads\/2022\/07\/Equipo-cortador-de-discos-CD1.png\",\"width\":800,\"height\":584,\"caption\":\"Equipo cortador de discos CD1\"},{\"@type\":\"BreadcrumbList\",\"@id\":\"https:\/\/empatec.com.ar\/product\/equipo-cortador-de-discos-cd1\/#breadcrumb\",\"itemListElement\":[{\"@type\":\"ListItem\",\"position\":1,\"name\":\"Home\",\"item\":\"https:\/\/empatec.com.ar\/\"},{\"@type\":\"ListItem\",\"position\":2,\"name\":\"Productos\",\"item\":\"https:\/\/empatec.com.ar\/productos\/\"},{\"@type\":\"ListItem\",\"position\":3,\"name\":\"Equipo cortador de discos CD1\"}]},{\"@type\":\"WebSite\",\"@id\":\"https:\/\/empatec.com.ar\/#website\",\"url\":\"https:\/\/empatec.com.ar\/\",\"name\":\"Empatec\",\"description\":\"Maquinas para fabricar empanadas\",\"publisher\":{\"@id\":\"https:\/\/empatec.com.ar\/#organization\"},\"potentialAction\":[{\"@type\":\"SearchAction\",\"target\":{\"@type\":\"EntryPoint\",\"urlTemplate\":\"https:\/\/empatec.com.ar\/?s={search_term_string}\"},\"query-input\":\"required name=search_term_string\"}],\"inLanguage\":\"en-US\"},{\"@type\":\"Organization\",\"@id\":\"https:\/\/empatec.com.ar\/#organization\",\"name\":\"Empatec\",\"url\":\"https:\/\/empatec.com.ar\/\",\"logo\":{\"@type\":\"ImageObject\",\"inLanguage\":\"en-US\",\"@id\":\"https:\/\/empatec.com.ar\/#\/schema\/logo\/image\/\",\"url\":\"https:\/\/empatec.com.ar\/wp-content\/uploads\/2022\/07\/logo-empatec.png\",\"contentUrl\":\"https:\/\/empatec.com.ar\/wp-content\/uploads\/2022\/07\/logo-empatec.png\",\"width\":1045,\"height\":573,\"caption\":\"Empatec\"},\"image\":{\"@id\":\"https:\/\/empatec.com.ar\/#\/schema\/logo\/image\/\"}}]}<\/script>\n<!-- \/ Yoast SEO Premium plugin. -->","yoast_head_json":{"title":"Equipo cortador de discos CD1 - Empatec","robots":{"index":"index","follow":"follow","max-snippet":"max-snippet:-1","max-image-preview":"max-image-preview:large","max-video-preview":"max-video-preview:-1"},"canonical":"https:\/\/empatec.com.ar\/en\/product\/equipo-cortador-de-discos-cd1\/","og_locale":"en_US","og_type":"article","og_title":"Equipo cortador de discos CD1","og_description":"Especificaciones T\u00e9cnicas:  Posee un dise\u00f1o compacto Est\u00e1 construido con acero inoxidable o chapa pintada (seg\u00fan el pedido del cliente) Posee cabezales intercambiables para diferentes di\u00e1metros de corte, desde 80 hasta 320mm (consultar di\u00e1metros especiales) El sistema de separaci\u00f3n de masa y el film sobrantes est\u00e1n completamente automatizado Los discos cortados con su correspondiente separador se apilan prolijamente y en cantidades programables sobre una bandeja colectora Trabaja con cuchillas rotativas, cortando individualmente cada disco con su respectivo separador Posee sistemas de seguridad para el operador y la m\u00e1quina en caso de emergencia Todos los materiales que est\u00e1n en contacto con los alimentos son permitidos por normas internacionales","og_url":"https:\/\/empatec.com.ar\/en\/product\/equipo-cortador-de-discos-cd1\/","og_site_name":"Empatec","article_modified_time":"2023-08-15T20:01:18+00:00","og_image":[{"width":800,"height":584,"url":"https:\/\/empatec.com.ar\/wp-content\/uploads\/2022\/07\/Equipo-cortador-de-discos-CD1.png","type":"image\/png"}],"twitter_card":"summary_large_image","twitter_misc":{"Est. reading time":"2 minutes"},"schema":{"@context":"https:\/\/schema.org","@graph":[{"@type":"WebPage","@id":"https:\/\/empatec.com.ar\/product\/equipo-cortador-de-discos-cd1\/","url":"https:\/\/empatec.com.ar\/product\/equipo-cortador-de-discos-cd1\/","name":"Equipo cortador de discos CD1 - Empatec","isPartOf":{"@id":"https:\/\/empatec.com.ar\/#website"},"primaryImageOfPage":{"@id":"https:\/\/empatec.com.ar\/product\/equipo-cortador-de-discos-cd1\/#primaryimage"},"image":{"@id":"https:\/\/empatec.com.ar\/product\/equipo-cortador-de-discos-cd1\/#primaryimage"},"thumbnailUrl":"https:\/\/empatec.com.ar\/wp-content\/uploads\/2022\/07\/Equipo-cortador-de-discos-CD1.png","datePublished":"2022-07-07T02:55:45+00:00","dateModified":"2023-08-15T20:01:18+00:00","breadcrumb":{"@id":"https:\/\/empatec.com.ar\/product\/equipo-cortador-de-discos-cd1\/#breadcrumb"},"inLanguage":"en-US","potentialAction":[{"@type":"ReadAction","target":["https:\/\/empatec.com.ar\/product\/equipo-cortador-de-discos-cd1\/"]}]},{"@type":"ImageObject","inLanguage":"en-US","@id":"https:\/\/empatec.com.ar\/product\/equipo-cortador-de-discos-cd1\/#primaryimage","url":"https:\/\/empatec.com.ar\/wp-content\/uploads\/2022\/07\/Equipo-cortador-de-discos-CD1.png","contentUrl":"https:\/\/empatec.com.ar\/wp-content\/uploads\/2022\/07\/Equipo-cortador-de-discos-CD1.png","width":800,"height":584,"caption":"Equipo cortador de discos CD1"},{"@type":"BreadcrumbList","@id":"https:\/\/empatec.com.ar\/product\/equipo-cortador-de-discos-cd1\/#breadcrumb","itemListElement":[{"@type":"ListItem","position":1,"name":"Home","item":"https:\/\/empatec.com.ar\/"},{"@type":"ListItem","position":2,"name":"Productos","item":"https:\/\/empatec.com.ar\/productos\/"},{"@type":"ListItem","position":3,"name":"Equipo cortador de discos CD1"}]},{"@type":"WebSite","@id":"https:\/\/empatec.com.ar\/#website","url":"https:\/\/empatec.com.ar\/","name":"Empatec","description":"Maquinas para fabricar empanadas","publisher":{"@id":"https:\/\/empatec.com.ar\/#organization"},"potentialAction":[{"@type":"SearchAction","target":{"@type":"EntryPoint","urlTemplate":"https:\/\/empatec.com.ar\/?s={search_term_string}"},"query-input":"required name=search_term_string"}],"inLanguage":"en-US"},{"@type":"Organization","@id":"https:\/\/empatec.com.ar\/#organization","name":"Empatec","url":"https:\/\/empatec.com.ar\/","logo":{"@type":"ImageObject","inLanguage":"en-US","@id":"https:\/\/empatec.com.ar\/#\/schema\/logo\/image\/","url":"https:\/\/empatec.com.ar\/wp-content\/uploads\/2022\/07\/logo-empatec.png","contentUrl":"https:\/\/empatec.com.ar\/wp-content\/uploads\/2022\/07\/logo-empatec.png","width":1045,"height":573,"caption":"Empatec"},"image":{"@id":"https:\/\/empatec.com.ar\/#\/schema\/logo\/image\/"}}]}},"_links":{"self":[{"href":"https:\/\/empatec.com.ar\/en\/wp-json\/wp\/v2\/product\/11710","targetHints":{"allow":["GET"]}}],"collection":[{"href":"https:\/\/empatec.com.ar\/en\/wp-json\/wp\/v2\/product"}],"about":[{"href":"https:\/\/empatec.com.ar\/en\/wp-json\/wp\/v2\/types\/product"}],"version-history":[{"count":10,"href":"https:\/\/empatec.com.ar\/en\/wp-json\/wp\/v2\/product\/11710\/revisions"}],"predecessor-version":[{"id":12420,"href":"https:\/\/empatec.com.ar\/en\/wp-json\/wp\/v2\/product\/11710\/revisions\/12420"}],"wp:featuredmedia":[{"embeddable":true,"href":"https:\/\/empatec.com.ar\/en\/wp-json\/wp\/v2\/media\/11711"}],"wp:attachment":[{"href":"https:\/\/empatec.com.ar\/en\/wp-json\/wp\/v2\/media?parent=11710"}],"wp:term":[{"taxonomy":"product_cat","embeddable":true,"href":"https:\/\/empatec.com.ar\/en\/wp-json\/wp\/v2\/product_cat?post=11710"},{"taxonomy":"product_tag","embeddable":true,"href":"https:\/\/empatec.com.ar\/en\/wp-json\/wp\/v2\/product_tag?post=11710"}],"curies":[{"name":"wp","href":"https:\/\/api.w.org\/{rel}","templated":true}]}}