{"id":11718,"date":"2022-07-12T03:05:42","date_gmt":"2022-07-12T03:05:42","guid":{"rendered":"https:\/\/empatec.com.ar\/?post_type=product&#038;p=11718"},"modified":"2023-02-10T14:00:51","modified_gmt":"2023-02-10T14:00:51","slug":"maquina-de-empanadas-modelo-me","status":"publish","type":"product","link":"https:\/\/empatec.com.ar\/en\/product\/maquina-de-empanadas-modelo-me\/","title":{"rendered":"Empanada Machine ME Model"},"content":{"rendered":"<p>The empanada forming equipment ME Model, is an automated machine which complies with\ninternational standards, both regarding its design and its safety.<\/p>\n<p>The equipment works with a sheet of dough, which is inserted into the dough sheeter, and is then\ntransported by a conveyor belt where it will be filled by means of a dosing device, and\nsubsequently folded, stamped and cut by customized interchangeable molds, forming the desired\nproduct that will be manually removed to be stowed in their respective trays.<\/p>\n<p><strong>Safety:<\/strong><br \/>\nThe equipment is fitted with e-stops for operator and machine safety.<\/p>\n<p><a href=\"https:\/\/empatec.com.ar\/wp-content\/uploads\/2022\/08\/Folleto-ME.pdf\" target=\"_blank\" rel=\"noopener\">Download the brochure of the Empanada Machine Model ME<\/a><\/p>\n<p><img decoding=\"async\" class=\"alignnone wp-image-12172\" src=\"https:\/\/empatec.com.ar\/wp-content\/uploads\/2022\/07\/Folleto-ME-300x300.png\" alt=\"\" width=\"200\" height=\"200\" srcset=\"https:\/\/empatec.com.ar\/wp-content\/uploads\/2022\/07\/Folleto-ME-300x300.png 300w, https:\/\/empatec.com.ar\/wp-content\/uploads\/2022\/07\/Folleto-ME-1024x1024.png 1024w, https:\/\/empatec.com.ar\/wp-content\/uploads\/2022\/07\/Folleto-ME-150x150.png 150w, https:\/\/empatec.com.ar\/wp-content\/uploads\/2022\/07\/Folleto-ME-768x768.png 768w, https:\/\/empatec.com.ar\/wp-content\/uploads\/2022\/07\/Folleto-ME-12x12.png 12w, https:\/\/empatec.com.ar\/wp-content\/uploads\/2022\/07\/Folleto-ME-550x550.png 550w, https:\/\/empatec.com.ar\/wp-content\/uploads\/2022\/07\/Folleto-ME-100x100.png 100w, https:\/\/empatec.com.ar\/wp-content\/uploads\/2022\/07\/Folleto-ME.png 1166w\" sizes=\"(max-width: 200px) 100vw, 200px\" \/><\/p>\n<div class=\"entry-content-asset videofit\"><iframe title=\"Empatec: M\u00e1quina de Empanadas Modelo ME\" width=\"720\" height=\"405\" src=\"https:\/\/www.youtube.com\/embed\/B3NVIFhsct8?feature=oembed\" frameborder=\"0\" allow=\"accelerometer; autoplay; clipboard-write; encrypted-media; gyroscope; picture-in-picture; web-share\" allowfullscreen><\/iframe><\/div>\n<p><iframe title=\"Empanada Machine ME Model\" width=\"720\" height=\"405\" src=\"https:\/\/www.youtube.com\/embed\/pSYwxYP2XWk?feature=oembed\" frameborder=\"0\" allow=\"accelerometer; autoplay; clipboard-write; encrypted-media; gyroscope; picture-in-picture; web-share\" allowfullscreen><\/iframe><\/p>\n<p>&nbsp;<\/p>\n<p><iframe title=\"Empanada Machine ME Model\" width=\"720\" height=\"405\" src=\"https:\/\/www.youtube.com\/embed\/mFzhafzk098?feature=oembed\" frameborder=\"0\" allow=\"accelerometer; autoplay; clipboard-write; encrypted-media; gyroscope; picture-in-picture; web-share\" allowfullscreen><\/iframe><\/p>","protected":false},"excerpt":{"rendered":"<p><strong>The main characteristics are included bellow:<\/strong><\/p>\n<p>Designed to supply either medium- or high-sized production<br \/>\nControls through touchscreen and PLC (Programmable Logic Controller)<br \/>\nFilling dosing system<br \/>\nWorks with a sheet of dough, doesn\u2019t need cut disc feeding<br \/>\nInterchangeable molds in different sizes and shapes<br \/>\nSingle-phase, low power consumption<br \/>\nApproximate production of 2000 units per hour, depending on product size<br \/>\nIt is fitted with recipes customized to mold size, therefore avoiding the time-consuming\nregulation they require.<\/p>","protected":false},"featured_media":11656,"template":"","meta":{"_kad_post_transparent":"default","_kad_post_title":"","_kad_post_layout":"default","_kad_post_sidebar_id":"","_kad_post_content_style":"default","_kad_post_vertical_padding":"default","_kad_post_feature":"","_kad_post_feature_position":"","_kad_post_header":false,"_kad_post_footer":false},"product_cat":[116],"product_tag":[],"class_list":{"0":"post-11718","1":"product","2":"type-product","3":"status-publish","4":"has-post-thumbnail","6":"product_cat-producto","8":"first","9":"instock","10":"featured","11":"shipping-taxable","12":"product-type-simple","13":"entry","14":"content-bg","15":"loop-entry"},"yoast_head":"<!-- This site is optimized with the Yoast SEO Premium plugin v19.2.1 (Yoast SEO v22.9) - https:\/\/yoast.com\/wordpress\/plugins\/seo\/ -->\n<title>Maquina de empanadas modelo ME - Empatec<\/title>\n<meta name=\"robots\" content=\"index, follow, max-snippet:-1, max-image-preview:large, max-video-preview:-1\" \/>\n<link rel=\"canonical\" href=\"https:\/\/empatec.com.ar\/en\/product\/maquina-de-empanadas-modelo-me\/\" \/>\n<meta property=\"og:locale\" content=\"en_US\" \/>\n<meta property=\"og:type\" content=\"article\" \/>\n<meta property=\"og:title\" content=\"Maquina de empanadas modelo ME\" \/>\n<meta property=\"og:description\" content=\"Sus caracter\u00edsticas principales son las siguientes:  Dise\u00f1ada para abastecer ya sea medianas o altas producciones Comandos v\u00eda pantalla touch y PLC (Controlador L\u00f3gico Programable) Sistema de dosificaci\u00f3n de relleno Funciona con una l\u00e1mina de masa sin necesidad de abastecerla con discos cortados Moldes intercambiables de diferentes tama\u00f1os y formas Monof\u00e1sica, bajo consumo Producci\u00f3n aproximada de 2000 empanadas por hora dependiendo del tama\u00f1o del producto Cuenta con recetas personalizadas por medidas de moldes evitando con ellas p\u00e9rdidas de tiempos en regulaciones de las mismas\" \/>\n<meta property=\"og:url\" content=\"https:\/\/empatec.com.ar\/en\/product\/maquina-de-empanadas-modelo-me\/\" \/>\n<meta property=\"og:site_name\" content=\"Empatec\" \/>\n<meta property=\"article:modified_time\" content=\"2023-02-10T14:00:51+00:00\" \/>\n<meta property=\"og:image\" content=\"https:\/\/empatec.com.ar\/wp-content\/uploads\/2022\/07\/prueba4.png\" \/>\n\t<meta property=\"og:image:width\" content=\"800\" \/>\n\t<meta property=\"og:image:height\" content=\"770\" \/>\n\t<meta property=\"og:image:type\" content=\"image\/png\" \/>\n<meta name=\"twitter:card\" content=\"summary_large_image\" \/>\n<meta name=\"twitter:label1\" content=\"Est. reading time\" \/>\n\t<meta name=\"twitter:data1\" content=\"1 minute\" \/>\n<script type=\"application\/ld+json\" class=\"yoast-schema-graph\">{\"@context\":\"https:\/\/schema.org\",\"@graph\":[{\"@type\":\"WebPage\",\"@id\":\"https:\/\/empatec.com.ar\/product\/maquina-de-empanadas-modelo-me\/\",\"url\":\"https:\/\/empatec.com.ar\/product\/maquina-de-empanadas-modelo-me\/\",\"name\":\"Maquina de empanadas modelo ME - Empatec\",\"isPartOf\":{\"@id\":\"https:\/\/empatec.com.ar\/#website\"},\"primaryImageOfPage\":{\"@id\":\"https:\/\/empatec.com.ar\/product\/maquina-de-empanadas-modelo-me\/#primaryimage\"},\"image\":{\"@id\":\"https:\/\/empatec.com.ar\/product\/maquina-de-empanadas-modelo-me\/#primaryimage\"},\"thumbnailUrl\":\"https:\/\/empatec.com.ar\/wp-content\/uploads\/2022\/07\/prueba4.png\",\"datePublished\":\"2022-07-12T03:05:42+00:00\",\"dateModified\":\"2023-02-10T14:00:51+00:00\",\"breadcrumb\":{\"@id\":\"https:\/\/empatec.com.ar\/product\/maquina-de-empanadas-modelo-me\/#breadcrumb\"},\"inLanguage\":\"en-US\",\"potentialAction\":[{\"@type\":\"ReadAction\",\"target\":[\"https:\/\/empatec.com.ar\/product\/maquina-de-empanadas-modelo-me\/\"]}]},{\"@type\":\"ImageObject\",\"inLanguage\":\"en-US\",\"@id\":\"https:\/\/empatec.com.ar\/product\/maquina-de-empanadas-modelo-me\/#primaryimage\",\"url\":\"https:\/\/empatec.com.ar\/wp-content\/uploads\/2022\/07\/prueba4.png\",\"contentUrl\":\"https:\/\/empatec.com.ar\/wp-content\/uploads\/2022\/07\/prueba4.png\",\"width\":800,\"height\":770,\"caption\":\"Maquina de fabricaci\u00f3n de empanadas modelo ME Empatec\"},{\"@type\":\"BreadcrumbList\",\"@id\":\"https:\/\/empatec.com.ar\/product\/maquina-de-empanadas-modelo-me\/#breadcrumb\",\"itemListElement\":[{\"@type\":\"ListItem\",\"position\":1,\"name\":\"Home\",\"item\":\"https:\/\/empatec.com.ar\/\"},{\"@type\":\"ListItem\",\"position\":2,\"name\":\"Productos\",\"item\":\"https:\/\/empatec.com.ar\/productos\/\"},{\"@type\":\"ListItem\",\"position\":3,\"name\":\"Maquina de empanadas modelo ME\"}]},{\"@type\":\"WebSite\",\"@id\":\"https:\/\/empatec.com.ar\/#website\",\"url\":\"https:\/\/empatec.com.ar\/\",\"name\":\"Empatec\",\"description\":\"Maquinas para fabricar empanadas\",\"publisher\":{\"@id\":\"https:\/\/empatec.com.ar\/#organization\"},\"potentialAction\":[{\"@type\":\"SearchAction\",\"target\":{\"@type\":\"EntryPoint\",\"urlTemplate\":\"https:\/\/empatec.com.ar\/?s={search_term_string}\"},\"query-input\":\"required name=search_term_string\"}],\"inLanguage\":\"en-US\"},{\"@type\":\"Organization\",\"@id\":\"https:\/\/empatec.com.ar\/#organization\",\"name\":\"Empatec\",\"url\":\"https:\/\/empatec.com.ar\/\",\"logo\":{\"@type\":\"ImageObject\",\"inLanguage\":\"en-US\",\"@id\":\"https:\/\/empatec.com.ar\/#\/schema\/logo\/image\/\",\"url\":\"https:\/\/empatec.com.ar\/wp-content\/uploads\/2022\/07\/logo-empatec.png\",\"contentUrl\":\"https:\/\/empatec.com.ar\/wp-content\/uploads\/2022\/07\/logo-empatec.png\",\"width\":1045,\"height\":573,\"caption\":\"Empatec\"},\"image\":{\"@id\":\"https:\/\/empatec.com.ar\/#\/schema\/logo\/image\/\"}}]}<\/script>\n<!-- \/ Yoast SEO Premium plugin. -->","yoast_head_json":{"title":"Maquina de empanadas modelo ME - Empatec","robots":{"index":"index","follow":"follow","max-snippet":"max-snippet:-1","max-image-preview":"max-image-preview:large","max-video-preview":"max-video-preview:-1"},"canonical":"https:\/\/empatec.com.ar\/en\/product\/maquina-de-empanadas-modelo-me\/","og_locale":"en_US","og_type":"article","og_title":"Maquina de empanadas modelo ME","og_description":"Sus caracter\u00edsticas principales son las siguientes:  Dise\u00f1ada para abastecer ya sea medianas o altas producciones Comandos v\u00eda pantalla touch y PLC (Controlador L\u00f3gico Programable) Sistema de dosificaci\u00f3n de relleno Funciona con una l\u00e1mina de masa sin necesidad de abastecerla con discos cortados Moldes intercambiables de diferentes tama\u00f1os y formas Monof\u00e1sica, bajo consumo Producci\u00f3n aproximada de 2000 empanadas por hora dependiendo del tama\u00f1o del producto Cuenta con recetas personalizadas por medidas de moldes evitando con ellas p\u00e9rdidas de tiempos en regulaciones de las mismas","og_url":"https:\/\/empatec.com.ar\/en\/product\/maquina-de-empanadas-modelo-me\/","og_site_name":"Empatec","article_modified_time":"2023-02-10T14:00:51+00:00","og_image":[{"width":800,"height":770,"url":"https:\/\/empatec.com.ar\/wp-content\/uploads\/2022\/07\/prueba4.png","type":"image\/png"}],"twitter_card":"summary_large_image","twitter_misc":{"Est. reading time":"1 minute"},"schema":{"@context":"https:\/\/schema.org","@graph":[{"@type":"WebPage","@id":"https:\/\/empatec.com.ar\/product\/maquina-de-empanadas-modelo-me\/","url":"https:\/\/empatec.com.ar\/product\/maquina-de-empanadas-modelo-me\/","name":"Maquina de empanadas modelo ME - Empatec","isPartOf":{"@id":"https:\/\/empatec.com.ar\/#website"},"primaryImageOfPage":{"@id":"https:\/\/empatec.com.ar\/product\/maquina-de-empanadas-modelo-me\/#primaryimage"},"image":{"@id":"https:\/\/empatec.com.ar\/product\/maquina-de-empanadas-modelo-me\/#primaryimage"},"thumbnailUrl":"https:\/\/empatec.com.ar\/wp-content\/uploads\/2022\/07\/prueba4.png","datePublished":"2022-07-12T03:05:42+00:00","dateModified":"2023-02-10T14:00:51+00:00","breadcrumb":{"@id":"https:\/\/empatec.com.ar\/product\/maquina-de-empanadas-modelo-me\/#breadcrumb"},"inLanguage":"en-US","potentialAction":[{"@type":"ReadAction","target":["https:\/\/empatec.com.ar\/product\/maquina-de-empanadas-modelo-me\/"]}]},{"@type":"ImageObject","inLanguage":"en-US","@id":"https:\/\/empatec.com.ar\/product\/maquina-de-empanadas-modelo-me\/#primaryimage","url":"https:\/\/empatec.com.ar\/wp-content\/uploads\/2022\/07\/prueba4.png","contentUrl":"https:\/\/empatec.com.ar\/wp-content\/uploads\/2022\/07\/prueba4.png","width":800,"height":770,"caption":"Maquina de fabricaci\u00f3n de empanadas modelo ME Empatec"},{"@type":"BreadcrumbList","@id":"https:\/\/empatec.com.ar\/product\/maquina-de-empanadas-modelo-me\/#breadcrumb","itemListElement":[{"@type":"ListItem","position":1,"name":"Home","item":"https:\/\/empatec.com.ar\/"},{"@type":"ListItem","position":2,"name":"Productos","item":"https:\/\/empatec.com.ar\/productos\/"},{"@type":"ListItem","position":3,"name":"Maquina de empanadas modelo ME"}]},{"@type":"WebSite","@id":"https:\/\/empatec.com.ar\/#website","url":"https:\/\/empatec.com.ar\/","name":"Empatec","description":"Maquinas para fabricar empanadas","publisher":{"@id":"https:\/\/empatec.com.ar\/#organization"},"potentialAction":[{"@type":"SearchAction","target":{"@type":"EntryPoint","urlTemplate":"https:\/\/empatec.com.ar\/?s={search_term_string}"},"query-input":"required name=search_term_string"}],"inLanguage":"en-US"},{"@type":"Organization","@id":"https:\/\/empatec.com.ar\/#organization","name":"Empatec","url":"https:\/\/empatec.com.ar\/","logo":{"@type":"ImageObject","inLanguage":"en-US","@id":"https:\/\/empatec.com.ar\/#\/schema\/logo\/image\/","url":"https:\/\/empatec.com.ar\/wp-content\/uploads\/2022\/07\/logo-empatec.png","contentUrl":"https:\/\/empatec.com.ar\/wp-content\/uploads\/2022\/07\/logo-empatec.png","width":1045,"height":573,"caption":"Empatec"},"image":{"@id":"https:\/\/empatec.com.ar\/#\/schema\/logo\/image\/"}}]}},"_links":{"self":[{"href":"https:\/\/empatec.com.ar\/en\/wp-json\/wp\/v2\/product\/11718","targetHints":{"allow":["GET"]}}],"collection":[{"href":"https:\/\/empatec.com.ar\/en\/wp-json\/wp\/v2\/product"}],"about":[{"href":"https:\/\/empatec.com.ar\/en\/wp-json\/wp\/v2\/types\/product"}],"version-history":[{"count":10,"href":"https:\/\/empatec.com.ar\/en\/wp-json\/wp\/v2\/product\/11718\/revisions"}],"predecessor-version":[{"id":12359,"href":"https:\/\/empatec.com.ar\/en\/wp-json\/wp\/v2\/product\/11718\/revisions\/12359"}],"wp:featuredmedia":[{"embeddable":true,"href":"https:\/\/empatec.com.ar\/en\/wp-json\/wp\/v2\/media\/11656"}],"wp:attachment":[{"href":"https:\/\/empatec.com.ar\/en\/wp-json\/wp\/v2\/media?parent=11718"}],"wp:term":[{"taxonomy":"product_cat","embeddable":true,"href":"https:\/\/empatec.com.ar\/en\/wp-json\/wp\/v2\/product_cat?post=11718"},{"taxonomy":"product_tag","embeddable":true,"href":"https:\/\/empatec.com.ar\/en\/wp-json\/wp\/v2\/product_tag?post=11718"}],"curies":[{"name":"wp","href":"https:\/\/api.w.org\/{rel}","templated":true}]}}