{"id":12024,"date":"2022-07-14T18:28:35","date_gmt":"2022-07-14T18:28:35","guid":{"rendered":"https:\/\/empatec.com.ar\/?post_type=product&#038;p=12024"},"modified":"2023-08-15T19:25:51","modified_gmt":"2023-08-15T19:25:51","slug":"equipo-cortador-de-discos-modelo-cd2","status":"publish","type":"product","link":"https:\/\/empatec.com.ar\/en\/product\/equipo-cortador-de-discos-modelo-cd2\/","title":{"rendered":"Disc cutting equipment CD2 Model"},"content":{"rendered":"<p><strong>Technical Specifications:<\/strong><\/p>\n<ul>\n<li>It is manufactured with a compact design<\/li>\n<li>-It is manufactured in stainless steel or painted sheet metal (according to customer\u2019s request)\ndriven by seven geared motors and three pneumatic cylinders<\/li>\n<li>It is fitted with interchangeable heads for different cutting diameters, from 80 to 320mm (ask\nfor special diameters)<\/li>\n<li>The remaining film and dough separation system is completely automated<\/li>\n<li>The cut discs together with their respective separator will be neatly stacked, in programmable\nquantities over a collecting pan<\/li>\n<li>It works with rotating blades, individually cutting each disc with its respective separator<\/li>\n<li>It is fitted with safety systems both for the operator and the machine in case of emergency.<\/li>\n<li>Every material in contact with the food is allowed by international standards<\/li>\n<\/ul>\n<p>The company reserves the right to make changes without prior notice<\/p>\n<p><a href=\"https:\/\/empatec.com.ar\/wp-content\/uploads\/2022\/08\/Folleto-CD2.pdf\" target=\"_blank\" rel=\"noopener\">Download the follero computer cutter disk Model CD2<\/a><\/p>\n<p><img decoding=\"async\" class=\"alignnone wp-image-12163\" src=\"https:\/\/empatec.com.ar\/wp-content\/uploads\/2022\/07\/Folleto-CD2-300x300.png\" alt=\"\" width=\"200\" height=\"200\" srcset=\"https:\/\/empatec.com.ar\/wp-content\/uploads\/2022\/07\/Folleto-CD2-300x300.png 300w, https:\/\/empatec.com.ar\/wp-content\/uploads\/2022\/07\/Folleto-CD2-1024x1024.png 1024w, https:\/\/empatec.com.ar\/wp-content\/uploads\/2022\/07\/Folleto-CD2-150x150.png 150w, https:\/\/empatec.com.ar\/wp-content\/uploads\/2022\/07\/Folleto-CD2-768x768.png 768w, https:\/\/empatec.com.ar\/wp-content\/uploads\/2022\/07\/Folleto-CD2-12x12.png 12w, https:\/\/empatec.com.ar\/wp-content\/uploads\/2022\/07\/Folleto-CD2-550x550.png 550w, https:\/\/empatec.com.ar\/wp-content\/uploads\/2022\/07\/Folleto-CD2-100x100.png 100w, https:\/\/empatec.com.ar\/wp-content\/uploads\/2022\/07\/Folleto-CD2.png 1166w\" sizes=\"(max-width: 200px) 100vw, 200px\" \/><\/p>\n<div class=\"entry-content-asset videofit\"><iframe title=\"Empatec: Cortadora de discos modelo CD2\" width=\"720\" height=\"540\" src=\"https:\/\/www.youtube.com\/embed\/2E8GTP6gKeM?feature=oembed\" frameborder=\"0\" allow=\"accelerometer; autoplay; clipboard-write; encrypted-media; gyroscope; picture-in-picture; web-share\" allowfullscreen><\/iframe><\/div>","protected":false},"excerpt":{"rendered":"<p>The model CD2 is a machine designed for cutting discs empanadas automated with PLC (Programmable Logic Controller) and touch screen , it works through a sheet of mass of 600 mm of width that is inserted into the laminator, has a system for sensing mass to prevent the stretching of the same, the mass is coupled with a film layer in which both will be cut down by the head, stacking it automatically by means of an ejector disks deposited on a conveyor belt, returning it to its subsequent packaging.<\/p>","protected":false},"featured_media":12025,"template":"","meta":{"_kad_post_transparent":"default","_kad_post_title":"","_kad_post_layout":"default","_kad_post_sidebar_id":"","_kad_post_content_style":"default","_kad_post_vertical_padding":"default","_kad_post_feature":"","_kad_post_feature_position":"","_kad_post_header":false,"_kad_post_footer":false},"product_cat":[116],"product_tag":[],"class_list":{"0":"post-12024","1":"product","2":"type-product","3":"status-publish","4":"has-post-thumbnail","6":"product_cat-producto","8":"first","9":"instock","10":"shipping-taxable","11":"product-type-simple","12":"entry","13":"content-bg","14":"loop-entry"},"yoast_head":"<!-- This site is optimized with the Yoast SEO Premium plugin v19.2.1 (Yoast SEO v22.9) - https:\/\/yoast.com\/wordpress\/plugins\/seo\/ -->\n<title>Equipo cortador de discos Modelo CD2 - Empatec<\/title>\n<meta name=\"robots\" content=\"index, follow, max-snippet:-1, max-image-preview:large, max-video-preview:-1\" \/>\n<link rel=\"canonical\" href=\"https:\/\/empatec.com.ar\/en\/product\/equipo-cortador-de-discos-modelo-cd2\/\" \/>\n<meta property=\"og:locale\" content=\"en_US\" \/>\n<meta property=\"og:type\" content=\"article\" \/>\n<meta property=\"og:title\" content=\"Equipo cortador de discos Modelo CD2\" \/>\n<meta property=\"og:description\" content=\"El modelo CD2 es un equipo dise\u00f1ado para el corte de discos de empanadas automatizado con PLC (Controlador L\u00f3gico Programable) y pantalla touch , funciona mediante una l\u00e1mina de masa de 600 mm de ancho que se introduce en el laminador, posee un sistema de sensado de masa para evitar el estiramiento de la misma, la masa se acopla con un film separador en el cual ambos ser\u00e1n cortados por el cabezal, apil\u00e1ndolo autom\u00e1ticamente por medio de un expulsor de discos que los deposita en una cinta transportadora, entreg\u00e1ndolo para su posterior envasado.\" \/>\n<meta property=\"og:url\" content=\"https:\/\/empatec.com.ar\/en\/product\/equipo-cortador-de-discos-modelo-cd2\/\" \/>\n<meta property=\"og:site_name\" content=\"Empatec\" \/>\n<meta property=\"article:modified_time\" content=\"2023-08-15T19:25:51+00:00\" \/>\n<meta property=\"og:image\" content=\"https:\/\/empatec.com.ar\/wp-content\/uploads\/2022\/07\/CD2.png\" \/>\n\t<meta property=\"og:image:width\" content=\"800\" \/>\n\t<meta property=\"og:image:height\" content=\"533\" \/>\n\t<meta property=\"og:image:type\" content=\"image\/png\" \/>\n<meta name=\"twitter:card\" content=\"summary_large_image\" \/>\n<meta name=\"twitter:label1\" content=\"Est. reading time\" \/>\n\t<meta name=\"twitter:data1\" content=\"1 minute\" \/>\n<script type=\"application\/ld+json\" class=\"yoast-schema-graph\">{\"@context\":\"https:\/\/schema.org\",\"@graph\":[{\"@type\":\"WebPage\",\"@id\":\"https:\/\/empatec.com.ar\/product\/equipo-cortador-de-discos-modelo-cd2\/\",\"url\":\"https:\/\/empatec.com.ar\/product\/equipo-cortador-de-discos-modelo-cd2\/\",\"name\":\"Equipo cortador de discos Modelo CD2 - Empatec\",\"isPartOf\":{\"@id\":\"https:\/\/empatec.com.ar\/#website\"},\"primaryImageOfPage\":{\"@id\":\"https:\/\/empatec.com.ar\/product\/equipo-cortador-de-discos-modelo-cd2\/#primaryimage\"},\"image\":{\"@id\":\"https:\/\/empatec.com.ar\/product\/equipo-cortador-de-discos-modelo-cd2\/#primaryimage\"},\"thumbnailUrl\":\"https:\/\/empatec.com.ar\/wp-content\/uploads\/2022\/07\/CD2.png\",\"datePublished\":\"2022-07-14T18:28:35+00:00\",\"dateModified\":\"2023-08-15T19:25:51+00:00\",\"breadcrumb\":{\"@id\":\"https:\/\/empatec.com.ar\/product\/equipo-cortador-de-discos-modelo-cd2\/#breadcrumb\"},\"inLanguage\":\"en-US\",\"potentialAction\":[{\"@type\":\"ReadAction\",\"target\":[\"https:\/\/empatec.com.ar\/product\/equipo-cortador-de-discos-modelo-cd2\/\"]}]},{\"@type\":\"ImageObject\",\"inLanguage\":\"en-US\",\"@id\":\"https:\/\/empatec.com.ar\/product\/equipo-cortador-de-discos-modelo-cd2\/#primaryimage\",\"url\":\"https:\/\/empatec.com.ar\/wp-content\/uploads\/2022\/07\/CD2.png\",\"contentUrl\":\"https:\/\/empatec.com.ar\/wp-content\/uploads\/2022\/07\/CD2.png\",\"width\":800,\"height\":533,\"caption\":\"Equipo cortador de discos de empanadas Modelo CD2 Empatec\"},{\"@type\":\"BreadcrumbList\",\"@id\":\"https:\/\/empatec.com.ar\/product\/equipo-cortador-de-discos-modelo-cd2\/#breadcrumb\",\"itemListElement\":[{\"@type\":\"ListItem\",\"position\":1,\"name\":\"Home\",\"item\":\"https:\/\/empatec.com.ar\/\"},{\"@type\":\"ListItem\",\"position\":2,\"name\":\"Productos\",\"item\":\"https:\/\/empatec.com.ar\/productos\/\"},{\"@type\":\"ListItem\",\"position\":3,\"name\":\"Equipo cortador de discos Modelo CD2\"}]},{\"@type\":\"WebSite\",\"@id\":\"https:\/\/empatec.com.ar\/#website\",\"url\":\"https:\/\/empatec.com.ar\/\",\"name\":\"Empatec\",\"description\":\"Maquinas para fabricar empanadas\",\"publisher\":{\"@id\":\"https:\/\/empatec.com.ar\/#organization\"},\"potentialAction\":[{\"@type\":\"SearchAction\",\"target\":{\"@type\":\"EntryPoint\",\"urlTemplate\":\"https:\/\/empatec.com.ar\/?s={search_term_string}\"},\"query-input\":\"required name=search_term_string\"}],\"inLanguage\":\"en-US\"},{\"@type\":\"Organization\",\"@id\":\"https:\/\/empatec.com.ar\/#organization\",\"name\":\"Empatec\",\"url\":\"https:\/\/empatec.com.ar\/\",\"logo\":{\"@type\":\"ImageObject\",\"inLanguage\":\"en-US\",\"@id\":\"https:\/\/empatec.com.ar\/#\/schema\/logo\/image\/\",\"url\":\"https:\/\/empatec.com.ar\/wp-content\/uploads\/2022\/07\/logo-empatec.png\",\"contentUrl\":\"https:\/\/empatec.com.ar\/wp-content\/uploads\/2022\/07\/logo-empatec.png\",\"width\":1045,\"height\":573,\"caption\":\"Empatec\"},\"image\":{\"@id\":\"https:\/\/empatec.com.ar\/#\/schema\/logo\/image\/\"}}]}<\/script>\n<!-- \/ Yoast SEO Premium plugin. -->","yoast_head_json":{"title":"Equipo cortador de discos Modelo CD2 - Empatec","robots":{"index":"index","follow":"follow","max-snippet":"max-snippet:-1","max-image-preview":"max-image-preview:large","max-video-preview":"max-video-preview:-1"},"canonical":"https:\/\/empatec.com.ar\/en\/product\/equipo-cortador-de-discos-modelo-cd2\/","og_locale":"en_US","og_type":"article","og_title":"Equipo cortador de discos Modelo CD2","og_description":"El modelo CD2 es un equipo dise\u00f1ado para el corte de discos de empanadas automatizado con PLC (Controlador L\u00f3gico Programable) y pantalla touch , funciona mediante una l\u00e1mina de masa de 600 mm de ancho que se introduce en el laminador, posee un sistema de sensado de masa para evitar el estiramiento de la misma, la masa se acopla con un film separador en el cual ambos ser\u00e1n cortados por el cabezal, apil\u00e1ndolo autom\u00e1ticamente por medio de un expulsor de discos que los deposita en una cinta transportadora, entreg\u00e1ndolo para su posterior envasado.","og_url":"https:\/\/empatec.com.ar\/en\/product\/equipo-cortador-de-discos-modelo-cd2\/","og_site_name":"Empatec","article_modified_time":"2023-08-15T19:25:51+00:00","og_image":[{"width":800,"height":533,"url":"https:\/\/empatec.com.ar\/wp-content\/uploads\/2022\/07\/CD2.png","type":"image\/png"}],"twitter_card":"summary_large_image","twitter_misc":{"Est. reading time":"1 minute"},"schema":{"@context":"https:\/\/schema.org","@graph":[{"@type":"WebPage","@id":"https:\/\/empatec.com.ar\/product\/equipo-cortador-de-discos-modelo-cd2\/","url":"https:\/\/empatec.com.ar\/product\/equipo-cortador-de-discos-modelo-cd2\/","name":"Equipo cortador de discos Modelo CD2 - Empatec","isPartOf":{"@id":"https:\/\/empatec.com.ar\/#website"},"primaryImageOfPage":{"@id":"https:\/\/empatec.com.ar\/product\/equipo-cortador-de-discos-modelo-cd2\/#primaryimage"},"image":{"@id":"https:\/\/empatec.com.ar\/product\/equipo-cortador-de-discos-modelo-cd2\/#primaryimage"},"thumbnailUrl":"https:\/\/empatec.com.ar\/wp-content\/uploads\/2022\/07\/CD2.png","datePublished":"2022-07-14T18:28:35+00:00","dateModified":"2023-08-15T19:25:51+00:00","breadcrumb":{"@id":"https:\/\/empatec.com.ar\/product\/equipo-cortador-de-discos-modelo-cd2\/#breadcrumb"},"inLanguage":"en-US","potentialAction":[{"@type":"ReadAction","target":["https:\/\/empatec.com.ar\/product\/equipo-cortador-de-discos-modelo-cd2\/"]}]},{"@type":"ImageObject","inLanguage":"en-US","@id":"https:\/\/empatec.com.ar\/product\/equipo-cortador-de-discos-modelo-cd2\/#primaryimage","url":"https:\/\/empatec.com.ar\/wp-content\/uploads\/2022\/07\/CD2.png","contentUrl":"https:\/\/empatec.com.ar\/wp-content\/uploads\/2022\/07\/CD2.png","width":800,"height":533,"caption":"Equipo cortador de discos de empanadas Modelo CD2 Empatec"},{"@type":"BreadcrumbList","@id":"https:\/\/empatec.com.ar\/product\/equipo-cortador-de-discos-modelo-cd2\/#breadcrumb","itemListElement":[{"@type":"ListItem","position":1,"name":"Home","item":"https:\/\/empatec.com.ar\/"},{"@type":"ListItem","position":2,"name":"Productos","item":"https:\/\/empatec.com.ar\/productos\/"},{"@type":"ListItem","position":3,"name":"Equipo cortador de discos Modelo CD2"}]},{"@type":"WebSite","@id":"https:\/\/empatec.com.ar\/#website","url":"https:\/\/empatec.com.ar\/","name":"Empatec","description":"Maquinas para fabricar empanadas","publisher":{"@id":"https:\/\/empatec.com.ar\/#organization"},"potentialAction":[{"@type":"SearchAction","target":{"@type":"EntryPoint","urlTemplate":"https:\/\/empatec.com.ar\/?s={search_term_string}"},"query-input":"required name=search_term_string"}],"inLanguage":"en-US"},{"@type":"Organization","@id":"https:\/\/empatec.com.ar\/#organization","name":"Empatec","url":"https:\/\/empatec.com.ar\/","logo":{"@type":"ImageObject","inLanguage":"en-US","@id":"https:\/\/empatec.com.ar\/#\/schema\/logo\/image\/","url":"https:\/\/empatec.com.ar\/wp-content\/uploads\/2022\/07\/logo-empatec.png","contentUrl":"https:\/\/empatec.com.ar\/wp-content\/uploads\/2022\/07\/logo-empatec.png","width":1045,"height":573,"caption":"Empatec"},"image":{"@id":"https:\/\/empatec.com.ar\/#\/schema\/logo\/image\/"}}]}},"_links":{"self":[{"href":"https:\/\/empatec.com.ar\/en\/wp-json\/wp\/v2\/product\/12024","targetHints":{"allow":["GET"]}}],"collection":[{"href":"https:\/\/empatec.com.ar\/en\/wp-json\/wp\/v2\/product"}],"about":[{"href":"https:\/\/empatec.com.ar\/en\/wp-json\/wp\/v2\/types\/product"}],"version-history":[{"count":7,"href":"https:\/\/empatec.com.ar\/en\/wp-json\/wp\/v2\/product\/12024\/revisions"}],"predecessor-version":[{"id":12402,"href":"https:\/\/empatec.com.ar\/en\/wp-json\/wp\/v2\/product\/12024\/revisions\/12402"}],"wp:featuredmedia":[{"embeddable":true,"href":"https:\/\/empatec.com.ar\/en\/wp-json\/wp\/v2\/media\/12025"}],"wp:attachment":[{"href":"https:\/\/empatec.com.ar\/en\/wp-json\/wp\/v2\/media?parent=12024"}],"wp:term":[{"taxonomy":"product_cat","embeddable":true,"href":"https:\/\/empatec.com.ar\/en\/wp-json\/wp\/v2\/product_cat?post=12024"},{"taxonomy":"product_tag","embeddable":true,"href":"https:\/\/empatec.com.ar\/en\/wp-json\/wp\/v2\/product_tag?post=12024"}],"curies":[{"name":"wp","href":"https:\/\/api.w.org\/{rel}","templated":true}]}}