{"id":12031,"date":"2022-07-14T19:37:19","date_gmt":"2022-07-14T19:37:19","guid":{"rendered":"https:\/\/empatec.com.ar\/?post_type=product&#038;p=12031"},"modified":"2023-08-15T19:30:10","modified_gmt":"2023-08-15T19:30:10","slug":"formadora-de-laminas-fl200","status":"publish","type":"product","link":"https:\/\/empatec.com.ar\/en\/product\/formadora-de-laminas-fl200\/","title":{"rendered":"Forming Sheets FL200"},"content":{"rendered":"<p><b>Main<\/b><strong>:<\/strong><\/p>\n<ul>\n<li>Fitted with two pairs of 140mm-diameter cylinders.<\/li>\n<li>The two pairs of cylinders were manufactured through the blasting mate process according to\nhygiene standards.<\/li>\n<li>Produces a sheet of dough with two perfectly smooth areas and with the same tension.<\/li>\n<li>The machine is fitted with a hopper where fresh dough or dough cuttings are discharged.<\/li>\n<li>Control panel with manual and automatic features controlled by PLC.<\/li>\n<li>Safety system both for the operator and the machine.<\/li>\n<li>Three-phase equipment.<\/li>\n<\/ul>\n<p><b>Production<\/b><strong>:<\/strong> 800 kg\/Hour.<br \/>\nDimensions: Height 1500 mm<br \/>\nWidth: 900 mm<br \/>\nLength: 1,900 mm<br \/>\nWeight: 450 kg<\/p>\n<p>Conveyor belt \u2013 Motor 0.25 HP<br \/>\nBlade-Cut \u2013 Motor 0,12 HP<br \/>\n4 Rollers, 2 Motors, 3 HP C\/U<\/p>\n<p><strong>The company reserves the right to make changes without prior notice<br \/>\n<\/strong><a href=\"https:\/\/empatec.com.ar\/wp-content\/uploads\/2022\/08\/Folleto-FL200.pdf\" target=\"_blank\" rel=\"noopener\">Download brochure-Forming Sheets FL200<\/a><\/p>\n<p><img decoding=\"async\" class=\"alignnone wp-image-12166\" src=\"https:\/\/empatec.com.ar\/wp-content\/uploads\/2022\/07\/Folleto-FL200-300x300.png\" alt=\"\" width=\"200\" height=\"200\" srcset=\"https:\/\/empatec.com.ar\/wp-content\/uploads\/2022\/07\/Folleto-FL200-300x300.png 300w, https:\/\/empatec.com.ar\/wp-content\/uploads\/2022\/07\/Folleto-FL200-1024x1024.png 1024w, https:\/\/empatec.com.ar\/wp-content\/uploads\/2022\/07\/Folleto-FL200-150x150.png 150w, https:\/\/empatec.com.ar\/wp-content\/uploads\/2022\/07\/Folleto-FL200-768x768.png 768w, https:\/\/empatec.com.ar\/wp-content\/uploads\/2022\/07\/Folleto-FL200-12x12.png 12w, https:\/\/empatec.com.ar\/wp-content\/uploads\/2022\/07\/Folleto-FL200-550x550.png 550w, https:\/\/empatec.com.ar\/wp-content\/uploads\/2022\/07\/Folleto-FL200-100x100.png 100w, https:\/\/empatec.com.ar\/wp-content\/uploads\/2022\/07\/Folleto-FL200.png 1166w\" sizes=\"(max-width: 200px) 100vw, 200px\" \/><\/p>\n<div class=\"entry-content-asset videofit\"><iframe title=\"Empatec: Formadora de L\u00e1minas modelo  FL200\" width=\"720\" height=\"540\" src=\"https:\/\/www.youtube.com\/embed\/v7r2x4DCG8o?feature=oembed\" frameborder=\"0\" allow=\"accelerometer; autoplay; clipboard-write; encrypted-media; gyroscope; picture-in-picture; web-share\" allowfullscreen><\/iframe><\/div>","protected":false},"excerpt":{"rendered":"<p>The FL200 model is a machine especially developed to feed the ME equipment with a sheet of\ndough. That sheet is produced by filling the hopper with the lumps mixed in the Tipping Mixer\n(MV, in Spanish). The FL200 through top and bottom rollers electrically controlled by variable\nspeed drives and plc, manages to turn these lumps into a homogeneous 200mm-wide sheet.<\/p>","protected":false},"featured_media":12036,"template":"","meta":{"_kad_post_transparent":"default","_kad_post_title":"","_kad_post_layout":"default","_kad_post_sidebar_id":"","_kad_post_content_style":"default","_kad_post_vertical_padding":"default","_kad_post_feature":"","_kad_post_feature_position":"","_kad_post_header":false,"_kad_post_footer":false},"product_cat":[116],"product_tag":[],"class_list":{"0":"post-12031","1":"product","2":"type-product","3":"status-publish","4":"has-post-thumbnail","6":"product_cat-producto","8":"first","9":"instock","10":"shipping-taxable","11":"product-type-simple","12":"entry","13":"content-bg","14":"loop-entry"},"yoast_head":"<!-- This site is optimized with the Yoast SEO Premium plugin v19.2.1 (Yoast SEO v22.9) - https:\/\/yoast.com\/wordpress\/plugins\/seo\/ -->\n<title>Formadora de L\u00e1minas FL200 - Empatec<\/title>\n<meta name=\"robots\" content=\"index, follow, max-snippet:-1, max-image-preview:large, max-video-preview:-1\" \/>\n<link rel=\"canonical\" href=\"https:\/\/empatec.com.ar\/en\/product\/formadora-de-laminas-fl200\/\" \/>\n<meta property=\"og:locale\" content=\"en_US\" \/>\n<meta property=\"og:type\" content=\"article\" \/>\n<meta property=\"og:title\" content=\"Formadora de L\u00e1minas FL200\" \/>\n<meta property=\"og:description\" content=\"El modelo FL200 es una maquina desarrollada especialmente para poder abastecer con una l\u00e1mina de masa al equipo ME, dicha l\u00e1mina se produce colocando en la tolva el grumo mezclado en el equipo MV (Mezcladora Volcable), el cual por medio de rodillos superiores e inferiores controlados el\u00e9ctricamente por medio de variadores de velocidad y PLC (Controlador L\u00f3gico Programable), logran conformar una l\u00e1mina homog\u00e9nea de un ancho de 200mm.\" \/>\n<meta property=\"og:url\" content=\"https:\/\/empatec.com.ar\/en\/product\/formadora-de-laminas-fl200\/\" \/>\n<meta property=\"og:site_name\" content=\"Empatec\" \/>\n<meta property=\"article:modified_time\" content=\"2023-08-15T19:30:10+00:00\" \/>\n<meta property=\"og:image\" content=\"https:\/\/empatec.com.ar\/wp-content\/uploads\/2022\/07\/FL200.png\" \/>\n\t<meta property=\"og:image:width\" content=\"800\" \/>\n\t<meta property=\"og:image:height\" content=\"534\" \/>\n\t<meta property=\"og:image:type\" content=\"image\/png\" \/>\n<meta name=\"twitter:card\" content=\"summary_large_image\" \/>\n<meta name=\"twitter:label1\" content=\"Est. reading time\" \/>\n\t<meta name=\"twitter:data1\" content=\"1 minute\" \/>\n<script type=\"application\/ld+json\" class=\"yoast-schema-graph\">{\"@context\":\"https:\/\/schema.org\",\"@graph\":[{\"@type\":\"WebPage\",\"@id\":\"https:\/\/empatec.com.ar\/product\/formadora-de-laminas-fl200\/\",\"url\":\"https:\/\/empatec.com.ar\/product\/formadora-de-laminas-fl200\/\",\"name\":\"Formadora de L\u00e1minas FL200 - Empatec\",\"isPartOf\":{\"@id\":\"https:\/\/empatec.com.ar\/#website\"},\"primaryImageOfPage\":{\"@id\":\"https:\/\/empatec.com.ar\/product\/formadora-de-laminas-fl200\/#primaryimage\"},\"image\":{\"@id\":\"https:\/\/empatec.com.ar\/product\/formadora-de-laminas-fl200\/#primaryimage\"},\"thumbnailUrl\":\"https:\/\/empatec.com.ar\/wp-content\/uploads\/2022\/07\/FL200.png\",\"datePublished\":\"2022-07-14T19:37:19+00:00\",\"dateModified\":\"2023-08-15T19:30:10+00:00\",\"breadcrumb\":{\"@id\":\"https:\/\/empatec.com.ar\/product\/formadora-de-laminas-fl200\/#breadcrumb\"},\"inLanguage\":\"en-US\",\"potentialAction\":[{\"@type\":\"ReadAction\",\"target\":[\"https:\/\/empatec.com.ar\/product\/formadora-de-laminas-fl200\/\"]}]},{\"@type\":\"ImageObject\",\"inLanguage\":\"en-US\",\"@id\":\"https:\/\/empatec.com.ar\/product\/formadora-de-laminas-fl200\/#primaryimage\",\"url\":\"https:\/\/empatec.com.ar\/wp-content\/uploads\/2022\/07\/FL200.png\",\"contentUrl\":\"https:\/\/empatec.com.ar\/wp-content\/uploads\/2022\/07\/FL200.png\",\"width\":800,\"height\":534,\"caption\":\"Formadora de L\u00e1minas para empanadas FL200 Empaec\"},{\"@type\":\"BreadcrumbList\",\"@id\":\"https:\/\/empatec.com.ar\/product\/formadora-de-laminas-fl200\/#breadcrumb\",\"itemListElement\":[{\"@type\":\"ListItem\",\"position\":1,\"name\":\"Home\",\"item\":\"https:\/\/empatec.com.ar\/\"},{\"@type\":\"ListItem\",\"position\":2,\"name\":\"Productos\",\"item\":\"https:\/\/empatec.com.ar\/productos\/\"},{\"@type\":\"ListItem\",\"position\":3,\"name\":\"Formadora de L\u00e1minas FL200\"}]},{\"@type\":\"WebSite\",\"@id\":\"https:\/\/empatec.com.ar\/#website\",\"url\":\"https:\/\/empatec.com.ar\/\",\"name\":\"Empatec\",\"description\":\"Maquinas para fabricar empanadas\",\"publisher\":{\"@id\":\"https:\/\/empatec.com.ar\/#organization\"},\"potentialAction\":[{\"@type\":\"SearchAction\",\"target\":{\"@type\":\"EntryPoint\",\"urlTemplate\":\"https:\/\/empatec.com.ar\/?s={search_term_string}\"},\"query-input\":\"required name=search_term_string\"}],\"inLanguage\":\"en-US\"},{\"@type\":\"Organization\",\"@id\":\"https:\/\/empatec.com.ar\/#organization\",\"name\":\"Empatec\",\"url\":\"https:\/\/empatec.com.ar\/\",\"logo\":{\"@type\":\"ImageObject\",\"inLanguage\":\"en-US\",\"@id\":\"https:\/\/empatec.com.ar\/#\/schema\/logo\/image\/\",\"url\":\"https:\/\/empatec.com.ar\/wp-content\/uploads\/2022\/07\/logo-empatec.png\",\"contentUrl\":\"https:\/\/empatec.com.ar\/wp-content\/uploads\/2022\/07\/logo-empatec.png\",\"width\":1045,\"height\":573,\"caption\":\"Empatec\"},\"image\":{\"@id\":\"https:\/\/empatec.com.ar\/#\/schema\/logo\/image\/\"}}]}<\/script>\n<!-- \/ Yoast SEO Premium plugin. -->","yoast_head_json":{"title":"Formadora de L\u00e1minas FL200 - Empatec","robots":{"index":"index","follow":"follow","max-snippet":"max-snippet:-1","max-image-preview":"max-image-preview:large","max-video-preview":"max-video-preview:-1"},"canonical":"https:\/\/empatec.com.ar\/en\/product\/formadora-de-laminas-fl200\/","og_locale":"en_US","og_type":"article","og_title":"Formadora de L\u00e1minas FL200","og_description":"El modelo FL200 es una maquina desarrollada especialmente para poder abastecer con una l\u00e1mina de masa al equipo ME, dicha l\u00e1mina se produce colocando en la tolva el grumo mezclado en el equipo MV (Mezcladora Volcable), el cual por medio de rodillos superiores e inferiores controlados el\u00e9ctricamente por medio de variadores de velocidad y PLC (Controlador L\u00f3gico Programable), logran conformar una l\u00e1mina homog\u00e9nea de un ancho de 200mm.","og_url":"https:\/\/empatec.com.ar\/en\/product\/formadora-de-laminas-fl200\/","og_site_name":"Empatec","article_modified_time":"2023-08-15T19:30:10+00:00","og_image":[{"width":800,"height":534,"url":"https:\/\/empatec.com.ar\/wp-content\/uploads\/2022\/07\/FL200.png","type":"image\/png"}],"twitter_card":"summary_large_image","twitter_misc":{"Est. reading time":"1 minute"},"schema":{"@context":"https:\/\/schema.org","@graph":[{"@type":"WebPage","@id":"https:\/\/empatec.com.ar\/product\/formadora-de-laminas-fl200\/","url":"https:\/\/empatec.com.ar\/product\/formadora-de-laminas-fl200\/","name":"Formadora de L\u00e1minas FL200 - Empatec","isPartOf":{"@id":"https:\/\/empatec.com.ar\/#website"},"primaryImageOfPage":{"@id":"https:\/\/empatec.com.ar\/product\/formadora-de-laminas-fl200\/#primaryimage"},"image":{"@id":"https:\/\/empatec.com.ar\/product\/formadora-de-laminas-fl200\/#primaryimage"},"thumbnailUrl":"https:\/\/empatec.com.ar\/wp-content\/uploads\/2022\/07\/FL200.png","datePublished":"2022-07-14T19:37:19+00:00","dateModified":"2023-08-15T19:30:10+00:00","breadcrumb":{"@id":"https:\/\/empatec.com.ar\/product\/formadora-de-laminas-fl200\/#breadcrumb"},"inLanguage":"en-US","potentialAction":[{"@type":"ReadAction","target":["https:\/\/empatec.com.ar\/product\/formadora-de-laminas-fl200\/"]}]},{"@type":"ImageObject","inLanguage":"en-US","@id":"https:\/\/empatec.com.ar\/product\/formadora-de-laminas-fl200\/#primaryimage","url":"https:\/\/empatec.com.ar\/wp-content\/uploads\/2022\/07\/FL200.png","contentUrl":"https:\/\/empatec.com.ar\/wp-content\/uploads\/2022\/07\/FL200.png","width":800,"height":534,"caption":"Formadora de L\u00e1minas para empanadas FL200 Empaec"},{"@type":"BreadcrumbList","@id":"https:\/\/empatec.com.ar\/product\/formadora-de-laminas-fl200\/#breadcrumb","itemListElement":[{"@type":"ListItem","position":1,"name":"Home","item":"https:\/\/empatec.com.ar\/"},{"@type":"ListItem","position":2,"name":"Productos","item":"https:\/\/empatec.com.ar\/productos\/"},{"@type":"ListItem","position":3,"name":"Formadora de L\u00e1minas FL200"}]},{"@type":"WebSite","@id":"https:\/\/empatec.com.ar\/#website","url":"https:\/\/empatec.com.ar\/","name":"Empatec","description":"Maquinas para fabricar empanadas","publisher":{"@id":"https:\/\/empatec.com.ar\/#organization"},"potentialAction":[{"@type":"SearchAction","target":{"@type":"EntryPoint","urlTemplate":"https:\/\/empatec.com.ar\/?s={search_term_string}"},"query-input":"required name=search_term_string"}],"inLanguage":"en-US"},{"@type":"Organization","@id":"https:\/\/empatec.com.ar\/#organization","name":"Empatec","url":"https:\/\/empatec.com.ar\/","logo":{"@type":"ImageObject","inLanguage":"en-US","@id":"https:\/\/empatec.com.ar\/#\/schema\/logo\/image\/","url":"https:\/\/empatec.com.ar\/wp-content\/uploads\/2022\/07\/logo-empatec.png","contentUrl":"https:\/\/empatec.com.ar\/wp-content\/uploads\/2022\/07\/logo-empatec.png","width":1045,"height":573,"caption":"Empatec"},"image":{"@id":"https:\/\/empatec.com.ar\/#\/schema\/logo\/image\/"}}]}},"_links":{"self":[{"href":"https:\/\/empatec.com.ar\/en\/wp-json\/wp\/v2\/product\/12031","targetHints":{"allow":["GET"]}}],"collection":[{"href":"https:\/\/empatec.com.ar\/en\/wp-json\/wp\/v2\/product"}],"about":[{"href":"https:\/\/empatec.com.ar\/en\/wp-json\/wp\/v2\/types\/product"}],"version-history":[{"count":8,"href":"https:\/\/empatec.com.ar\/en\/wp-json\/wp\/v2\/product\/12031\/revisions"}],"predecessor-version":[{"id":12406,"href":"https:\/\/empatec.com.ar\/en\/wp-json\/wp\/v2\/product\/12031\/revisions\/12406"}],"wp:featuredmedia":[{"embeddable":true,"href":"https:\/\/empatec.com.ar\/en\/wp-json\/wp\/v2\/media\/12036"}],"wp:attachment":[{"href":"https:\/\/empatec.com.ar\/en\/wp-json\/wp\/v2\/media?parent=12031"}],"wp:term":[{"taxonomy":"product_cat","embeddable":true,"href":"https:\/\/empatec.com.ar\/en\/wp-json\/wp\/v2\/product_cat?post=12031"},{"taxonomy":"product_tag","embeddable":true,"href":"https:\/\/empatec.com.ar\/en\/wp-json\/wp\/v2\/product_tag?post=12031"}],"curies":[{"name":"wp","href":"https:\/\/api.w.org\/{rel}","templated":true}]}}