{"id":12093,"date":"2022-08-01T17:52:57","date_gmt":"2022-08-01T17:52:57","guid":{"rendered":"https:\/\/empatec.com.ar\/?post_type=product&#038;p=12093"},"modified":"2023-08-15T19:30:29","modified_gmt":"2023-08-15T19:30:29","slug":"harinador","status":"publish","type":"product","link":"https:\/\/empatec.com.ar\/en\/product\/harinador\/","title":{"rendered":"Harinador"},"content":{"rendered":"<p>Three-phase equipment.<br \/>\nThe harinadores are applicable to sobadoras, rolling, or any kind of machine of bakers and pastry in the required harinado mass.<br \/>\nThe simplicity of this implement detachable allows it to be portable from one machine to another with ease.<br \/>\nThe advantages are directly related to the simplification and improvement of the task of harinado through automation.<\/p>\n<p><strong>ADVANTAGES:<\/strong><br \/>\nA saving of the flour commonly used in these processes.<br \/>\nThe automation of a process that allows the operator to perform other tasks and do not have to be aware of this procedure.<br \/>\nA contribution to the smooth, homogeneous and constant of the flour over the dough that could not be done manually.<br \/>\nAvoid clouds of flour in the environment that damage the airways of the operators, as well as the keys and electric circuits of all the machines in the environment.<br \/>\nAvoid the risky task of &#034;spread-and-match&#034; the flour on the dough where the fingers of the operator to pass counted millimeters of hazardous rolos de-lamination.<\/p>\n<p><strong>THESE HARINADORES ARE MANUFACTURED IN THREE DIFFERENT MODELS:<\/strong><\/p>\n<ol>\n<li>With regulation of the flow of flour, applicable to sobadoras and all kinds of machine as required.<\/li>\n<li>Without flow regulation of Flour, attachable to the rolling mill or usable on masses that do not require you to vary the graduation of the flow of flour.<\/li>\n<li>With a foot base, to be able to apply them to any machine or area. Both in a format that is simple and easily operable.<\/li>\n<\/ol>\n<p><strong>The company reserves the right to make changes without prior notice.<\/strong><\/p>\n<p><a href=\"https:\/\/empatec.com.ar\/wp-content\/uploads\/2022\/08\/Folleto-de-Harinador.pdf\" target=\"_blank\" rel=\"noopener\">Download the brochure of the Harinador<\/a><\/p>\n<p><img decoding=\"async\" class=\"alignnone wp-image-12098\" src=\"https:\/\/empatec.com.ar\/wp-content\/uploads\/2022\/08\/harinador-300x300.png\" alt=\"\" width=\"191\" height=\"191\" srcset=\"https:\/\/empatec.com.ar\/wp-content\/uploads\/2022\/08\/harinador-300x300.png 300w, https:\/\/empatec.com.ar\/wp-content\/uploads\/2022\/08\/harinador-1024x1024.png 1024w, https:\/\/empatec.com.ar\/wp-content\/uploads\/2022\/08\/harinador-150x150.png 150w, https:\/\/empatec.com.ar\/wp-content\/uploads\/2022\/08\/harinador-768x768.png 768w, https:\/\/empatec.com.ar\/wp-content\/uploads\/2022\/08\/harinador-12x12.png 12w, https:\/\/empatec.com.ar\/wp-content\/uploads\/2022\/08\/harinador-550x550.png 550w, https:\/\/empatec.com.ar\/wp-content\/uploads\/2022\/08\/harinador-100x100.png 100w, https:\/\/empatec.com.ar\/wp-content\/uploads\/2022\/08\/harinador.png 1166w\" sizes=\"(max-width: 191px) 100vw, 191px\" \/><\/p>\n<div class=\"entry-content-asset videofit\"><iframe title=\"Empatec: Harinador con pie\" width=\"720\" height=\"405\" src=\"https:\/\/www.youtube.com\/embed\/k4Rp5_5XJKY?feature=oembed\" frameborder=\"0\" allow=\"accelerometer; autoplay; clipboard-write; encrypted-media; gyroscope; picture-in-picture; web-share\" allowfullscreen><\/iframe><\/div>","protected":false},"excerpt":{"rendered":"<p>The harinador is a system that facilitates the application of flour in different processes of development of masses, taking the advantages of introducing the flour in the dough evenly and neatly.<br \/>\nFEATURES:<br \/>\nSavings of flour, uniform application and a partner.<\/p>","protected":false},"featured_media":12094,"template":"","meta":{"_kad_post_transparent":"default","_kad_post_title":"","_kad_post_layout":"default","_kad_post_sidebar_id":"","_kad_post_content_style":"default","_kad_post_vertical_padding":"default","_kad_post_feature":"","_kad_post_feature_position":"","_kad_post_header":false,"_kad_post_footer":false},"product_cat":[116],"product_tag":[],"class_list":{"0":"post-12093","1":"product","2":"type-product","3":"status-publish","4":"has-post-thumbnail","6":"product_cat-producto","8":"first","9":"instock","10":"shipping-taxable","11":"product-type-simple","12":"entry","13":"content-bg","14":"loop-entry"},"yoast_head":"<!-- This site is optimized with the Yoast SEO Premium plugin v19.2.1 (Yoast SEO v22.9) - https:\/\/yoast.com\/wordpress\/plugins\/seo\/ -->\n<title>Harinador - Empatec<\/title>\n<meta name=\"robots\" content=\"index, follow, max-snippet:-1, max-image-preview:large, max-video-preview:-1\" \/>\n<link rel=\"canonical\" href=\"https:\/\/empatec.com.ar\/en\/product\/harinador\/\" \/>\n<meta property=\"og:locale\" content=\"en_US\" \/>\n<meta property=\"og:type\" content=\"article\" \/>\n<meta property=\"og:title\" content=\"Harinador\" \/>\n<meta property=\"og:description\" content=\"El harinador es un sistema que facilita la aplicaci\u00f3n de harina en distintos procesos de elaboraci\u00f3n de masas, teniendo la ventajas de introducir la harina en la masa de forma homog\u00e9nea y prolija. PRESTACIONES: Ahorro de harina, aplicaci\u00f3n homog\u00e9nea y pareja.\" \/>\n<meta property=\"og:url\" content=\"https:\/\/empatec.com.ar\/en\/product\/harinador\/\" \/>\n<meta property=\"og:site_name\" content=\"Empatec\" \/>\n<meta property=\"article:modified_time\" content=\"2023-08-15T19:30:29+00:00\" \/>\n<meta property=\"og:image\" content=\"https:\/\/empatec.com.ar\/wp-content\/uploads\/2022\/08\/CIMG0082.png\" \/>\n\t<meta property=\"og:image:width\" content=\"500\" \/>\n\t<meta property=\"og:image:height\" content=\"375\" \/>\n\t<meta property=\"og:image:type\" content=\"image\/png\" \/>\n<meta name=\"twitter:card\" content=\"summary_large_image\" \/>\n<meta name=\"twitter:label1\" content=\"Est. reading time\" \/>\n\t<meta name=\"twitter:data1\" content=\"2 minutes\" \/>\n<script type=\"application\/ld+json\" class=\"yoast-schema-graph\">{\"@context\":\"https:\/\/schema.org\",\"@graph\":[{\"@type\":\"WebPage\",\"@id\":\"https:\/\/empatec.com.ar\/product\/harinador\/\",\"url\":\"https:\/\/empatec.com.ar\/product\/harinador\/\",\"name\":\"Harinador - Empatec\",\"isPartOf\":{\"@id\":\"https:\/\/empatec.com.ar\/#website\"},\"primaryImageOfPage\":{\"@id\":\"https:\/\/empatec.com.ar\/product\/harinador\/#primaryimage\"},\"image\":{\"@id\":\"https:\/\/empatec.com.ar\/product\/harinador\/#primaryimage\"},\"thumbnailUrl\":\"https:\/\/empatec.com.ar\/wp-content\/uploads\/2022\/08\/CIMG0082.png\",\"datePublished\":\"2022-08-01T17:52:57+00:00\",\"dateModified\":\"2023-08-15T19:30:29+00:00\",\"breadcrumb\":{\"@id\":\"https:\/\/empatec.com.ar\/product\/harinador\/#breadcrumb\"},\"inLanguage\":\"en-US\",\"potentialAction\":[{\"@type\":\"ReadAction\",\"target\":[\"https:\/\/empatec.com.ar\/product\/harinador\/\"]}]},{\"@type\":\"ImageObject\",\"inLanguage\":\"en-US\",\"@id\":\"https:\/\/empatec.com.ar\/product\/harinador\/#primaryimage\",\"url\":\"https:\/\/empatec.com.ar\/wp-content\/uploads\/2022\/08\/CIMG0082.png\",\"contentUrl\":\"https:\/\/empatec.com.ar\/wp-content\/uploads\/2022\/08\/CIMG0082.png\",\"width\":500,\"height\":375,\"caption\":\"Harinador para fabricacion de empanadas Empatec\"},{\"@type\":\"BreadcrumbList\",\"@id\":\"https:\/\/empatec.com.ar\/product\/harinador\/#breadcrumb\",\"itemListElement\":[{\"@type\":\"ListItem\",\"position\":1,\"name\":\"Home\",\"item\":\"https:\/\/empatec.com.ar\/\"},{\"@type\":\"ListItem\",\"position\":2,\"name\":\"Productos\",\"item\":\"https:\/\/empatec.com.ar\/productos\/\"},{\"@type\":\"ListItem\",\"position\":3,\"name\":\"Harinador\"}]},{\"@type\":\"WebSite\",\"@id\":\"https:\/\/empatec.com.ar\/#website\",\"url\":\"https:\/\/empatec.com.ar\/\",\"name\":\"Empatec\",\"description\":\"Maquinas para fabricar empanadas\",\"publisher\":{\"@id\":\"https:\/\/empatec.com.ar\/#organization\"},\"potentialAction\":[{\"@type\":\"SearchAction\",\"target\":{\"@type\":\"EntryPoint\",\"urlTemplate\":\"https:\/\/empatec.com.ar\/?s={search_term_string}\"},\"query-input\":\"required name=search_term_string\"}],\"inLanguage\":\"en-US\"},{\"@type\":\"Organization\",\"@id\":\"https:\/\/empatec.com.ar\/#organization\",\"name\":\"Empatec\",\"url\":\"https:\/\/empatec.com.ar\/\",\"logo\":{\"@type\":\"ImageObject\",\"inLanguage\":\"en-US\",\"@id\":\"https:\/\/empatec.com.ar\/#\/schema\/logo\/image\/\",\"url\":\"https:\/\/empatec.com.ar\/wp-content\/uploads\/2022\/07\/logo-empatec.png\",\"contentUrl\":\"https:\/\/empatec.com.ar\/wp-content\/uploads\/2022\/07\/logo-empatec.png\",\"width\":1045,\"height\":573,\"caption\":\"Empatec\"},\"image\":{\"@id\":\"https:\/\/empatec.com.ar\/#\/schema\/logo\/image\/\"}}]}<\/script>\n<!-- \/ Yoast SEO Premium plugin. -->","yoast_head_json":{"title":"Harinador - Empatec","robots":{"index":"index","follow":"follow","max-snippet":"max-snippet:-1","max-image-preview":"max-image-preview:large","max-video-preview":"max-video-preview:-1"},"canonical":"https:\/\/empatec.com.ar\/en\/product\/harinador\/","og_locale":"en_US","og_type":"article","og_title":"Harinador","og_description":"El harinador es un sistema que facilita la aplicaci\u00f3n de harina en distintos procesos de elaboraci\u00f3n de masas, teniendo la ventajas de introducir la harina en la masa de forma homog\u00e9nea y prolija. PRESTACIONES: Ahorro de harina, aplicaci\u00f3n homog\u00e9nea y pareja.","og_url":"https:\/\/empatec.com.ar\/en\/product\/harinador\/","og_site_name":"Empatec","article_modified_time":"2023-08-15T19:30:29+00:00","og_image":[{"width":500,"height":375,"url":"https:\/\/empatec.com.ar\/wp-content\/uploads\/2022\/08\/CIMG0082.png","type":"image\/png"}],"twitter_card":"summary_large_image","twitter_misc":{"Est. reading time":"2 minutes"},"schema":{"@context":"https:\/\/schema.org","@graph":[{"@type":"WebPage","@id":"https:\/\/empatec.com.ar\/product\/harinador\/","url":"https:\/\/empatec.com.ar\/product\/harinador\/","name":"Harinador - Empatec","isPartOf":{"@id":"https:\/\/empatec.com.ar\/#website"},"primaryImageOfPage":{"@id":"https:\/\/empatec.com.ar\/product\/harinador\/#primaryimage"},"image":{"@id":"https:\/\/empatec.com.ar\/product\/harinador\/#primaryimage"},"thumbnailUrl":"https:\/\/empatec.com.ar\/wp-content\/uploads\/2022\/08\/CIMG0082.png","datePublished":"2022-08-01T17:52:57+00:00","dateModified":"2023-08-15T19:30:29+00:00","breadcrumb":{"@id":"https:\/\/empatec.com.ar\/product\/harinador\/#breadcrumb"},"inLanguage":"en-US","potentialAction":[{"@type":"ReadAction","target":["https:\/\/empatec.com.ar\/product\/harinador\/"]}]},{"@type":"ImageObject","inLanguage":"en-US","@id":"https:\/\/empatec.com.ar\/product\/harinador\/#primaryimage","url":"https:\/\/empatec.com.ar\/wp-content\/uploads\/2022\/08\/CIMG0082.png","contentUrl":"https:\/\/empatec.com.ar\/wp-content\/uploads\/2022\/08\/CIMG0082.png","width":500,"height":375,"caption":"Harinador para fabricacion de empanadas Empatec"},{"@type":"BreadcrumbList","@id":"https:\/\/empatec.com.ar\/product\/harinador\/#breadcrumb","itemListElement":[{"@type":"ListItem","position":1,"name":"Home","item":"https:\/\/empatec.com.ar\/"},{"@type":"ListItem","position":2,"name":"Productos","item":"https:\/\/empatec.com.ar\/productos\/"},{"@type":"ListItem","position":3,"name":"Harinador"}]},{"@type":"WebSite","@id":"https:\/\/empatec.com.ar\/#website","url":"https:\/\/empatec.com.ar\/","name":"Empatec","description":"Maquinas para fabricar empanadas","publisher":{"@id":"https:\/\/empatec.com.ar\/#organization"},"potentialAction":[{"@type":"SearchAction","target":{"@type":"EntryPoint","urlTemplate":"https:\/\/empatec.com.ar\/?s={search_term_string}"},"query-input":"required name=search_term_string"}],"inLanguage":"en-US"},{"@type":"Organization","@id":"https:\/\/empatec.com.ar\/#organization","name":"Empatec","url":"https:\/\/empatec.com.ar\/","logo":{"@type":"ImageObject","inLanguage":"en-US","@id":"https:\/\/empatec.com.ar\/#\/schema\/logo\/image\/","url":"https:\/\/empatec.com.ar\/wp-content\/uploads\/2022\/07\/logo-empatec.png","contentUrl":"https:\/\/empatec.com.ar\/wp-content\/uploads\/2022\/07\/logo-empatec.png","width":1045,"height":573,"caption":"Empatec"},"image":{"@id":"https:\/\/empatec.com.ar\/#\/schema\/logo\/image\/"}}]}},"_links":{"self":[{"href":"https:\/\/empatec.com.ar\/en\/wp-json\/wp\/v2\/product\/12093","targetHints":{"allow":["GET"]}}],"collection":[{"href":"https:\/\/empatec.com.ar\/en\/wp-json\/wp\/v2\/product"}],"about":[{"href":"https:\/\/empatec.com.ar\/en\/wp-json\/wp\/v2\/types\/product"}],"version-history":[{"count":4,"href":"https:\/\/empatec.com.ar\/en\/wp-json\/wp\/v2\/product\/12093\/revisions"}],"predecessor-version":[{"id":12407,"href":"https:\/\/empatec.com.ar\/en\/wp-json\/wp\/v2\/product\/12093\/revisions\/12407"}],"wp:featuredmedia":[{"embeddable":true,"href":"https:\/\/empatec.com.ar\/en\/wp-json\/wp\/v2\/media\/12094"}],"wp:attachment":[{"href":"https:\/\/empatec.com.ar\/en\/wp-json\/wp\/v2\/media?parent=12093"}],"wp:term":[{"taxonomy":"product_cat","embeddable":true,"href":"https:\/\/empatec.com.ar\/en\/wp-json\/wp\/v2\/product_cat?post=12093"},{"taxonomy":"product_tag","embeddable":true,"href":"https:\/\/empatec.com.ar\/en\/wp-json\/wp\/v2\/product_tag?post=12093"}],"curies":[{"name":"wp","href":"https:\/\/api.w.org\/{rel}","templated":true}]}}