{"id":12100,"date":"2022-08-01T19:43:26","date_gmt":"2022-08-01T19:43:26","guid":{"rendered":"https:\/\/empatec.com.ar\/?post_type=product&#038;p=12100"},"modified":"2023-08-15T19:31:10","modified_gmt":"2023-08-15T19:31:10","slug":"maquina-de-empanada-modelo-me-2","status":"publish","type":"product","link":"https:\/\/empatec.com.ar\/en\/product\/maquina-de-empanada-modelo-me-2\/","title":{"rendered":"Machine Pie Model I 2"},"content":{"rendered":"<p>This device operates from a sheet of dough, so it is not necessary to cut the discs.<br \/>\nConstructed of stainless steel, powered with two geared motors and four pneumatic cylinders.<br \/>\nThis equipment is modular, which can be adapted to the degree of automation or production desired by the customer.<br \/>\nThe designs of the engineer respond to international standards. Heads are interchangeable to make different sizes and shapes for empanadas.<br \/>\nSystem of bins for dosing filling.<br \/>\nDashboard with functions of manual and automatic controlled by PLC. Systems of safety for the operator and the machine. Team Three-Phase.<br \/>\nProduction: Approximately 4000 units per hour, depending on the characteristics of the product<\/p>\n<p>DIMENSIONS<br \/>\nHeight: 1600 mm<br \/>\nWidth 800 mm<br \/>\nOver 3,400 mm<br \/>\nWeight 300 Kg.<\/p>\n<p>FUNCTION TYPE POWER<br \/>\nCaliper Motor 0.75 HP<br \/>\nConveyor belt Motor 0.75 HP<\/p>\n<p>PNEUMATIC<br \/>\nStamping and Cutting 2 cylinder \u00d863\u00d765 mm stroke<br \/>\nDispenser Filling 2 cylinder \u00d863\u00d7100 mm stroke<\/p>\n<p><strong>The company reserves the right to make changes without prior notice<\/strong><\/p>\n<p><a href=\"https:\/\/empatec.com.ar\/wp-content\/uploads\/2022\/08\/Folleto-ME-2.pdf\" target=\"_blank\" rel=\"noopener\">Download the booklet of the Machine Pie Model I 2<\/a><\/p>\n<p><img decoding=\"async\" class=\"alignnone wp-image-12103\" src=\"https:\/\/empatec.com.ar\/wp-content\/uploads\/2022\/08\/Maquina-de-Empanada-Modelo-ME-2-300x300.png\" alt=\"\" width=\"189\" height=\"189\" srcset=\"https:\/\/empatec.com.ar\/wp-content\/uploads\/2022\/08\/Maquina-de-Empanada-Modelo-ME-2-300x300.png 300w, https:\/\/empatec.com.ar\/wp-content\/uploads\/2022\/08\/Maquina-de-Empanada-Modelo-ME-2-1024x1024.png 1024w, https:\/\/empatec.com.ar\/wp-content\/uploads\/2022\/08\/Maquina-de-Empanada-Modelo-ME-2-150x150.png 150w, https:\/\/empatec.com.ar\/wp-content\/uploads\/2022\/08\/Maquina-de-Empanada-Modelo-ME-2-768x768.png 768w, https:\/\/empatec.com.ar\/wp-content\/uploads\/2022\/08\/Maquina-de-Empanada-Modelo-ME-2-12x12.png 12w, https:\/\/empatec.com.ar\/wp-content\/uploads\/2022\/08\/Maquina-de-Empanada-Modelo-ME-2-550x550.png 550w, https:\/\/empatec.com.ar\/wp-content\/uploads\/2022\/08\/Maquina-de-Empanada-Modelo-ME-2-100x100.png 100w, https:\/\/empatec.com.ar\/wp-content\/uploads\/2022\/08\/Maquina-de-Empanada-Modelo-ME-2.png 1166w\" sizes=\"(max-width: 189px) 100vw, 189px\" \/><\/p>\n<div class=\"entry-content-asset videofit\"><iframe title=\"Empatec: M\u00e1quina de empanadas modelo ME 2\" width=\"720\" height=\"540\" src=\"https:\/\/www.youtube.com\/embed\/it4uhkND72k?feature=oembed\" frameborder=\"0\" allow=\"accelerometer; autoplay; clipboard-write; encrypted-media; gyroscope; picture-in-picture; web-share\" allowfullscreen><\/iframe><\/div>","protected":false},"excerpt":{"rendered":"<p>The team works with a sheet of dough, which is inserted into the laminator, then transported by means of a tape where you have to deposit filler by means of a dispenser double to then be folded, stamped and cut interchangeable moulds customized at customer&#039;s request, forming the desired product to be removed manually to be stowed in their respective trays.<\/p>","protected":false},"featured_media":12101,"template":"","meta":{"_kad_post_transparent":"default","_kad_post_title":"","_kad_post_layout":"default","_kad_post_sidebar_id":"","_kad_post_content_style":"default","_kad_post_vertical_padding":"default","_kad_post_feature":"","_kad_post_feature_position":"","_kad_post_header":false,"_kad_post_footer":false},"product_cat":[116],"product_tag":[],"class_list":{"0":"post-12100","1":"product","2":"type-product","3":"status-publish","4":"has-post-thumbnail","6":"product_cat-producto","8":"first","9":"instock","10":"shipping-taxable","11":"product-type-simple","12":"entry","13":"content-bg","14":"loop-entry"},"yoast_head":"<!-- This site is optimized with the Yoast SEO Premium plugin v19.2.1 (Yoast SEO v22.9) - https:\/\/yoast.com\/wordpress\/plugins\/seo\/ -->\n<title>Maquina de Empanada Modelo ME 2 - Empatec<\/title>\n<meta name=\"robots\" content=\"index, follow, max-snippet:-1, max-image-preview:large, max-video-preview:-1\" \/>\n<link rel=\"canonical\" href=\"https:\/\/empatec.com.ar\/en\/product\/maquina-de-empanada-modelo-me-2\/\" \/>\n<meta property=\"og:locale\" content=\"en_US\" \/>\n<meta property=\"og:type\" content=\"article\" \/>\n<meta property=\"og:title\" content=\"Maquina de Empanada Modelo ME 2\" \/>\n<meta property=\"og:description\" content=\"El equipo funciona con una l\u00e1mina de masa, que se introduce en el laminador, posteriormente se transportar\u00e1 mediante una cinta donde se depositar\u00e1 el relleno por medio de un dosificador doble para luego ser doblada, estampada y cortada por moldes intercambiables personalizados a pedido del cliente, formando el producto deseado que se retirar\u00e1 manualmente para ser estibado en sus respectivas bandejas.\" \/>\n<meta property=\"og:url\" content=\"https:\/\/empatec.com.ar\/en\/product\/maquina-de-empanada-modelo-me-2\/\" \/>\n<meta property=\"og:site_name\" content=\"Empatec\" \/>\n<meta property=\"article:modified_time\" content=\"2023-08-15T19:31:10+00:00\" \/>\n<meta property=\"og:image\" content=\"https:\/\/empatec.com.ar\/wp-content\/uploads\/2022\/08\/ME2-Recuperado.png\" \/>\n\t<meta property=\"og:image:width\" content=\"700\" \/>\n\t<meta property=\"og:image:height\" content=\"525\" \/>\n\t<meta property=\"og:image:type\" content=\"image\/png\" \/>\n<meta name=\"twitter:card\" content=\"summary_large_image\" \/>\n<meta name=\"twitter:label1\" content=\"Est. reading time\" \/>\n\t<meta name=\"twitter:data1\" content=\"2 minutes\" \/>\n<script type=\"application\/ld+json\" class=\"yoast-schema-graph\">{\"@context\":\"https:\/\/schema.org\",\"@graph\":[{\"@type\":\"WebPage\",\"@id\":\"https:\/\/empatec.com.ar\/product\/maquina-de-empanada-modelo-me-2\/\",\"url\":\"https:\/\/empatec.com.ar\/product\/maquina-de-empanada-modelo-me-2\/\",\"name\":\"Maquina de Empanada Modelo ME 2 - Empatec\",\"isPartOf\":{\"@id\":\"https:\/\/empatec.com.ar\/#website\"},\"primaryImageOfPage\":{\"@id\":\"https:\/\/empatec.com.ar\/product\/maquina-de-empanada-modelo-me-2\/#primaryimage\"},\"image\":{\"@id\":\"https:\/\/empatec.com.ar\/product\/maquina-de-empanada-modelo-me-2\/#primaryimage\"},\"thumbnailUrl\":\"https:\/\/empatec.com.ar\/wp-content\/uploads\/2022\/08\/ME2-Recuperado.png\",\"datePublished\":\"2022-08-01T19:43:26+00:00\",\"dateModified\":\"2023-08-15T19:31:10+00:00\",\"breadcrumb\":{\"@id\":\"https:\/\/empatec.com.ar\/product\/maquina-de-empanada-modelo-me-2\/#breadcrumb\"},\"inLanguage\":\"en-US\",\"potentialAction\":[{\"@type\":\"ReadAction\",\"target\":[\"https:\/\/empatec.com.ar\/product\/maquina-de-empanada-modelo-me-2\/\"]}]},{\"@type\":\"ImageObject\",\"inLanguage\":\"en-US\",\"@id\":\"https:\/\/empatec.com.ar\/product\/maquina-de-empanada-modelo-me-2\/#primaryimage\",\"url\":\"https:\/\/empatec.com.ar\/wp-content\/uploads\/2022\/08\/ME2-Recuperado.png\",\"contentUrl\":\"https:\/\/empatec.com.ar\/wp-content\/uploads\/2022\/08\/ME2-Recuperado.png\",\"width\":700,\"height\":525,\"caption\":\"Maquina para fabricaci\u00f3n de Empanada Modelo ME 2 Empatec\"},{\"@type\":\"BreadcrumbList\",\"@id\":\"https:\/\/empatec.com.ar\/product\/maquina-de-empanada-modelo-me-2\/#breadcrumb\",\"itemListElement\":[{\"@type\":\"ListItem\",\"position\":1,\"name\":\"Home\",\"item\":\"https:\/\/empatec.com.ar\/\"},{\"@type\":\"ListItem\",\"position\":2,\"name\":\"Productos\",\"item\":\"https:\/\/empatec.com.ar\/productos\/\"},{\"@type\":\"ListItem\",\"position\":3,\"name\":\"Maquina de Empanada Modelo ME 2\"}]},{\"@type\":\"WebSite\",\"@id\":\"https:\/\/empatec.com.ar\/#website\",\"url\":\"https:\/\/empatec.com.ar\/\",\"name\":\"Empatec\",\"description\":\"Maquinas para fabricar empanadas\",\"publisher\":{\"@id\":\"https:\/\/empatec.com.ar\/#organization\"},\"potentialAction\":[{\"@type\":\"SearchAction\",\"target\":{\"@type\":\"EntryPoint\",\"urlTemplate\":\"https:\/\/empatec.com.ar\/?s={search_term_string}\"},\"query-input\":\"required name=search_term_string\"}],\"inLanguage\":\"en-US\"},{\"@type\":\"Organization\",\"@id\":\"https:\/\/empatec.com.ar\/#organization\",\"name\":\"Empatec\",\"url\":\"https:\/\/empatec.com.ar\/\",\"logo\":{\"@type\":\"ImageObject\",\"inLanguage\":\"en-US\",\"@id\":\"https:\/\/empatec.com.ar\/#\/schema\/logo\/image\/\",\"url\":\"https:\/\/empatec.com.ar\/wp-content\/uploads\/2022\/07\/logo-empatec.png\",\"contentUrl\":\"https:\/\/empatec.com.ar\/wp-content\/uploads\/2022\/07\/logo-empatec.png\",\"width\":1045,\"height\":573,\"caption\":\"Empatec\"},\"image\":{\"@id\":\"https:\/\/empatec.com.ar\/#\/schema\/logo\/image\/\"}}]}<\/script>\n<!-- \/ Yoast SEO Premium plugin. -->","yoast_head_json":{"title":"Maquina de Empanada Modelo ME 2 - Empatec","robots":{"index":"index","follow":"follow","max-snippet":"max-snippet:-1","max-image-preview":"max-image-preview:large","max-video-preview":"max-video-preview:-1"},"canonical":"https:\/\/empatec.com.ar\/en\/product\/maquina-de-empanada-modelo-me-2\/","og_locale":"en_US","og_type":"article","og_title":"Maquina de Empanada Modelo ME 2","og_description":"El equipo funciona con una l\u00e1mina de masa, que se introduce en el laminador, posteriormente se transportar\u00e1 mediante una cinta donde se depositar\u00e1 el relleno por medio de un dosificador doble para luego ser doblada, estampada y cortada por moldes intercambiables personalizados a pedido del cliente, formando el producto deseado que se retirar\u00e1 manualmente para ser estibado en sus respectivas bandejas.","og_url":"https:\/\/empatec.com.ar\/en\/product\/maquina-de-empanada-modelo-me-2\/","og_site_name":"Empatec","article_modified_time":"2023-08-15T19:31:10+00:00","og_image":[{"width":700,"height":525,"url":"https:\/\/empatec.com.ar\/wp-content\/uploads\/2022\/08\/ME2-Recuperado.png","type":"image\/png"}],"twitter_card":"summary_large_image","twitter_misc":{"Est. reading time":"2 minutes"},"schema":{"@context":"https:\/\/schema.org","@graph":[{"@type":"WebPage","@id":"https:\/\/empatec.com.ar\/product\/maquina-de-empanada-modelo-me-2\/","url":"https:\/\/empatec.com.ar\/product\/maquina-de-empanada-modelo-me-2\/","name":"Maquina de Empanada Modelo ME 2 - Empatec","isPartOf":{"@id":"https:\/\/empatec.com.ar\/#website"},"primaryImageOfPage":{"@id":"https:\/\/empatec.com.ar\/product\/maquina-de-empanada-modelo-me-2\/#primaryimage"},"image":{"@id":"https:\/\/empatec.com.ar\/product\/maquina-de-empanada-modelo-me-2\/#primaryimage"},"thumbnailUrl":"https:\/\/empatec.com.ar\/wp-content\/uploads\/2022\/08\/ME2-Recuperado.png","datePublished":"2022-08-01T19:43:26+00:00","dateModified":"2023-08-15T19:31:10+00:00","breadcrumb":{"@id":"https:\/\/empatec.com.ar\/product\/maquina-de-empanada-modelo-me-2\/#breadcrumb"},"inLanguage":"en-US","potentialAction":[{"@type":"ReadAction","target":["https:\/\/empatec.com.ar\/product\/maquina-de-empanada-modelo-me-2\/"]}]},{"@type":"ImageObject","inLanguage":"en-US","@id":"https:\/\/empatec.com.ar\/product\/maquina-de-empanada-modelo-me-2\/#primaryimage","url":"https:\/\/empatec.com.ar\/wp-content\/uploads\/2022\/08\/ME2-Recuperado.png","contentUrl":"https:\/\/empatec.com.ar\/wp-content\/uploads\/2022\/08\/ME2-Recuperado.png","width":700,"height":525,"caption":"Maquina para fabricaci\u00f3n de Empanada Modelo ME 2 Empatec"},{"@type":"BreadcrumbList","@id":"https:\/\/empatec.com.ar\/product\/maquina-de-empanada-modelo-me-2\/#breadcrumb","itemListElement":[{"@type":"ListItem","position":1,"name":"Home","item":"https:\/\/empatec.com.ar\/"},{"@type":"ListItem","position":2,"name":"Productos","item":"https:\/\/empatec.com.ar\/productos\/"},{"@type":"ListItem","position":3,"name":"Maquina de Empanada Modelo ME 2"}]},{"@type":"WebSite","@id":"https:\/\/empatec.com.ar\/#website","url":"https:\/\/empatec.com.ar\/","name":"Empatec","description":"Maquinas para fabricar empanadas","publisher":{"@id":"https:\/\/empatec.com.ar\/#organization"},"potentialAction":[{"@type":"SearchAction","target":{"@type":"EntryPoint","urlTemplate":"https:\/\/empatec.com.ar\/?s={search_term_string}"},"query-input":"required name=search_term_string"}],"inLanguage":"en-US"},{"@type":"Organization","@id":"https:\/\/empatec.com.ar\/#organization","name":"Empatec","url":"https:\/\/empatec.com.ar\/","logo":{"@type":"ImageObject","inLanguage":"en-US","@id":"https:\/\/empatec.com.ar\/#\/schema\/logo\/image\/","url":"https:\/\/empatec.com.ar\/wp-content\/uploads\/2022\/07\/logo-empatec.png","contentUrl":"https:\/\/empatec.com.ar\/wp-content\/uploads\/2022\/07\/logo-empatec.png","width":1045,"height":573,"caption":"Empatec"},"image":{"@id":"https:\/\/empatec.com.ar\/#\/schema\/logo\/image\/"}}]}},"_links":{"self":[{"href":"https:\/\/empatec.com.ar\/en\/wp-json\/wp\/v2\/product\/12100","targetHints":{"allow":["GET"]}}],"collection":[{"href":"https:\/\/empatec.com.ar\/en\/wp-json\/wp\/v2\/product"}],"about":[{"href":"https:\/\/empatec.com.ar\/en\/wp-json\/wp\/v2\/types\/product"}],"version-history":[{"count":2,"href":"https:\/\/empatec.com.ar\/en\/wp-json\/wp\/v2\/product\/12100\/revisions"}],"predecessor-version":[{"id":12408,"href":"https:\/\/empatec.com.ar\/en\/wp-json\/wp\/v2\/product\/12100\/revisions\/12408"}],"wp:featuredmedia":[{"embeddable":true,"href":"https:\/\/empatec.com.ar\/en\/wp-json\/wp\/v2\/media\/12101"}],"wp:attachment":[{"href":"https:\/\/empatec.com.ar\/en\/wp-json\/wp\/v2\/media?parent=12100"}],"wp:term":[{"taxonomy":"product_cat","embeddable":true,"href":"https:\/\/empatec.com.ar\/en\/wp-json\/wp\/v2\/product_cat?post=12100"},{"taxonomy":"product_tag","embeddable":true,"href":"https:\/\/empatec.com.ar\/en\/wp-json\/wp\/v2\/product_tag?post=12100"}],"curies":[{"name":"wp","href":"https:\/\/api.w.org\/{rel}","templated":true}]}}