{"id":12458,"date":"2024-06-18T12:01:54","date_gmt":"2024-06-18T12:01:54","guid":{"rendered":"https:\/\/empatec.com.ar\/?post_type=product&#038;p=12458"},"modified":"2024-06-18T12:12:52","modified_gmt":"2024-06-18T12:12:52","slug":"cortadora-de-discos-sin-film-separador-rt-e","status":"publish","type":"product","link":"https:\/\/empatec.com.ar\/en\/product\/cortadora-de-discos-sin-film-separador-rt-e\/","title":{"rendered":"Cortadora de discos sin film separador RT-E"},"content":{"rendered":"<p>Dise\u00f1o compacto, construido en acero inoxidable o chapa pintada seg\u00fan el pedido del cliente, utilizado para cortar diferentes tama\u00f1os. Trabaja con un sistema de corte que consiste de un rolo estampador con un sistema de apilado autom\u00e1tico para formas circulares alcanzando un apilado cuidadoso en cantidades programables.<br \/>\nRolos rotoestampadores cambiables para diferentes formas y tama\u00f1os de corte. Sistema de separaci\u00f3n de la masa sobrante totalmente automatizado.<br \/>\nSistema de seguridad para el operador y la m\u00e1quina. Los dise\u00f1os de ingenier\u00eda corresponden a normas internacionales. Tablero de comando con funciones manuales y autom\u00e1ticas controladas por PLC. Producci\u00f3n de 1000 docenas por hora dependiendo de las caracter\u00edsticas del producto.<\/p>\n<p><b>Main<\/b><strong>\u00a0features:<br \/>\n<\/strong>El modelo RT es una m\u00e1quina cortadora de discos de empanadas de alta producci\u00f3n sin film separador, puede cortar distintos tipos de tama\u00f1os y formas a pedido del cliente, gracias a que funciona con un rolo cortador intercambiable.<strong><br \/>\n<\/strong><\/p>\n<p><strong>Dimensions:<\/strong><br \/>\nAlto: 1200mm<br \/>\nLargo: 1980mm<br \/>\nAncho: 1200mm<br \/>\n<strong>The company reserves the right to make changes without prior notice<\/strong><\/p>\n<p><a href=\"https:\/\/empatec.com.ar\/wp-content\/uploads\/2024\/06\/folleto-RT-E.pdf\" target=\"_blank\" rel=\"noopener\">Descargar el folleto de la Cortadora de discos sin film separador RT-E<\/a><\/p>\n<p><img fetchpriority=\"high\" decoding=\"async\" class=\"alignnone wp-image-12460 size-medium\" src=\"https:\/\/empatec.com.ar\/wp-content\/uploads\/2024\/06\/Untitled-300x300.png\" alt=\"\" width=\"300\" height=\"300\" srcset=\"https:\/\/empatec.com.ar\/wp-content\/uploads\/2024\/06\/Untitled-300x300.png 300w, https:\/\/empatec.com.ar\/wp-content\/uploads\/2024\/06\/Untitled-150x150.png 150w, https:\/\/empatec.com.ar\/wp-content\/uploads\/2024\/06\/Untitled-768x768.png 768w, https:\/\/empatec.com.ar\/wp-content\/uploads\/2024\/06\/Untitled-12x12.png 12w, https:\/\/empatec.com.ar\/wp-content\/uploads\/2024\/06\/Untitled-550x550.png 550w, https:\/\/empatec.com.ar\/wp-content\/uploads\/2024\/06\/Untitled-100x100.png 100w, https:\/\/empatec.com.ar\/wp-content\/uploads\/2024\/06\/Untitled.png 1023w\" sizes=\"(max-width: 300px) 100vw, 300px\" \/><\/p>\n<div class=\"entry-content-asset videofit\"><iframe title=\"Cortadora de discos de empanadas sin film separador RT-E Empatec\" width=\"720\" height=\"405\" src=\"https:\/\/www.youtube.com\/embed\/qN09GxawAQg?feature=oembed\" frameborder=\"0\" allow=\"accelerometer; autoplay; clipboard-write; encrypted-media; gyroscope; picture-in-picture; web-share\" referrerpolicy=\"strict-origin-when-cross-origin\" allowfullscreen><\/iframe><\/div>","protected":false},"excerpt":{"rendered":"<p><b>Main<\/b><strong> features:<\/strong><\/p>\n<p>El modelo RT es una m\u00e1quina cortadora de discos de empanadas de alta producci\u00f3n sin film separador, puede cortar distintos tipos de tama\u00f1os y formas a pedido del cliente, gracias a que funciona con un rolo cortador intercambiable.<\/p>","protected":false},"featured_media":12462,"template":"","meta":{"_kad_post_transparent":"default","_kad_post_title":"","_kad_post_layout":"default","_kad_post_sidebar_id":"","_kad_post_content_style":"default","_kad_post_vertical_padding":"default","_kad_post_feature":"","_kad_post_feature_position":"","_kad_post_header":false,"_kad_post_footer":false},"product_cat":[116],"product_tag":[],"class_list":{"0":"post-12458","1":"product","2":"type-product","3":"status-publish","4":"has-post-thumbnail","6":"product_cat-producto","8":"first","9":"instock","10":"featured","11":"shipping-taxable","12":"product-type-simple","13":"entry","14":"content-bg","15":"loop-entry"},"yoast_head":"<!-- This site is optimized with the Yoast SEO Premium plugin v19.2.1 (Yoast SEO v22.9) - https:\/\/yoast.com\/wordpress\/plugins\/seo\/ -->\n<title>Cortadora de discos sin film separador RT-E - Empatec<\/title>\n<meta name=\"robots\" content=\"index, follow, max-snippet:-1, max-image-preview:large, max-video-preview:-1\" \/>\n<link rel=\"canonical\" href=\"https:\/\/empatec.com.ar\/en\/product\/cortadora-de-discos-sin-film-separador-rt-e\/\" \/>\n<meta property=\"og:locale\" content=\"en_US\" \/>\n<meta property=\"og:type\" content=\"article\" \/>\n<meta property=\"og:title\" content=\"Cortadora de discos sin film separador RT-E\" \/>\n<meta property=\"og:description\" content=\"Caracter\u00edsticas principales:  El modelo RT es una m\u00e1quina cortadora de discos de empanadas de alta producci\u00f3n sin film separador, puede cortar distintos tipos de tama\u00f1os y formas a pedido del cliente, gracias a que funciona con un rolo cortador intercambiable.\" \/>\n<meta property=\"og:url\" content=\"https:\/\/empatec.com.ar\/en\/product\/cortadora-de-discos-sin-film-separador-rt-e\/\" \/>\n<meta property=\"og:site_name\" content=\"Empatec\" \/>\n<meta property=\"article:modified_time\" content=\"2024-06-18T12:12:52+00:00\" \/>\n<meta property=\"og:image\" content=\"https:\/\/empatec.com.ar\/wp-content\/uploads\/2024\/06\/RT-E-sombra-Formato-webp-scaled.webp\" \/>\n\t<meta property=\"og:image:width\" content=\"2560\" \/>\n\t<meta property=\"og:image:height\" content=\"1928\" \/>\n\t<meta property=\"og:image:type\" content=\"image\/webp\" \/>\n<meta name=\"twitter:card\" content=\"summary_large_image\" \/>\n<meta name=\"twitter:label1\" content=\"Est. reading time\" \/>\n\t<meta name=\"twitter:data1\" content=\"2 minutes\" \/>\n<script type=\"application\/ld+json\" class=\"yoast-schema-graph\">{\"@context\":\"https:\/\/schema.org\",\"@graph\":[{\"@type\":\"WebPage\",\"@id\":\"https:\/\/empatec.com.ar\/product\/cortadora-de-discos-sin-film-separador-rt-e\/\",\"url\":\"https:\/\/empatec.com.ar\/product\/cortadora-de-discos-sin-film-separador-rt-e\/\",\"name\":\"Cortadora de discos sin film separador RT-E - Empatec\",\"isPartOf\":{\"@id\":\"https:\/\/empatec.com.ar\/#website\"},\"primaryImageOfPage\":{\"@id\":\"https:\/\/empatec.com.ar\/product\/cortadora-de-discos-sin-film-separador-rt-e\/#primaryimage\"},\"image\":{\"@id\":\"https:\/\/empatec.com.ar\/product\/cortadora-de-discos-sin-film-separador-rt-e\/#primaryimage\"},\"thumbnailUrl\":\"https:\/\/empatec.com.ar\/wp-content\/uploads\/2024\/06\/RT-E-sombra-Formato-webp-scaled.webp\",\"datePublished\":\"2024-06-18T12:01:54+00:00\",\"dateModified\":\"2024-06-18T12:12:52+00:00\",\"breadcrumb\":{\"@id\":\"https:\/\/empatec.com.ar\/product\/cortadora-de-discos-sin-film-separador-rt-e\/#breadcrumb\"},\"inLanguage\":\"en-US\",\"potentialAction\":[{\"@type\":\"ReadAction\",\"target\":[\"https:\/\/empatec.com.ar\/product\/cortadora-de-discos-sin-film-separador-rt-e\/\"]}]},{\"@type\":\"ImageObject\",\"inLanguage\":\"en-US\",\"@id\":\"https:\/\/empatec.com.ar\/product\/cortadora-de-discos-sin-film-separador-rt-e\/#primaryimage\",\"url\":\"https:\/\/empatec.com.ar\/wp-content\/uploads\/2024\/06\/RT-E-sombra-Formato-webp-scaled.webp\",\"contentUrl\":\"https:\/\/empatec.com.ar\/wp-content\/uploads\/2024\/06\/RT-E-sombra-Formato-webp-scaled.webp\",\"width\":2560,\"height\":1928},{\"@type\":\"BreadcrumbList\",\"@id\":\"https:\/\/empatec.com.ar\/product\/cortadora-de-discos-sin-film-separador-rt-e\/#breadcrumb\",\"itemListElement\":[{\"@type\":\"ListItem\",\"position\":1,\"name\":\"Home\",\"item\":\"https:\/\/empatec.com.ar\/\"},{\"@type\":\"ListItem\",\"position\":2,\"name\":\"Productos\",\"item\":\"https:\/\/empatec.com.ar\/productos\/\"},{\"@type\":\"ListItem\",\"position\":3,\"name\":\"Cortadora de discos sin film separador RT-E\"}]},{\"@type\":\"WebSite\",\"@id\":\"https:\/\/empatec.com.ar\/#website\",\"url\":\"https:\/\/empatec.com.ar\/\",\"name\":\"Empatec\",\"description\":\"Maquinas para fabricar empanadas\",\"publisher\":{\"@id\":\"https:\/\/empatec.com.ar\/#organization\"},\"potentialAction\":[{\"@type\":\"SearchAction\",\"target\":{\"@type\":\"EntryPoint\",\"urlTemplate\":\"https:\/\/empatec.com.ar\/?s={search_term_string}\"},\"query-input\":\"required name=search_term_string\"}],\"inLanguage\":\"en-US\"},{\"@type\":\"Organization\",\"@id\":\"https:\/\/empatec.com.ar\/#organization\",\"name\":\"Empatec\",\"url\":\"https:\/\/empatec.com.ar\/\",\"logo\":{\"@type\":\"ImageObject\",\"inLanguage\":\"en-US\",\"@id\":\"https:\/\/empatec.com.ar\/#\/schema\/logo\/image\/\",\"url\":\"https:\/\/empatec.com.ar\/wp-content\/uploads\/2022\/07\/logo-empatec.png\",\"contentUrl\":\"https:\/\/empatec.com.ar\/wp-content\/uploads\/2022\/07\/logo-empatec.png\",\"width\":1045,\"height\":573,\"caption\":\"Empatec\"},\"image\":{\"@id\":\"https:\/\/empatec.com.ar\/#\/schema\/logo\/image\/\"}}]}<\/script>\n<!-- \/ Yoast SEO Premium plugin. -->","yoast_head_json":{"title":"Cortadora de discos sin film separador RT-E - Empatec","robots":{"index":"index","follow":"follow","max-snippet":"max-snippet:-1","max-image-preview":"max-image-preview:large","max-video-preview":"max-video-preview:-1"},"canonical":"https:\/\/empatec.com.ar\/en\/product\/cortadora-de-discos-sin-film-separador-rt-e\/","og_locale":"en_US","og_type":"article","og_title":"Cortadora de discos sin film separador RT-E","og_description":"Caracter\u00edsticas principales:  El modelo RT es una m\u00e1quina cortadora de discos de empanadas de alta producci\u00f3n sin film separador, puede cortar distintos tipos de tama\u00f1os y formas a pedido del cliente, gracias a que funciona con un rolo cortador intercambiable.","og_url":"https:\/\/empatec.com.ar\/en\/product\/cortadora-de-discos-sin-film-separador-rt-e\/","og_site_name":"Empatec","article_modified_time":"2024-06-18T12:12:52+00:00","og_image":[{"width":2560,"height":1928,"url":"https:\/\/empatec.com.ar\/wp-content\/uploads\/2024\/06\/RT-E-sombra-Formato-webp-scaled.webp","type":"image\/webp"}],"twitter_card":"summary_large_image","twitter_misc":{"Est. reading time":"2 minutes"},"schema":{"@context":"https:\/\/schema.org","@graph":[{"@type":"WebPage","@id":"https:\/\/empatec.com.ar\/product\/cortadora-de-discos-sin-film-separador-rt-e\/","url":"https:\/\/empatec.com.ar\/product\/cortadora-de-discos-sin-film-separador-rt-e\/","name":"Cortadora de discos sin film separador RT-E - Empatec","isPartOf":{"@id":"https:\/\/empatec.com.ar\/#website"},"primaryImageOfPage":{"@id":"https:\/\/empatec.com.ar\/product\/cortadora-de-discos-sin-film-separador-rt-e\/#primaryimage"},"image":{"@id":"https:\/\/empatec.com.ar\/product\/cortadora-de-discos-sin-film-separador-rt-e\/#primaryimage"},"thumbnailUrl":"https:\/\/empatec.com.ar\/wp-content\/uploads\/2024\/06\/RT-E-sombra-Formato-webp-scaled.webp","datePublished":"2024-06-18T12:01:54+00:00","dateModified":"2024-06-18T12:12:52+00:00","breadcrumb":{"@id":"https:\/\/empatec.com.ar\/product\/cortadora-de-discos-sin-film-separador-rt-e\/#breadcrumb"},"inLanguage":"en-US","potentialAction":[{"@type":"ReadAction","target":["https:\/\/empatec.com.ar\/product\/cortadora-de-discos-sin-film-separador-rt-e\/"]}]},{"@type":"ImageObject","inLanguage":"en-US","@id":"https:\/\/empatec.com.ar\/product\/cortadora-de-discos-sin-film-separador-rt-e\/#primaryimage","url":"https:\/\/empatec.com.ar\/wp-content\/uploads\/2024\/06\/RT-E-sombra-Formato-webp-scaled.webp","contentUrl":"https:\/\/empatec.com.ar\/wp-content\/uploads\/2024\/06\/RT-E-sombra-Formato-webp-scaled.webp","width":2560,"height":1928},{"@type":"BreadcrumbList","@id":"https:\/\/empatec.com.ar\/product\/cortadora-de-discos-sin-film-separador-rt-e\/#breadcrumb","itemListElement":[{"@type":"ListItem","position":1,"name":"Home","item":"https:\/\/empatec.com.ar\/"},{"@type":"ListItem","position":2,"name":"Productos","item":"https:\/\/empatec.com.ar\/productos\/"},{"@type":"ListItem","position":3,"name":"Cortadora de discos sin film separador RT-E"}]},{"@type":"WebSite","@id":"https:\/\/empatec.com.ar\/#website","url":"https:\/\/empatec.com.ar\/","name":"Empatec","description":"Maquinas para fabricar empanadas","publisher":{"@id":"https:\/\/empatec.com.ar\/#organization"},"potentialAction":[{"@type":"SearchAction","target":{"@type":"EntryPoint","urlTemplate":"https:\/\/empatec.com.ar\/?s={search_term_string}"},"query-input":"required name=search_term_string"}],"inLanguage":"en-US"},{"@type":"Organization","@id":"https:\/\/empatec.com.ar\/#organization","name":"Empatec","url":"https:\/\/empatec.com.ar\/","logo":{"@type":"ImageObject","inLanguage":"en-US","@id":"https:\/\/empatec.com.ar\/#\/schema\/logo\/image\/","url":"https:\/\/empatec.com.ar\/wp-content\/uploads\/2022\/07\/logo-empatec.png","contentUrl":"https:\/\/empatec.com.ar\/wp-content\/uploads\/2022\/07\/logo-empatec.png","width":1045,"height":573,"caption":"Empatec"},"image":{"@id":"https:\/\/empatec.com.ar\/#\/schema\/logo\/image\/"}}]}},"_links":{"self":[{"href":"https:\/\/empatec.com.ar\/en\/wp-json\/wp\/v2\/product\/12458","targetHints":{"allow":["GET"]}}],"collection":[{"href":"https:\/\/empatec.com.ar\/en\/wp-json\/wp\/v2\/product"}],"about":[{"href":"https:\/\/empatec.com.ar\/en\/wp-json\/wp\/v2\/types\/product"}],"version-history":[{"count":1,"href":"https:\/\/empatec.com.ar\/en\/wp-json\/wp\/v2\/product\/12458\/revisions"}],"predecessor-version":[{"id":12461,"href":"https:\/\/empatec.com.ar\/en\/wp-json\/wp\/v2\/product\/12458\/revisions\/12461"}],"wp:featuredmedia":[{"embeddable":true,"href":"https:\/\/empatec.com.ar\/en\/wp-json\/wp\/v2\/media\/12462"}],"wp:attachment":[{"href":"https:\/\/empatec.com.ar\/en\/wp-json\/wp\/v2\/media?parent=12458"}],"wp:term":[{"taxonomy":"product_cat","embeddable":true,"href":"https:\/\/empatec.com.ar\/en\/wp-json\/wp\/v2\/product_cat?post=12458"},{"taxonomy":"product_tag","embeddable":true,"href":"https:\/\/empatec.com.ar\/en\/wp-json\/wp\/v2\/product_tag?post=12458"}],"curies":[{"name":"wp","href":"https:\/\/api.w.org\/{rel}","templated":true}]}}