{"id":11682,"date":"2022-07-07T01:44:49","date_gmt":"2022-07-07T01:44:49","guid":{"rendered":"https:\/\/empatec.com.ar\/?post_type=product&#038;p=11682"},"modified":"2023-08-15T19:28:22","modified_gmt":"2023-08-15T19:28:22","slug":"envasadora-flow-pack","status":"publish","type":"product","link":"https:\/\/empatec.com.ar\/pt\/product\/envasadora-flow-pack\/","title":{"rendered":"Embalagem Flow Pack"},"content":{"rendered":"<p><strong>Procedimento de alimenta\u00e7\u00e3o:<\/strong><br \/>\nO produto \u00e9 depositado em uma fita de entrada contra um guia lateral ajust\u00e1vel \u00e0 medida do produto, em seguida, a m\u00e1quina ir\u00e1 transport\u00e1-lo at\u00e9 um posicionador \u00f3ptico que centrar-se, o produto de forma que coincida perfeitamente com o recipiente impresso. Uma vez enviado o produto dentro do ombro conformador do recipiente, este ser\u00e1 traccionado e soldado longitudinalmente para, finalmente, ser selado de forma transversal e simultaneamente cortado em todas as unidades.<\/p>\n<p>Este equipamento \u00e9 capaz de embalar produtos de v\u00e1rias dimens\u00f5es, com uma gama de 80 a 320mm de largura, apenas alterando o shaper (consulte medidas especiais).<\/p>\n<p>Ao contr\u00e1rio das envasadores existentes no mercado, esta detecta a exist\u00eancia do produto e ativa o seu funcionamento automaticamente apenas quando o mesmo est\u00e1 presente, de forma que n\u00e3o h\u00e1 chance de erro em rela\u00e7\u00e3o a alimenta\u00e7\u00e3o, nem o risgo de desperd\u00edcio de filme. A sua velocidade \u00e9 constante, mas a m\u00e1quina n\u00e3o funciona quando n\u00e3o h\u00e1 produtos que embalar.<\/p>\n<p><a href=\"https:\/\/empatec.com.ar\/wp-content\/uploads\/2022\/08\/Folleto-EFP.pdf\" target=\"_blank\" rel=\"noopener\">Fa\u00e7a o download do folheto de Embalagem Flow Pack<\/a><\/p>\n<p><img decoding=\"async\" class=\"alignnone wp-image-12157\" src=\"https:\/\/empatec.com.ar\/wp-content\/uploads\/2022\/07\/Folleto-EFP-300x300.png\" alt=\"\" width=\"200\" height=\"200\" srcset=\"https:\/\/empatec.com.ar\/wp-content\/uploads\/2022\/07\/Folleto-EFP-300x300.png 300w, https:\/\/empatec.com.ar\/wp-content\/uploads\/2022\/07\/Folleto-EFP-1024x1024.png 1024w, https:\/\/empatec.com.ar\/wp-content\/uploads\/2022\/07\/Folleto-EFP-150x150.png 150w, https:\/\/empatec.com.ar\/wp-content\/uploads\/2022\/07\/Folleto-EFP-768x768.png 768w, https:\/\/empatec.com.ar\/wp-content\/uploads\/2022\/07\/Folleto-EFP-12x12.png 12w, https:\/\/empatec.com.ar\/wp-content\/uploads\/2022\/07\/Folleto-EFP-550x550.png 550w, https:\/\/empatec.com.ar\/wp-content\/uploads\/2022\/07\/Folleto-EFP-100x100.png 100w, https:\/\/empatec.com.ar\/wp-content\/uploads\/2022\/07\/Folleto-EFP.png 1166w\" sizes=\"(max-width: 200px) 100vw, 200px\" \/><\/p>\n<div class=\"entry-content-asset videofit\"><iframe title=\"Empatec: Envasadora flow pack\" width=\"720\" height=\"540\" src=\"https:\/\/www.youtube.com\/embed\/M8AamB1ttfo?feature=oembed\" frameborder=\"0\" allow=\"accelerometer; autoplay; clipboard-write; encrypted-media; gyroscope; picture-in-picture; web-share\" allowfullscreen><\/iframe><\/div>\n<div class=\"entry-content-asset videofit\"><iframe title=\"Empatec: Envasado de fideos en cajas con modelo EFP\" width=\"720\" height=\"405\" src=\"https:\/\/www.youtube.com\/embed\/MucFqCliG90?feature=oembed\" frameborder=\"0\" allow=\"accelerometer; autoplay; clipboard-write; encrypted-media; gyroscope; picture-in-picture; web-share\" allowfullscreen><\/iframe><\/div>","protected":false},"excerpt":{"rendered":"<p><strong>Caracter\u00edsticas gerais:<\/strong><\/p>\n<p>Conta com sistemas de seguran\u00e7a para a m\u00e1quina e o operador<br \/>\nSua produ\u00e7\u00e3o aproximada de 45 pacotes\/min no caso de ser um produto de 125mm de comprimento<br \/>\nO material usado para formar o recipiente \u00e9 polipropileno biorentado (PPB0).<br \/>\nOmbros vari\u00e1veis para a embalagem de produtos diferentes<\/p>\n<p><strong>Motores:<\/strong><br \/>\nMotor de fita de entrada: 0.25 HP<br \/>\nMotores de tra\u00e7\u00e3o: 0,25 HP<\/p>","protected":false},"featured_media":12022,"template":"","meta":{"_kad_post_transparent":"default","_kad_post_title":"","_kad_post_layout":"default","_kad_post_sidebar_id":"","_kad_post_content_style":"default","_kad_post_vertical_padding":"default","_kad_post_feature":"","_kad_post_feature_position":"","_kad_post_header":false,"_kad_post_footer":false},"product_cat":[116],"product_tag":[],"class_list":{"0":"post-11682","1":"product","2":"type-product","3":"status-publish","4":"has-post-thumbnail","6":"product_cat-producto","8":"first","9":"instock","10":"shipping-taxable","11":"product-type-simple","12":"entry","13":"content-bg","14":"loop-entry"},"yoast_head":"<!-- This site is optimized with the Yoast SEO Premium plugin v19.2.1 (Yoast SEO v22.9) - https:\/\/yoast.com\/wordpress\/plugins\/seo\/ -->\n<title>Envasadora Flow Pack - Empatec<\/title>\n<meta name=\"robots\" content=\"index, follow, max-snippet:-1, max-image-preview:large, max-video-preview:-1\" \/>\n<link rel=\"canonical\" href=\"https:\/\/empatec.com.ar\/pt\/product\/envasadora-flow-pack\/\" \/>\n<meta property=\"og:locale\" content=\"pt_BR\" \/>\n<meta property=\"og:type\" content=\"article\" \/>\n<meta property=\"og:title\" content=\"Envasadora Flow Pack\" \/>\n<meta property=\"og:description\" content=\"Caracter\u00edsticas generales:  Cuenta con sistemas de seguridad para la m\u00e1quina y el operador Su producci\u00f3n aproximada es de 45 paquetes\/min en el caso de envasar un producto de 125mm de largo El material utilizado para conformar el envase es polipropileno biorentado (PPB0). Hombros cambiables para envasar diferentes productos  Motores: Motor de cinta de entrada: 0,25 HP Motores de tracci\u00f3n: 0,25 HP\" \/>\n<meta property=\"og:url\" content=\"https:\/\/empatec.com.ar\/pt\/product\/envasadora-flow-pack\/\" \/>\n<meta property=\"og:site_name\" content=\"Empatec\" \/>\n<meta property=\"article:modified_time\" content=\"2023-08-15T19:28:22+00:00\" \/>\n<meta property=\"og:image\" content=\"https:\/\/empatec.com.ar\/wp-content\/uploads\/2022\/07\/Envasadora-Flow-Pack-1.png\" \/>\n\t<meta property=\"og:image:width\" content=\"800\" \/>\n\t<meta property=\"og:image:height\" content=\"600\" \/>\n\t<meta property=\"og:image:type\" content=\"image\/png\" \/>\n<meta name=\"twitter:card\" content=\"summary_large_image\" \/>\n<meta name=\"twitter:label1\" content=\"Est. tempo de leitura\" \/>\n\t<meta name=\"twitter:data1\" content=\"1 minuto\" \/>\n<script type=\"application\/ld+json\" class=\"yoast-schema-graph\">{\"@context\":\"https:\/\/schema.org\",\"@graph\":[{\"@type\":\"WebPage\",\"@id\":\"https:\/\/empatec.com.ar\/product\/envasadora-flow-pack\/\",\"url\":\"https:\/\/empatec.com.ar\/product\/envasadora-flow-pack\/\",\"name\":\"Envasadora Flow Pack - Empatec\",\"isPartOf\":{\"@id\":\"https:\/\/empatec.com.ar\/#website\"},\"primaryImageOfPage\":{\"@id\":\"https:\/\/empatec.com.ar\/product\/envasadora-flow-pack\/#primaryimage\"},\"image\":{\"@id\":\"https:\/\/empatec.com.ar\/product\/envasadora-flow-pack\/#primaryimage\"},\"thumbnailUrl\":\"https:\/\/empatec.com.ar\/wp-content\/uploads\/2022\/07\/Envasadora-Flow-Pack-1.png\",\"datePublished\":\"2022-07-07T01:44:49+00:00\",\"dateModified\":\"2023-08-15T19:28:22+00:00\",\"breadcrumb\":{\"@id\":\"https:\/\/empatec.com.ar\/product\/envasadora-flow-pack\/#breadcrumb\"},\"inLanguage\":\"pt-BR\",\"potentialAction\":[{\"@type\":\"ReadAction\",\"target\":[\"https:\/\/empatec.com.ar\/product\/envasadora-flow-pack\/\"]}]},{\"@type\":\"ImageObject\",\"inLanguage\":\"pt-BR\",\"@id\":\"https:\/\/empatec.com.ar\/product\/envasadora-flow-pack\/#primaryimage\",\"url\":\"https:\/\/empatec.com.ar\/wp-content\/uploads\/2022\/07\/Envasadora-Flow-Pack-1.png\",\"contentUrl\":\"https:\/\/empatec.com.ar\/wp-content\/uploads\/2022\/07\/Envasadora-Flow-Pack-1.png\",\"width\":800,\"height\":600,\"caption\":\"Envasadora Flow Pack Empatec\"},{\"@type\":\"BreadcrumbList\",\"@id\":\"https:\/\/empatec.com.ar\/product\/envasadora-flow-pack\/#breadcrumb\",\"itemListElement\":[{\"@type\":\"ListItem\",\"position\":1,\"name\":\"Home\",\"item\":\"https:\/\/empatec.com.ar\/\"},{\"@type\":\"ListItem\",\"position\":2,\"name\":\"Productos\",\"item\":\"https:\/\/empatec.com.ar\/productos\/\"},{\"@type\":\"ListItem\",\"position\":3,\"name\":\"Envasadora Flow Pack\"}]},{\"@type\":\"WebSite\",\"@id\":\"https:\/\/empatec.com.ar\/#website\",\"url\":\"https:\/\/empatec.com.ar\/\",\"name\":\"Empatec\",\"description\":\"Maquinas para fabricar empanadas\",\"publisher\":{\"@id\":\"https:\/\/empatec.com.ar\/#organization\"},\"potentialAction\":[{\"@type\":\"SearchAction\",\"target\":{\"@type\":\"EntryPoint\",\"urlTemplate\":\"https:\/\/empatec.com.ar\/?s={search_term_string}\"},\"query-input\":\"required name=search_term_string\"}],\"inLanguage\":\"pt-BR\"},{\"@type\":\"Organization\",\"@id\":\"https:\/\/empatec.com.ar\/#organization\",\"name\":\"Empatec\",\"url\":\"https:\/\/empatec.com.ar\/\",\"logo\":{\"@type\":\"ImageObject\",\"inLanguage\":\"pt-BR\",\"@id\":\"https:\/\/empatec.com.ar\/#\/schema\/logo\/image\/\",\"url\":\"https:\/\/empatec.com.ar\/wp-content\/uploads\/2022\/07\/logo-empatec.png\",\"contentUrl\":\"https:\/\/empatec.com.ar\/wp-content\/uploads\/2022\/07\/logo-empatec.png\",\"width\":1045,\"height\":573,\"caption\":\"Empatec\"},\"image\":{\"@id\":\"https:\/\/empatec.com.ar\/#\/schema\/logo\/image\/\"}}]}<\/script>\n<!-- \/ Yoast SEO Premium plugin. -->","yoast_head_json":{"title":"Envasadora Flow Pack - Empatec","robots":{"index":"index","follow":"follow","max-snippet":"max-snippet:-1","max-image-preview":"max-image-preview:large","max-video-preview":"max-video-preview:-1"},"canonical":"https:\/\/empatec.com.ar\/pt\/product\/envasadora-flow-pack\/","og_locale":"pt_BR","og_type":"article","og_title":"Envasadora Flow Pack","og_description":"Caracter\u00edsticas generales:  Cuenta con sistemas de seguridad para la m\u00e1quina y el operador Su producci\u00f3n aproximada es de 45 paquetes\/min en el caso de envasar un producto de 125mm de largo El material utilizado para conformar el envase es polipropileno biorentado (PPB0). Hombros cambiables para envasar diferentes productos  Motores: Motor de cinta de entrada: 0,25 HP Motores de tracci\u00f3n: 0,25 HP","og_url":"https:\/\/empatec.com.ar\/pt\/product\/envasadora-flow-pack\/","og_site_name":"Empatec","article_modified_time":"2023-08-15T19:28:22+00:00","og_image":[{"width":800,"height":600,"url":"https:\/\/empatec.com.ar\/wp-content\/uploads\/2022\/07\/Envasadora-Flow-Pack-1.png","type":"image\/png"}],"twitter_card":"summary_large_image","twitter_misc":{"Est. tempo de leitura":"1 minuto"},"schema":{"@context":"https:\/\/schema.org","@graph":[{"@type":"WebPage","@id":"https:\/\/empatec.com.ar\/product\/envasadora-flow-pack\/","url":"https:\/\/empatec.com.ar\/product\/envasadora-flow-pack\/","name":"Envasadora Flow Pack - Empatec","isPartOf":{"@id":"https:\/\/empatec.com.ar\/#website"},"primaryImageOfPage":{"@id":"https:\/\/empatec.com.ar\/product\/envasadora-flow-pack\/#primaryimage"},"image":{"@id":"https:\/\/empatec.com.ar\/product\/envasadora-flow-pack\/#primaryimage"},"thumbnailUrl":"https:\/\/empatec.com.ar\/wp-content\/uploads\/2022\/07\/Envasadora-Flow-Pack-1.png","datePublished":"2022-07-07T01:44:49+00:00","dateModified":"2023-08-15T19:28:22+00:00","breadcrumb":{"@id":"https:\/\/empatec.com.ar\/product\/envasadora-flow-pack\/#breadcrumb"},"inLanguage":"pt-BR","potentialAction":[{"@type":"ReadAction","target":["https:\/\/empatec.com.ar\/product\/envasadora-flow-pack\/"]}]},{"@type":"ImageObject","inLanguage":"pt-BR","@id":"https:\/\/empatec.com.ar\/product\/envasadora-flow-pack\/#primaryimage","url":"https:\/\/empatec.com.ar\/wp-content\/uploads\/2022\/07\/Envasadora-Flow-Pack-1.png","contentUrl":"https:\/\/empatec.com.ar\/wp-content\/uploads\/2022\/07\/Envasadora-Flow-Pack-1.png","width":800,"height":600,"caption":"Envasadora Flow Pack Empatec"},{"@type":"BreadcrumbList","@id":"https:\/\/empatec.com.ar\/product\/envasadora-flow-pack\/#breadcrumb","itemListElement":[{"@type":"ListItem","position":1,"name":"Home","item":"https:\/\/empatec.com.ar\/"},{"@type":"ListItem","position":2,"name":"Productos","item":"https:\/\/empatec.com.ar\/productos\/"},{"@type":"ListItem","position":3,"name":"Envasadora Flow Pack"}]},{"@type":"WebSite","@id":"https:\/\/empatec.com.ar\/#website","url":"https:\/\/empatec.com.ar\/","name":"Empatec","description":"Maquinas para fabricar empanadas","publisher":{"@id":"https:\/\/empatec.com.ar\/#organization"},"potentialAction":[{"@type":"SearchAction","target":{"@type":"EntryPoint","urlTemplate":"https:\/\/empatec.com.ar\/?s={search_term_string}"},"query-input":"required name=search_term_string"}],"inLanguage":"pt-BR"},{"@type":"Organization","@id":"https:\/\/empatec.com.ar\/#organization","name":"Empatec","url":"https:\/\/empatec.com.ar\/","logo":{"@type":"ImageObject","inLanguage":"pt-BR","@id":"https:\/\/empatec.com.ar\/#\/schema\/logo\/image\/","url":"https:\/\/empatec.com.ar\/wp-content\/uploads\/2022\/07\/logo-empatec.png","contentUrl":"https:\/\/empatec.com.ar\/wp-content\/uploads\/2022\/07\/logo-empatec.png","width":1045,"height":573,"caption":"Empatec"},"image":{"@id":"https:\/\/empatec.com.ar\/#\/schema\/logo\/image\/"}}]}},"_links":{"self":[{"href":"https:\/\/empatec.com.ar\/pt\/wp-json\/wp\/v2\/product\/11682","targetHints":{"allow":["GET"]}}],"collection":[{"href":"https:\/\/empatec.com.ar\/pt\/wp-json\/wp\/v2\/product"}],"about":[{"href":"https:\/\/empatec.com.ar\/pt\/wp-json\/wp\/v2\/types\/product"}],"version-history":[{"count":18,"href":"https:\/\/empatec.com.ar\/pt\/wp-json\/wp\/v2\/product\/11682\/revisions"}],"predecessor-version":[{"id":12404,"href":"https:\/\/empatec.com.ar\/pt\/wp-json\/wp\/v2\/product\/11682\/revisions\/12404"}],"wp:featuredmedia":[{"embeddable":true,"href":"https:\/\/empatec.com.ar\/pt\/wp-json\/wp\/v2\/media\/12022"}],"wp:attachment":[{"href":"https:\/\/empatec.com.ar\/pt\/wp-json\/wp\/v2\/media?parent=11682"}],"wp:term":[{"taxonomy":"product_cat","embeddable":true,"href":"https:\/\/empatec.com.ar\/pt\/wp-json\/wp\/v2\/product_cat?post=11682"},{"taxonomy":"product_tag","embeddable":true,"href":"https:\/\/empatec.com.ar\/pt\/wp-json\/wp\/v2\/product_tag?post=11682"}],"curies":[{"name":"wp","href":"https:\/\/api.w.org\/{rel}","templated":true}]}}