{"id":11710,"date":"2022-07-07T02:55:45","date_gmt":"2022-07-07T02:55:45","guid":{"rendered":"https:\/\/empatec.com.ar\/?post_type=product&#038;p=11710"},"modified":"2023-08-15T20:01:18","modified_gmt":"2023-08-15T20:01:18","slug":"equipo-cortador-de-discos-cd1","status":"publish","type":"product","link":"https:\/\/empatec.com.ar\/pt\/product\/equipo-cortador-de-discos-cd1\/","title":{"rendered":"Equipamento cortador de discos Modelo CD1"},"content":{"rendered":"<p><strong>Fa\u00e7a o download do folheto anexo do equipamento cortador de discos Modelo CD2<\/strong><\/p>\n<p>O modelo CD1 est\u00e1 concebido para satisfazer as necessidades do cliente, com uma m\u00e9dia de produ\u00e7\u00e3o de discos de tortas ou afins, conta com um menu de receitas, onde cada produto fica registrado por meio de uma tela touch e um plc, sem a necessidade de perdas de tempos em regulamentos de seus cabe\u00e7otes cortadores.<\/p>\n<p>O Modelo CD1 funciona atrav\u00e9s de uma folha de massa de 600 mm de largura, que se introduz no laminador, possui um sistema de sensoriamento de massa para evitar o estiramento da mesma, a massa se acopla com um filme separador no qual ambos ser\u00e3o cortados por a cabe\u00e7a para, em seguida, ser depositado em bandejas transelevadores que devem ser retiradas manualmente, contando com um tempo de espera program\u00e1vel por meio do plc e tela de toque.<\/p>\n<p><strong>Especifica\u00e7\u00f5es T\u00e9cnicas:<\/strong><\/p>\n<ul>\n<li>Tem um design compacto<\/li>\n<li>\u00c9 constru\u00eddo com a\u00e7o inoxid\u00e1vel ou chapa pintada (de acordo com o pedido do cliente)<\/li>\n<li>Tem cabe\u00e7as intercambi\u00e1veis para diferentes di\u00e2metros de corte, a partir de 80 at\u00e9 320mm (consultar di\u00e2metros especiais)<\/li>\n<li>O sistema de separa\u00e7\u00e3o de massa e o filme que sobraram est\u00e3o totalmente automatizado<\/li>\n<li>Os discos cortados com sua correspondente separador empilhados ordenadamente e em quantidades program\u00e1veis sobre uma bandeja coletora<\/li>\n<li>Trabalha com l\u00e2minas rotativas, cortando individualmente cada disco com seu respectivo separador<\/li>\n<li>Possui sistemas de seguran\u00e7a para o operador e a m\u00e1quina em caso de emerg\u00eancia<\/li>\n<li>Todos os materiais que est\u00e3o em contacto com os alimentos s\u00e3o permitidos por normas internacionais<\/li>\n<\/ul>\n<p><a href=\"https:\/\/empatec.com.ar\/wp-content\/uploads\/2022\/08\/Folleto-CD1.pdf\" target=\"_blank\" rel=\"noopener\">Fa\u00e7a o download do folheto do Equipamento cortador de discos CD1<\/a><\/p>\n<p><img decoding=\"async\" class=\"alignnone wp-image-12160\" src=\"https:\/\/empatec.com.ar\/wp-content\/uploads\/2022\/07\/Folleto-CD1-300x300.png\" alt=\"\" width=\"200\" height=\"200\" srcset=\"https:\/\/empatec.com.ar\/wp-content\/uploads\/2022\/07\/Folleto-CD1-300x300.png 300w, https:\/\/empatec.com.ar\/wp-content\/uploads\/2022\/07\/Folleto-CD1-1024x1024.png 1024w, https:\/\/empatec.com.ar\/wp-content\/uploads\/2022\/07\/Folleto-CD1-150x150.png 150w, https:\/\/empatec.com.ar\/wp-content\/uploads\/2022\/07\/Folleto-CD1-768x768.png 768w, https:\/\/empatec.com.ar\/wp-content\/uploads\/2022\/07\/Folleto-CD1-12x12.png 12w, https:\/\/empatec.com.ar\/wp-content\/uploads\/2022\/07\/Folleto-CD1-550x550.png 550w, https:\/\/empatec.com.ar\/wp-content\/uploads\/2022\/07\/Folleto-CD1-100x100.png 100w, https:\/\/empatec.com.ar\/wp-content\/uploads\/2022\/07\/Folleto-CD1.png 1166w\" sizes=\"(max-width: 200px) 100vw, 200px\" \/><\/p>\n<p><a href=\"https:\/\/empatec.com.ar\/wp-content\/uploads\/2023\/08\/Folleto-CD1-con-apilador-automatico.pdf\" target=\"_blank\" rel=\"noopener\">Descarga el folleto del Equipo cortador de discos CD1 con apilador autom\u00e1tico<\/a><\/p>\n<p><img decoding=\"async\" class=\"alignnone  wp-image-12419\" src=\"https:\/\/empatec.com.ar\/wp-content\/uploads\/2022\/07\/CD1conapiladorautomatico-300x300.png\" alt=\"\" width=\"202\" height=\"202\" srcset=\"https:\/\/empatec.com.ar\/wp-content\/uploads\/2022\/07\/CD1conapiladorautomatico-300x300.png 300w, https:\/\/empatec.com.ar\/wp-content\/uploads\/2022\/07\/CD1conapiladorautomatico-150x150.png 150w, https:\/\/empatec.com.ar\/wp-content\/uploads\/2022\/07\/CD1conapiladorautomatico-768x768.png 768w, https:\/\/empatec.com.ar\/wp-content\/uploads\/2022\/07\/CD1conapiladorautomatico-12x12.png 12w, https:\/\/empatec.com.ar\/wp-content\/uploads\/2022\/07\/CD1conapiladorautomatico-550x550.png 550w, https:\/\/empatec.com.ar\/wp-content\/uploads\/2022\/07\/CD1conapiladorautomatico-100x100.png 100w, https:\/\/empatec.com.ar\/wp-content\/uploads\/2022\/07\/CD1conapiladorautomatico.png 969w\" sizes=\"(max-width: 202px) 100vw, 202px\" \/><\/p>\n<div class=\"entry-content-asset videofit\"><iframe title=\"Empatec: Cortadora de Discos de empanadas Modelo CD1\" width=\"720\" height=\"405\" src=\"https:\/\/www.youtube.com\/embed\/gTT_q4sWfr4?start=20&#038;feature=oembed\" frameborder=\"0\" allow=\"accelerometer; autoplay; clipboard-write; encrypted-media; gyroscope; picture-in-picture; web-share\" allowfullscreen><\/iframe><\/div>\n<div class=\"entry-content-asset videofit\"><iframe title=\"Empatec: Cortadora de discos con apilado en bandeja\" width=\"720\" height=\"540\" src=\"https:\/\/www.youtube.com\/embed\/0pij97j2sMQ?feature=oembed\" frameborder=\"0\" allow=\"accelerometer; autoplay; clipboard-write; encrypted-media; gyroscope; picture-in-picture; web-share\" allowfullscreen><\/iframe><\/div>","protected":false},"excerpt":{"rendered":"<p><strong>Especifica\u00e7\u00f5es T\u00e9cnicas:<\/strong><\/p>\n<p>Tem um design compacto<br \/>\n\u00c9 constru\u00eddo com a\u00e7o inoxid\u00e1vel ou chapa pintada (de acordo com o pedido do cliente)<br \/>\nTem cabe\u00e7as intercambi\u00e1veis para diferentes di\u00e2metros de corte, a partir de 80 at\u00e9 320mm (consultar di\u00e2metros especiais)<br \/>\nO sistema de separa\u00e7\u00e3o de massa e o filme que sobraram est\u00e3o totalmente automatizado<br \/>\nOs discos cortados com sua correspondente separador empilhados ordenadamente e em quantidades program\u00e1veis sobre uma bandeja coletora<br \/>\nTrabalha com l\u00e2minas rotativas, cortando individualmente cada disco com seu respectivo separador<br \/>\nPossui sistemas de seguran\u00e7a para o operador e a m\u00e1quina em caso de emerg\u00eancia<br \/>\nTodos os materiais que est\u00e3o em contacto com os alimentos s\u00e3o permitidos por normas internacionais<\/p>","protected":false},"featured_media":11711,"template":"","meta":{"_kad_post_transparent":"default","_kad_post_title":"","_kad_post_layout":"default","_kad_post_sidebar_id":"","_kad_post_content_style":"default","_kad_post_vertical_padding":"default","_kad_post_feature":"","_kad_post_feature_position":"","_kad_post_header":false,"_kad_post_footer":false},"product_cat":[116],"product_tag":[],"class_list":{"0":"post-11710","1":"product","2":"type-product","3":"status-publish","4":"has-post-thumbnail","6":"product_cat-producto","8":"first","9":"instock","10":"shipping-taxable","11":"product-type-simple","12":"entry","13":"content-bg","14":"loop-entry"},"yoast_head":"<!-- This site is optimized with the Yoast SEO Premium plugin v19.2.1 (Yoast SEO v22.9) - https:\/\/yoast.com\/wordpress\/plugins\/seo\/ -->\n<title>Equipo cortador de discos CD1 - Empatec<\/title>\n<meta name=\"robots\" content=\"index, follow, max-snippet:-1, max-image-preview:large, max-video-preview:-1\" \/>\n<link rel=\"canonical\" href=\"https:\/\/empatec.com.ar\/pt\/product\/equipo-cortador-de-discos-cd1\/\" \/>\n<meta property=\"og:locale\" content=\"pt_BR\" \/>\n<meta property=\"og:type\" content=\"article\" \/>\n<meta property=\"og:title\" content=\"Equipo cortador de discos CD1\" \/>\n<meta property=\"og:description\" content=\"Especificaciones T\u00e9cnicas:  Posee un dise\u00f1o compacto Est\u00e1 construido con acero inoxidable o chapa pintada (seg\u00fan el pedido del cliente) Posee cabezales intercambiables para diferentes di\u00e1metros de corte, desde 80 hasta 320mm (consultar di\u00e1metros especiales) El sistema de separaci\u00f3n de masa y el film sobrantes est\u00e1n completamente automatizado Los discos cortados con su correspondiente separador se apilan prolijamente y en cantidades programables sobre una bandeja colectora Trabaja con cuchillas rotativas, cortando individualmente cada disco con su respectivo separador Posee sistemas de seguridad para el operador y la m\u00e1quina en caso de emergencia Todos los materiales que est\u00e1n en contacto con los alimentos son permitidos por normas internacionales\" \/>\n<meta property=\"og:url\" content=\"https:\/\/empatec.com.ar\/pt\/product\/equipo-cortador-de-discos-cd1\/\" \/>\n<meta property=\"og:site_name\" content=\"Empatec\" \/>\n<meta property=\"article:modified_time\" content=\"2023-08-15T20:01:18+00:00\" \/>\n<meta property=\"og:image\" content=\"https:\/\/empatec.com.ar\/wp-content\/uploads\/2022\/07\/Equipo-cortador-de-discos-CD1.png\" \/>\n\t<meta property=\"og:image:width\" content=\"800\" \/>\n\t<meta property=\"og:image:height\" content=\"584\" \/>\n\t<meta property=\"og:image:type\" content=\"image\/png\" \/>\n<meta name=\"twitter:card\" content=\"summary_large_image\" \/>\n<meta name=\"twitter:label1\" content=\"Est. tempo de leitura\" \/>\n\t<meta name=\"twitter:data1\" content=\"2 minutos\" \/>\n<script type=\"application\/ld+json\" class=\"yoast-schema-graph\">{\"@context\":\"https:\/\/schema.org\",\"@graph\":[{\"@type\":\"WebPage\",\"@id\":\"https:\/\/empatec.com.ar\/product\/equipo-cortador-de-discos-cd1\/\",\"url\":\"https:\/\/empatec.com.ar\/product\/equipo-cortador-de-discos-cd1\/\",\"name\":\"Equipo cortador de discos CD1 - Empatec\",\"isPartOf\":{\"@id\":\"https:\/\/empatec.com.ar\/#website\"},\"primaryImageOfPage\":{\"@id\":\"https:\/\/empatec.com.ar\/product\/equipo-cortador-de-discos-cd1\/#primaryimage\"},\"image\":{\"@id\":\"https:\/\/empatec.com.ar\/product\/equipo-cortador-de-discos-cd1\/#primaryimage\"},\"thumbnailUrl\":\"https:\/\/empatec.com.ar\/wp-content\/uploads\/2022\/07\/Equipo-cortador-de-discos-CD1.png\",\"datePublished\":\"2022-07-07T02:55:45+00:00\",\"dateModified\":\"2023-08-15T20:01:18+00:00\",\"breadcrumb\":{\"@id\":\"https:\/\/empatec.com.ar\/product\/equipo-cortador-de-discos-cd1\/#breadcrumb\"},\"inLanguage\":\"pt-BR\",\"potentialAction\":[{\"@type\":\"ReadAction\",\"target\":[\"https:\/\/empatec.com.ar\/product\/equipo-cortador-de-discos-cd1\/\"]}]},{\"@type\":\"ImageObject\",\"inLanguage\":\"pt-BR\",\"@id\":\"https:\/\/empatec.com.ar\/product\/equipo-cortador-de-discos-cd1\/#primaryimage\",\"url\":\"https:\/\/empatec.com.ar\/wp-content\/uploads\/2022\/07\/Equipo-cortador-de-discos-CD1.png\",\"contentUrl\":\"https:\/\/empatec.com.ar\/wp-content\/uploads\/2022\/07\/Equipo-cortador-de-discos-CD1.png\",\"width\":800,\"height\":584,\"caption\":\"Equipo cortador de discos CD1\"},{\"@type\":\"BreadcrumbList\",\"@id\":\"https:\/\/empatec.com.ar\/product\/equipo-cortador-de-discos-cd1\/#breadcrumb\",\"itemListElement\":[{\"@type\":\"ListItem\",\"position\":1,\"name\":\"Home\",\"item\":\"https:\/\/empatec.com.ar\/\"},{\"@type\":\"ListItem\",\"position\":2,\"name\":\"Productos\",\"item\":\"https:\/\/empatec.com.ar\/productos\/\"},{\"@type\":\"ListItem\",\"position\":3,\"name\":\"Equipo cortador de discos CD1\"}]},{\"@type\":\"WebSite\",\"@id\":\"https:\/\/empatec.com.ar\/#website\",\"url\":\"https:\/\/empatec.com.ar\/\",\"name\":\"Empatec\",\"description\":\"Maquinas para fabricar empanadas\",\"publisher\":{\"@id\":\"https:\/\/empatec.com.ar\/#organization\"},\"potentialAction\":[{\"@type\":\"SearchAction\",\"target\":{\"@type\":\"EntryPoint\",\"urlTemplate\":\"https:\/\/empatec.com.ar\/?s={search_term_string}\"},\"query-input\":\"required name=search_term_string\"}],\"inLanguage\":\"pt-BR\"},{\"@type\":\"Organization\",\"@id\":\"https:\/\/empatec.com.ar\/#organization\",\"name\":\"Empatec\",\"url\":\"https:\/\/empatec.com.ar\/\",\"logo\":{\"@type\":\"ImageObject\",\"inLanguage\":\"pt-BR\",\"@id\":\"https:\/\/empatec.com.ar\/#\/schema\/logo\/image\/\",\"url\":\"https:\/\/empatec.com.ar\/wp-content\/uploads\/2022\/07\/logo-empatec.png\",\"contentUrl\":\"https:\/\/empatec.com.ar\/wp-content\/uploads\/2022\/07\/logo-empatec.png\",\"width\":1045,\"height\":573,\"caption\":\"Empatec\"},\"image\":{\"@id\":\"https:\/\/empatec.com.ar\/#\/schema\/logo\/image\/\"}}]}<\/script>\n<!-- \/ Yoast SEO Premium plugin. -->","yoast_head_json":{"title":"Equipo cortador de discos CD1 - Empatec","robots":{"index":"index","follow":"follow","max-snippet":"max-snippet:-1","max-image-preview":"max-image-preview:large","max-video-preview":"max-video-preview:-1"},"canonical":"https:\/\/empatec.com.ar\/pt\/product\/equipo-cortador-de-discos-cd1\/","og_locale":"pt_BR","og_type":"article","og_title":"Equipo cortador de discos CD1","og_description":"Especificaciones T\u00e9cnicas:  Posee un dise\u00f1o compacto Est\u00e1 construido con acero inoxidable o chapa pintada (seg\u00fan el pedido del cliente) Posee cabezales intercambiables para diferentes di\u00e1metros de corte, desde 80 hasta 320mm (consultar di\u00e1metros especiales) El sistema de separaci\u00f3n de masa y el film sobrantes est\u00e1n completamente automatizado Los discos cortados con su correspondiente separador se apilan prolijamente y en cantidades programables sobre una bandeja colectora Trabaja con cuchillas rotativas, cortando individualmente cada disco con su respectivo separador Posee sistemas de seguridad para el operador y la m\u00e1quina en caso de emergencia Todos los materiales que est\u00e1n en contacto con los alimentos son permitidos por normas internacionales","og_url":"https:\/\/empatec.com.ar\/pt\/product\/equipo-cortador-de-discos-cd1\/","og_site_name":"Empatec","article_modified_time":"2023-08-15T20:01:18+00:00","og_image":[{"width":800,"height":584,"url":"https:\/\/empatec.com.ar\/wp-content\/uploads\/2022\/07\/Equipo-cortador-de-discos-CD1.png","type":"image\/png"}],"twitter_card":"summary_large_image","twitter_misc":{"Est. tempo de leitura":"2 minutos"},"schema":{"@context":"https:\/\/schema.org","@graph":[{"@type":"WebPage","@id":"https:\/\/empatec.com.ar\/product\/equipo-cortador-de-discos-cd1\/","url":"https:\/\/empatec.com.ar\/product\/equipo-cortador-de-discos-cd1\/","name":"Equipo cortador de discos CD1 - Empatec","isPartOf":{"@id":"https:\/\/empatec.com.ar\/#website"},"primaryImageOfPage":{"@id":"https:\/\/empatec.com.ar\/product\/equipo-cortador-de-discos-cd1\/#primaryimage"},"image":{"@id":"https:\/\/empatec.com.ar\/product\/equipo-cortador-de-discos-cd1\/#primaryimage"},"thumbnailUrl":"https:\/\/empatec.com.ar\/wp-content\/uploads\/2022\/07\/Equipo-cortador-de-discos-CD1.png","datePublished":"2022-07-07T02:55:45+00:00","dateModified":"2023-08-15T20:01:18+00:00","breadcrumb":{"@id":"https:\/\/empatec.com.ar\/product\/equipo-cortador-de-discos-cd1\/#breadcrumb"},"inLanguage":"pt-BR","potentialAction":[{"@type":"ReadAction","target":["https:\/\/empatec.com.ar\/product\/equipo-cortador-de-discos-cd1\/"]}]},{"@type":"ImageObject","inLanguage":"pt-BR","@id":"https:\/\/empatec.com.ar\/product\/equipo-cortador-de-discos-cd1\/#primaryimage","url":"https:\/\/empatec.com.ar\/wp-content\/uploads\/2022\/07\/Equipo-cortador-de-discos-CD1.png","contentUrl":"https:\/\/empatec.com.ar\/wp-content\/uploads\/2022\/07\/Equipo-cortador-de-discos-CD1.png","width":800,"height":584,"caption":"Equipo cortador de discos CD1"},{"@type":"BreadcrumbList","@id":"https:\/\/empatec.com.ar\/product\/equipo-cortador-de-discos-cd1\/#breadcrumb","itemListElement":[{"@type":"ListItem","position":1,"name":"Home","item":"https:\/\/empatec.com.ar\/"},{"@type":"ListItem","position":2,"name":"Productos","item":"https:\/\/empatec.com.ar\/productos\/"},{"@type":"ListItem","position":3,"name":"Equipo cortador de discos CD1"}]},{"@type":"WebSite","@id":"https:\/\/empatec.com.ar\/#website","url":"https:\/\/empatec.com.ar\/","name":"Empatec","description":"Maquinas para fabricar empanadas","publisher":{"@id":"https:\/\/empatec.com.ar\/#organization"},"potentialAction":[{"@type":"SearchAction","target":{"@type":"EntryPoint","urlTemplate":"https:\/\/empatec.com.ar\/?s={search_term_string}"},"query-input":"required name=search_term_string"}],"inLanguage":"pt-BR"},{"@type":"Organization","@id":"https:\/\/empatec.com.ar\/#organization","name":"Empatec","url":"https:\/\/empatec.com.ar\/","logo":{"@type":"ImageObject","inLanguage":"pt-BR","@id":"https:\/\/empatec.com.ar\/#\/schema\/logo\/image\/","url":"https:\/\/empatec.com.ar\/wp-content\/uploads\/2022\/07\/logo-empatec.png","contentUrl":"https:\/\/empatec.com.ar\/wp-content\/uploads\/2022\/07\/logo-empatec.png","width":1045,"height":573,"caption":"Empatec"},"image":{"@id":"https:\/\/empatec.com.ar\/#\/schema\/logo\/image\/"}}]}},"_links":{"self":[{"href":"https:\/\/empatec.com.ar\/pt\/wp-json\/wp\/v2\/product\/11710","targetHints":{"allow":["GET"]}}],"collection":[{"href":"https:\/\/empatec.com.ar\/pt\/wp-json\/wp\/v2\/product"}],"about":[{"href":"https:\/\/empatec.com.ar\/pt\/wp-json\/wp\/v2\/types\/product"}],"version-history":[{"count":10,"href":"https:\/\/empatec.com.ar\/pt\/wp-json\/wp\/v2\/product\/11710\/revisions"}],"predecessor-version":[{"id":12420,"href":"https:\/\/empatec.com.ar\/pt\/wp-json\/wp\/v2\/product\/11710\/revisions\/12420"}],"wp:featuredmedia":[{"embeddable":true,"href":"https:\/\/empatec.com.ar\/pt\/wp-json\/wp\/v2\/media\/11711"}],"wp:attachment":[{"href":"https:\/\/empatec.com.ar\/pt\/wp-json\/wp\/v2\/media?parent=11710"}],"wp:term":[{"taxonomy":"product_cat","embeddable":true,"href":"https:\/\/empatec.com.ar\/pt\/wp-json\/wp\/v2\/product_cat?post=11710"},{"taxonomy":"product_tag","embeddable":true,"href":"https:\/\/empatec.com.ar\/pt\/wp-json\/wp\/v2\/product_tag?post=11710"}],"curies":[{"name":"wp","href":"https:\/\/api.w.org\/{rel}","templated":true}]}}