{"id":11718,"date":"2022-07-12T03:05:42","date_gmt":"2022-07-12T03:05:42","guid":{"rendered":"https:\/\/empatec.com.ar\/?post_type=product&#038;p=11718"},"modified":"2023-02-10T14:00:51","modified_gmt":"2023-02-10T14:00:51","slug":"maquina-de-empanadas-modelo-me","status":"publish","type":"product","link":"https:\/\/empatec.com.ar\/pt\/product\/maquina-de-empanadas-modelo-me\/","title":{"rendered":"M\u00e1quina de tortas modelo ME"},"content":{"rendered":"<p>O computador conformador de empanadas ME \u00e9 uma maquina, que \u00e9 automatizada e cumpre com as normas internacionais, seja em design e seguran\u00e7a.<\/p>\n<p>O equipamento funciona com uma folha de massa, que se introduz no laminador, posteriormente, ser\u00e1 transportada atrav\u00e9s de uma fita onde \u00e9 depositado o preenchimento por meio de um dosador para ent\u00e3o ser dobrada, estampada e cortada por moldes intercambi\u00e1veis personalizados a pedido do cliente, formando o produto desejado, que \u00e9 retirado manualmente para ser estibado em suas respectivas bandejas.<\/p>\n<p><strong>Seguran\u00e7a:<\/strong><br \/>\nO equipamento tem uma paragem de emerg\u00eancia para a seguran\u00e7a do operador e da m\u00e1quina.<\/p>\n<p><a href=\"https:\/\/empatec.com.ar\/wp-content\/uploads\/2022\/08\/Folleto-ME.pdf\" target=\"_blank\" rel=\"noopener\">Fa\u00e7a o download do folheto anexo a M\u00e1quina de Torta Modelo ME<\/a><\/p>\n<p><img decoding=\"async\" class=\"alignnone wp-image-12172\" src=\"https:\/\/empatec.com.ar\/wp-content\/uploads\/2022\/07\/Folleto-ME-300x300.png\" alt=\"\" width=\"200\" height=\"200\" srcset=\"https:\/\/empatec.com.ar\/wp-content\/uploads\/2022\/07\/Folleto-ME-300x300.png 300w, https:\/\/empatec.com.ar\/wp-content\/uploads\/2022\/07\/Folleto-ME-1024x1024.png 1024w, https:\/\/empatec.com.ar\/wp-content\/uploads\/2022\/07\/Folleto-ME-150x150.png 150w, https:\/\/empatec.com.ar\/wp-content\/uploads\/2022\/07\/Folleto-ME-768x768.png 768w, https:\/\/empatec.com.ar\/wp-content\/uploads\/2022\/07\/Folleto-ME-12x12.png 12w, https:\/\/empatec.com.ar\/wp-content\/uploads\/2022\/07\/Folleto-ME-550x550.png 550w, https:\/\/empatec.com.ar\/wp-content\/uploads\/2022\/07\/Folleto-ME-100x100.png 100w, https:\/\/empatec.com.ar\/wp-content\/uploads\/2022\/07\/Folleto-ME.png 1166w\" sizes=\"(max-width: 200px) 100vw, 200px\" \/><\/p>\n<div class=\"entry-content-asset videofit\"><iframe title=\"Empatec: M\u00e1quina de Empanadas Modelo ME\" width=\"720\" height=\"405\" src=\"https:\/\/www.youtube.com\/embed\/B3NVIFhsct8?feature=oembed\" frameborder=\"0\" allow=\"accelerometer; autoplay; clipboard-write; encrypted-media; gyroscope; picture-in-picture; web-share\" allowfullscreen><\/iframe><\/div>\n<p><iframe title=\"M\u00e1quina de tortas modelo ME\" width=\"720\" height=\"405\" src=\"https:\/\/www.youtube.com\/embed\/pSYwxYP2XWk?feature=oembed\" frameborder=\"0\" allow=\"accelerometer; autoplay; clipboard-write; encrypted-media; gyroscope; picture-in-picture; web-share\" allowfullscreen><\/iframe><\/p>\n<p>&nbsp;<\/p>\n<p><iframe title=\"M\u00e1quina de tortas modelo ME\" width=\"720\" height=\"405\" src=\"https:\/\/www.youtube.com\/embed\/mFzhafzk098?feature=oembed\" frameborder=\"0\" allow=\"accelerometer; autoplay; clipboard-write; encrypted-media; gyroscope; picture-in-picture; web-share\" allowfullscreen><\/iframe><\/p>","protected":false},"excerpt":{"rendered":"<p><strong>Suas caracter\u00edsticas principais s\u00e3o as seguintes:<\/strong><\/p>\n<p>Projetada para abastecer seja m\u00e9dias ou altas produ\u00e7\u00f5es<br \/>\nComandos via ecr\u00e3 t\u00e1ctil e PLC (Controlador de L\u00f3gica Program\u00e1vel)<br \/>\nSistema de dosagem de preenchimento<br \/>\nFunciona com uma folha de massa, sem a necessidade de abastecerla com discos cortados<br \/>\nMoldes intercambi\u00e1veis de diferentes tamanhos e formas<br \/>\nMonof\u00e1sica, baixo consumo<br \/>\nProdu\u00e7\u00e3o aproximada de 2000 tortas por hora, dependendo do tamanho do produto<br \/>\nConta com receitas personalizadas por medidas de moldes, evitando com elas perdidas de tempos em regulamentos das mesmas.<\/p>","protected":false},"featured_media":11656,"template":"","meta":{"_kad_post_transparent":"default","_kad_post_title":"","_kad_post_layout":"default","_kad_post_sidebar_id":"","_kad_post_content_style":"default","_kad_post_vertical_padding":"default","_kad_post_feature":"","_kad_post_feature_position":"","_kad_post_header":false,"_kad_post_footer":false},"product_cat":[116],"product_tag":[],"class_list":{"0":"post-11718","1":"product","2":"type-product","3":"status-publish","4":"has-post-thumbnail","6":"product_cat-producto","8":"first","9":"instock","10":"featured","11":"shipping-taxable","12":"product-type-simple","13":"entry","14":"content-bg","15":"loop-entry"},"yoast_head":"<!-- This site is optimized with the Yoast SEO Premium plugin v19.2.1 (Yoast SEO v22.9) - https:\/\/yoast.com\/wordpress\/plugins\/seo\/ -->\n<title>Maquina de empanadas modelo ME - Empatec<\/title>\n<meta name=\"robots\" content=\"index, follow, max-snippet:-1, max-image-preview:large, max-video-preview:-1\" \/>\n<link rel=\"canonical\" href=\"https:\/\/empatec.com.ar\/pt\/product\/maquina-de-empanadas-modelo-me\/\" \/>\n<meta property=\"og:locale\" content=\"pt_BR\" \/>\n<meta property=\"og:type\" content=\"article\" \/>\n<meta property=\"og:title\" content=\"Maquina de empanadas modelo ME\" \/>\n<meta property=\"og:description\" content=\"Sus caracter\u00edsticas principales son las siguientes:  Dise\u00f1ada para abastecer ya sea medianas o altas producciones Comandos v\u00eda pantalla touch y PLC (Controlador L\u00f3gico Programable) Sistema de dosificaci\u00f3n de relleno Funciona con una l\u00e1mina de masa sin necesidad de abastecerla con discos cortados Moldes intercambiables de diferentes tama\u00f1os y formas Monof\u00e1sica, bajo consumo Producci\u00f3n aproximada de 2000 empanadas por hora dependiendo del tama\u00f1o del producto Cuenta con recetas personalizadas por medidas de moldes evitando con ellas p\u00e9rdidas de tiempos en regulaciones de las mismas\" \/>\n<meta property=\"og:url\" content=\"https:\/\/empatec.com.ar\/pt\/product\/maquina-de-empanadas-modelo-me\/\" \/>\n<meta property=\"og:site_name\" content=\"Empatec\" \/>\n<meta property=\"article:modified_time\" content=\"2023-02-10T14:00:51+00:00\" \/>\n<meta property=\"og:image\" content=\"https:\/\/empatec.com.ar\/wp-content\/uploads\/2022\/07\/prueba4.png\" \/>\n\t<meta property=\"og:image:width\" content=\"800\" \/>\n\t<meta property=\"og:image:height\" content=\"770\" \/>\n\t<meta property=\"og:image:type\" content=\"image\/png\" \/>\n<meta name=\"twitter:card\" content=\"summary_large_image\" \/>\n<meta name=\"twitter:label1\" content=\"Est. tempo de leitura\" \/>\n\t<meta name=\"twitter:data1\" content=\"1 minuto\" \/>\n<script type=\"application\/ld+json\" class=\"yoast-schema-graph\">{\"@context\":\"https:\/\/schema.org\",\"@graph\":[{\"@type\":\"WebPage\",\"@id\":\"https:\/\/empatec.com.ar\/product\/maquina-de-empanadas-modelo-me\/\",\"url\":\"https:\/\/empatec.com.ar\/product\/maquina-de-empanadas-modelo-me\/\",\"name\":\"Maquina de empanadas modelo ME - Empatec\",\"isPartOf\":{\"@id\":\"https:\/\/empatec.com.ar\/#website\"},\"primaryImageOfPage\":{\"@id\":\"https:\/\/empatec.com.ar\/product\/maquina-de-empanadas-modelo-me\/#primaryimage\"},\"image\":{\"@id\":\"https:\/\/empatec.com.ar\/product\/maquina-de-empanadas-modelo-me\/#primaryimage\"},\"thumbnailUrl\":\"https:\/\/empatec.com.ar\/wp-content\/uploads\/2022\/07\/prueba4.png\",\"datePublished\":\"2022-07-12T03:05:42+00:00\",\"dateModified\":\"2023-02-10T14:00:51+00:00\",\"breadcrumb\":{\"@id\":\"https:\/\/empatec.com.ar\/product\/maquina-de-empanadas-modelo-me\/#breadcrumb\"},\"inLanguage\":\"pt-BR\",\"potentialAction\":[{\"@type\":\"ReadAction\",\"target\":[\"https:\/\/empatec.com.ar\/product\/maquina-de-empanadas-modelo-me\/\"]}]},{\"@type\":\"ImageObject\",\"inLanguage\":\"pt-BR\",\"@id\":\"https:\/\/empatec.com.ar\/product\/maquina-de-empanadas-modelo-me\/#primaryimage\",\"url\":\"https:\/\/empatec.com.ar\/wp-content\/uploads\/2022\/07\/prueba4.png\",\"contentUrl\":\"https:\/\/empatec.com.ar\/wp-content\/uploads\/2022\/07\/prueba4.png\",\"width\":800,\"height\":770,\"caption\":\"Maquina de fabricaci\u00f3n de empanadas modelo ME Empatec\"},{\"@type\":\"BreadcrumbList\",\"@id\":\"https:\/\/empatec.com.ar\/product\/maquina-de-empanadas-modelo-me\/#breadcrumb\",\"itemListElement\":[{\"@type\":\"ListItem\",\"position\":1,\"name\":\"Home\",\"item\":\"https:\/\/empatec.com.ar\/\"},{\"@type\":\"ListItem\",\"position\":2,\"name\":\"Productos\",\"item\":\"https:\/\/empatec.com.ar\/productos\/\"},{\"@type\":\"ListItem\",\"position\":3,\"name\":\"Maquina de empanadas modelo ME\"}]},{\"@type\":\"WebSite\",\"@id\":\"https:\/\/empatec.com.ar\/#website\",\"url\":\"https:\/\/empatec.com.ar\/\",\"name\":\"Empatec\",\"description\":\"Maquinas para fabricar empanadas\",\"publisher\":{\"@id\":\"https:\/\/empatec.com.ar\/#organization\"},\"potentialAction\":[{\"@type\":\"SearchAction\",\"target\":{\"@type\":\"EntryPoint\",\"urlTemplate\":\"https:\/\/empatec.com.ar\/?s={search_term_string}\"},\"query-input\":\"required name=search_term_string\"}],\"inLanguage\":\"pt-BR\"},{\"@type\":\"Organization\",\"@id\":\"https:\/\/empatec.com.ar\/#organization\",\"name\":\"Empatec\",\"url\":\"https:\/\/empatec.com.ar\/\",\"logo\":{\"@type\":\"ImageObject\",\"inLanguage\":\"pt-BR\",\"@id\":\"https:\/\/empatec.com.ar\/#\/schema\/logo\/image\/\",\"url\":\"https:\/\/empatec.com.ar\/wp-content\/uploads\/2022\/07\/logo-empatec.png\",\"contentUrl\":\"https:\/\/empatec.com.ar\/wp-content\/uploads\/2022\/07\/logo-empatec.png\",\"width\":1045,\"height\":573,\"caption\":\"Empatec\"},\"image\":{\"@id\":\"https:\/\/empatec.com.ar\/#\/schema\/logo\/image\/\"}}]}<\/script>\n<!-- \/ Yoast SEO Premium plugin. -->","yoast_head_json":{"title":"Maquina de empanadas modelo ME - Empatec","robots":{"index":"index","follow":"follow","max-snippet":"max-snippet:-1","max-image-preview":"max-image-preview:large","max-video-preview":"max-video-preview:-1"},"canonical":"https:\/\/empatec.com.ar\/pt\/product\/maquina-de-empanadas-modelo-me\/","og_locale":"pt_BR","og_type":"article","og_title":"Maquina de empanadas modelo ME","og_description":"Sus caracter\u00edsticas principales son las siguientes:  Dise\u00f1ada para abastecer ya sea medianas o altas producciones Comandos v\u00eda pantalla touch y PLC (Controlador L\u00f3gico Programable) Sistema de dosificaci\u00f3n de relleno Funciona con una l\u00e1mina de masa sin necesidad de abastecerla con discos cortados Moldes intercambiables de diferentes tama\u00f1os y formas Monof\u00e1sica, bajo consumo Producci\u00f3n aproximada de 2000 empanadas por hora dependiendo del tama\u00f1o del producto Cuenta con recetas personalizadas por medidas de moldes evitando con ellas p\u00e9rdidas de tiempos en regulaciones de las mismas","og_url":"https:\/\/empatec.com.ar\/pt\/product\/maquina-de-empanadas-modelo-me\/","og_site_name":"Empatec","article_modified_time":"2023-02-10T14:00:51+00:00","og_image":[{"width":800,"height":770,"url":"https:\/\/empatec.com.ar\/wp-content\/uploads\/2022\/07\/prueba4.png","type":"image\/png"}],"twitter_card":"summary_large_image","twitter_misc":{"Est. tempo de leitura":"1 minuto"},"schema":{"@context":"https:\/\/schema.org","@graph":[{"@type":"WebPage","@id":"https:\/\/empatec.com.ar\/product\/maquina-de-empanadas-modelo-me\/","url":"https:\/\/empatec.com.ar\/product\/maquina-de-empanadas-modelo-me\/","name":"Maquina de empanadas modelo ME - Empatec","isPartOf":{"@id":"https:\/\/empatec.com.ar\/#website"},"primaryImageOfPage":{"@id":"https:\/\/empatec.com.ar\/product\/maquina-de-empanadas-modelo-me\/#primaryimage"},"image":{"@id":"https:\/\/empatec.com.ar\/product\/maquina-de-empanadas-modelo-me\/#primaryimage"},"thumbnailUrl":"https:\/\/empatec.com.ar\/wp-content\/uploads\/2022\/07\/prueba4.png","datePublished":"2022-07-12T03:05:42+00:00","dateModified":"2023-02-10T14:00:51+00:00","breadcrumb":{"@id":"https:\/\/empatec.com.ar\/product\/maquina-de-empanadas-modelo-me\/#breadcrumb"},"inLanguage":"pt-BR","potentialAction":[{"@type":"ReadAction","target":["https:\/\/empatec.com.ar\/product\/maquina-de-empanadas-modelo-me\/"]}]},{"@type":"ImageObject","inLanguage":"pt-BR","@id":"https:\/\/empatec.com.ar\/product\/maquina-de-empanadas-modelo-me\/#primaryimage","url":"https:\/\/empatec.com.ar\/wp-content\/uploads\/2022\/07\/prueba4.png","contentUrl":"https:\/\/empatec.com.ar\/wp-content\/uploads\/2022\/07\/prueba4.png","width":800,"height":770,"caption":"Maquina de fabricaci\u00f3n de empanadas modelo ME Empatec"},{"@type":"BreadcrumbList","@id":"https:\/\/empatec.com.ar\/product\/maquina-de-empanadas-modelo-me\/#breadcrumb","itemListElement":[{"@type":"ListItem","position":1,"name":"Home","item":"https:\/\/empatec.com.ar\/"},{"@type":"ListItem","position":2,"name":"Productos","item":"https:\/\/empatec.com.ar\/productos\/"},{"@type":"ListItem","position":3,"name":"Maquina de empanadas modelo ME"}]},{"@type":"WebSite","@id":"https:\/\/empatec.com.ar\/#website","url":"https:\/\/empatec.com.ar\/","name":"Empatec","description":"Maquinas para fabricar empanadas","publisher":{"@id":"https:\/\/empatec.com.ar\/#organization"},"potentialAction":[{"@type":"SearchAction","target":{"@type":"EntryPoint","urlTemplate":"https:\/\/empatec.com.ar\/?s={search_term_string}"},"query-input":"required name=search_term_string"}],"inLanguage":"pt-BR"},{"@type":"Organization","@id":"https:\/\/empatec.com.ar\/#organization","name":"Empatec","url":"https:\/\/empatec.com.ar\/","logo":{"@type":"ImageObject","inLanguage":"pt-BR","@id":"https:\/\/empatec.com.ar\/#\/schema\/logo\/image\/","url":"https:\/\/empatec.com.ar\/wp-content\/uploads\/2022\/07\/logo-empatec.png","contentUrl":"https:\/\/empatec.com.ar\/wp-content\/uploads\/2022\/07\/logo-empatec.png","width":1045,"height":573,"caption":"Empatec"},"image":{"@id":"https:\/\/empatec.com.ar\/#\/schema\/logo\/image\/"}}]}},"_links":{"self":[{"href":"https:\/\/empatec.com.ar\/pt\/wp-json\/wp\/v2\/product\/11718","targetHints":{"allow":["GET"]}}],"collection":[{"href":"https:\/\/empatec.com.ar\/pt\/wp-json\/wp\/v2\/product"}],"about":[{"href":"https:\/\/empatec.com.ar\/pt\/wp-json\/wp\/v2\/types\/product"}],"version-history":[{"count":10,"href":"https:\/\/empatec.com.ar\/pt\/wp-json\/wp\/v2\/product\/11718\/revisions"}],"predecessor-version":[{"id":12359,"href":"https:\/\/empatec.com.ar\/pt\/wp-json\/wp\/v2\/product\/11718\/revisions\/12359"}],"wp:featuredmedia":[{"embeddable":true,"href":"https:\/\/empatec.com.ar\/pt\/wp-json\/wp\/v2\/media\/11656"}],"wp:attachment":[{"href":"https:\/\/empatec.com.ar\/pt\/wp-json\/wp\/v2\/media?parent=11718"}],"wp:term":[{"taxonomy":"product_cat","embeddable":true,"href":"https:\/\/empatec.com.ar\/pt\/wp-json\/wp\/v2\/product_cat?post=11718"},{"taxonomy":"product_tag","embeddable":true,"href":"https:\/\/empatec.com.ar\/pt\/wp-json\/wp\/v2\/product_tag?post=11718"}],"curies":[{"name":"wp","href":"https:\/\/api.w.org\/{rel}","templated":true}]}}