{"id":12024,"date":"2022-07-14T18:28:35","date_gmt":"2022-07-14T18:28:35","guid":{"rendered":"https:\/\/empatec.com.ar\/?post_type=product&#038;p=12024"},"modified":"2023-08-15T19:25:51","modified_gmt":"2023-08-15T19:25:51","slug":"equipo-cortador-de-discos-modelo-cd2","status":"publish","type":"product","link":"https:\/\/empatec.com.ar\/pt\/product\/equipo-cortador-de-discos-modelo-cd2\/","title":{"rendered":"Equipamento cortador de discos Modelo CD2"},"content":{"rendered":"<p><strong>Especifica\u00e7\u00f5es T\u00e9cnicas:<\/strong><\/p>\n<ul>\n<li>Tem um design compacto<\/li>\n<li>\u00c9 constru\u00eddo com a\u00e7o inoxid\u00e1vel ou chapa pintada (de acordo com o pedido do cliente), alimentado com sete motorredutores e tr\u00eas cilindros pneum\u00e1ticos<\/li>\n<li>Tem cabe\u00e7as intercambi\u00e1veis para diferentes di\u00e2metros de corte, a partir de 80 at\u00e9 320mm (consultar di\u00e2metros especiais)<\/li>\n<li>O sistema de separa\u00e7\u00e3o de massa e o filme que sobraram est\u00e3o totalmente automatizado<\/li>\n<li>Os discos cortados com sua correspondente separador empilhados ordenadamente e em quantidades program\u00e1veis sobre uma bandeja coletora<\/li>\n<li>Trabalha com l\u00e2minas rotativas, cortando individualmente cada disco com seu respectivo separador<\/li>\n<li>Possui sistemas de seguran\u00e7a para o operador e a m\u00e1quina em caso de emerg\u00eancia<\/li>\n<li>Todos os materiais que est\u00e3o em contacto com os alimentos s\u00e3o permitidos por normas internacionais<\/li>\n<\/ul>\n<p>A empresa reserva-se o direito a altera\u00e7\u00f5es sem aviso pr\u00e9vio<\/p>\n<p><a href=\"https:\/\/empatec.com.ar\/wp-content\/uploads\/2022\/08\/Folleto-CD2.pdf\" target=\"_blank\" rel=\"noopener\">Fa\u00e7a o download do folheto anexo do equipamento cortador de discos Modelo CD2<\/a><\/p>\n<p><img decoding=\"async\" class=\"alignnone wp-image-12163\" src=\"https:\/\/empatec.com.ar\/wp-content\/uploads\/2022\/07\/Folleto-CD2-300x300.png\" alt=\"\" width=\"200\" height=\"200\" srcset=\"https:\/\/empatec.com.ar\/wp-content\/uploads\/2022\/07\/Folleto-CD2-300x300.png 300w, https:\/\/empatec.com.ar\/wp-content\/uploads\/2022\/07\/Folleto-CD2-1024x1024.png 1024w, https:\/\/empatec.com.ar\/wp-content\/uploads\/2022\/07\/Folleto-CD2-150x150.png 150w, https:\/\/empatec.com.ar\/wp-content\/uploads\/2022\/07\/Folleto-CD2-768x768.png 768w, https:\/\/empatec.com.ar\/wp-content\/uploads\/2022\/07\/Folleto-CD2-12x12.png 12w, https:\/\/empatec.com.ar\/wp-content\/uploads\/2022\/07\/Folleto-CD2-550x550.png 550w, https:\/\/empatec.com.ar\/wp-content\/uploads\/2022\/07\/Folleto-CD2-100x100.png 100w, https:\/\/empatec.com.ar\/wp-content\/uploads\/2022\/07\/Folleto-CD2.png 1166w\" sizes=\"(max-width: 200px) 100vw, 200px\" \/><\/p>\n<div class=\"entry-content-asset videofit\"><iframe title=\"Empatec: Cortadora de discos modelo CD2\" width=\"720\" height=\"540\" src=\"https:\/\/www.youtube.com\/embed\/2E8GTP6gKeM?feature=oembed\" frameborder=\"0\" allow=\"accelerometer; autoplay; clipboard-write; encrypted-media; gyroscope; picture-in-picture; web-share\" allowfullscreen><\/iframe><\/div>","protected":false},"excerpt":{"rendered":"<p>O modelo CD2 \u00e9 um equipamento projetado para o corte de discos de tortas automatizado com PLC (Controlador L\u00f3gico Program\u00e1vel) e tela touch , que funciona atrav\u00e9s de uma folha de massa de 600 mm de largura, que se introduz no laminador, possui um sistema de sensoriamento de massa para evitar o estiramento da mesma, a massa se acopla com um filme separador no qual ambos ser\u00e3o cortados por cabe\u00e7a, apil\u00e1ndolo automaticamente por meio de um expulsor de discos que deposita em uma esteira transportadora, entregando, para posterior embalagem.<\/p>","protected":false},"featured_media":12025,"template":"","meta":{"_kad_post_transparent":"default","_kad_post_title":"","_kad_post_layout":"default","_kad_post_sidebar_id":"","_kad_post_content_style":"default","_kad_post_vertical_padding":"default","_kad_post_feature":"","_kad_post_feature_position":"","_kad_post_header":false,"_kad_post_footer":false},"product_cat":[116],"product_tag":[],"class_list":{"0":"post-12024","1":"product","2":"type-product","3":"status-publish","4":"has-post-thumbnail","6":"product_cat-producto","8":"first","9":"instock","10":"shipping-taxable","11":"product-type-simple","12":"entry","13":"content-bg","14":"loop-entry"},"yoast_head":"<!-- This site is optimized with the Yoast SEO Premium plugin v19.2.1 (Yoast SEO v22.9) - https:\/\/yoast.com\/wordpress\/plugins\/seo\/ -->\n<title>Equipo cortador de discos Modelo CD2 - Empatec<\/title>\n<meta name=\"robots\" content=\"index, follow, max-snippet:-1, max-image-preview:large, max-video-preview:-1\" \/>\n<link rel=\"canonical\" href=\"https:\/\/empatec.com.ar\/pt\/product\/equipo-cortador-de-discos-modelo-cd2\/\" \/>\n<meta property=\"og:locale\" content=\"pt_BR\" \/>\n<meta property=\"og:type\" content=\"article\" \/>\n<meta property=\"og:title\" content=\"Equipo cortador de discos Modelo CD2\" \/>\n<meta property=\"og:description\" content=\"El modelo CD2 es un equipo dise\u00f1ado para el corte de discos de empanadas automatizado con PLC (Controlador L\u00f3gico Programable) y pantalla touch , funciona mediante una l\u00e1mina de masa de 600 mm de ancho que se introduce en el laminador, posee un sistema de sensado de masa para evitar el estiramiento de la misma, la masa se acopla con un film separador en el cual ambos ser\u00e1n cortados por el cabezal, apil\u00e1ndolo autom\u00e1ticamente por medio de un expulsor de discos que los deposita en una cinta transportadora, entreg\u00e1ndolo para su posterior envasado.\" \/>\n<meta property=\"og:url\" content=\"https:\/\/empatec.com.ar\/pt\/product\/equipo-cortador-de-discos-modelo-cd2\/\" \/>\n<meta property=\"og:site_name\" content=\"Empatec\" \/>\n<meta property=\"article:modified_time\" content=\"2023-08-15T19:25:51+00:00\" \/>\n<meta property=\"og:image\" content=\"https:\/\/empatec.com.ar\/wp-content\/uploads\/2022\/07\/CD2.png\" \/>\n\t<meta property=\"og:image:width\" content=\"800\" \/>\n\t<meta property=\"og:image:height\" content=\"533\" \/>\n\t<meta property=\"og:image:type\" content=\"image\/png\" \/>\n<meta name=\"twitter:card\" content=\"summary_large_image\" \/>\n<meta name=\"twitter:label1\" content=\"Est. tempo de leitura\" \/>\n\t<meta name=\"twitter:data1\" content=\"1 minuto\" \/>\n<script type=\"application\/ld+json\" class=\"yoast-schema-graph\">{\"@context\":\"https:\/\/schema.org\",\"@graph\":[{\"@type\":\"WebPage\",\"@id\":\"https:\/\/empatec.com.ar\/product\/equipo-cortador-de-discos-modelo-cd2\/\",\"url\":\"https:\/\/empatec.com.ar\/product\/equipo-cortador-de-discos-modelo-cd2\/\",\"name\":\"Equipo cortador de discos Modelo CD2 - Empatec\",\"isPartOf\":{\"@id\":\"https:\/\/empatec.com.ar\/#website\"},\"primaryImageOfPage\":{\"@id\":\"https:\/\/empatec.com.ar\/product\/equipo-cortador-de-discos-modelo-cd2\/#primaryimage\"},\"image\":{\"@id\":\"https:\/\/empatec.com.ar\/product\/equipo-cortador-de-discos-modelo-cd2\/#primaryimage\"},\"thumbnailUrl\":\"https:\/\/empatec.com.ar\/wp-content\/uploads\/2022\/07\/CD2.png\",\"datePublished\":\"2022-07-14T18:28:35+00:00\",\"dateModified\":\"2023-08-15T19:25:51+00:00\",\"breadcrumb\":{\"@id\":\"https:\/\/empatec.com.ar\/product\/equipo-cortador-de-discos-modelo-cd2\/#breadcrumb\"},\"inLanguage\":\"pt-BR\",\"potentialAction\":[{\"@type\":\"ReadAction\",\"target\":[\"https:\/\/empatec.com.ar\/product\/equipo-cortador-de-discos-modelo-cd2\/\"]}]},{\"@type\":\"ImageObject\",\"inLanguage\":\"pt-BR\",\"@id\":\"https:\/\/empatec.com.ar\/product\/equipo-cortador-de-discos-modelo-cd2\/#primaryimage\",\"url\":\"https:\/\/empatec.com.ar\/wp-content\/uploads\/2022\/07\/CD2.png\",\"contentUrl\":\"https:\/\/empatec.com.ar\/wp-content\/uploads\/2022\/07\/CD2.png\",\"width\":800,\"height\":533,\"caption\":\"Equipo cortador de discos de empanadas Modelo CD2 Empatec\"},{\"@type\":\"BreadcrumbList\",\"@id\":\"https:\/\/empatec.com.ar\/product\/equipo-cortador-de-discos-modelo-cd2\/#breadcrumb\",\"itemListElement\":[{\"@type\":\"ListItem\",\"position\":1,\"name\":\"Home\",\"item\":\"https:\/\/empatec.com.ar\/\"},{\"@type\":\"ListItem\",\"position\":2,\"name\":\"Productos\",\"item\":\"https:\/\/empatec.com.ar\/productos\/\"},{\"@type\":\"ListItem\",\"position\":3,\"name\":\"Equipo cortador de discos Modelo CD2\"}]},{\"@type\":\"WebSite\",\"@id\":\"https:\/\/empatec.com.ar\/#website\",\"url\":\"https:\/\/empatec.com.ar\/\",\"name\":\"Empatec\",\"description\":\"Maquinas para fabricar empanadas\",\"publisher\":{\"@id\":\"https:\/\/empatec.com.ar\/#organization\"},\"potentialAction\":[{\"@type\":\"SearchAction\",\"target\":{\"@type\":\"EntryPoint\",\"urlTemplate\":\"https:\/\/empatec.com.ar\/?s={search_term_string}\"},\"query-input\":\"required name=search_term_string\"}],\"inLanguage\":\"pt-BR\"},{\"@type\":\"Organization\",\"@id\":\"https:\/\/empatec.com.ar\/#organization\",\"name\":\"Empatec\",\"url\":\"https:\/\/empatec.com.ar\/\",\"logo\":{\"@type\":\"ImageObject\",\"inLanguage\":\"pt-BR\",\"@id\":\"https:\/\/empatec.com.ar\/#\/schema\/logo\/image\/\",\"url\":\"https:\/\/empatec.com.ar\/wp-content\/uploads\/2022\/07\/logo-empatec.png\",\"contentUrl\":\"https:\/\/empatec.com.ar\/wp-content\/uploads\/2022\/07\/logo-empatec.png\",\"width\":1045,\"height\":573,\"caption\":\"Empatec\"},\"image\":{\"@id\":\"https:\/\/empatec.com.ar\/#\/schema\/logo\/image\/\"}}]}<\/script>\n<!-- \/ Yoast SEO Premium plugin. -->","yoast_head_json":{"title":"Equipo cortador de discos Modelo CD2 - Empatec","robots":{"index":"index","follow":"follow","max-snippet":"max-snippet:-1","max-image-preview":"max-image-preview:large","max-video-preview":"max-video-preview:-1"},"canonical":"https:\/\/empatec.com.ar\/pt\/product\/equipo-cortador-de-discos-modelo-cd2\/","og_locale":"pt_BR","og_type":"article","og_title":"Equipo cortador de discos Modelo CD2","og_description":"El modelo CD2 es un equipo dise\u00f1ado para el corte de discos de empanadas automatizado con PLC (Controlador L\u00f3gico Programable) y pantalla touch , funciona mediante una l\u00e1mina de masa de 600 mm de ancho que se introduce en el laminador, posee un sistema de sensado de masa para evitar el estiramiento de la misma, la masa se acopla con un film separador en el cual ambos ser\u00e1n cortados por el cabezal, apil\u00e1ndolo autom\u00e1ticamente por medio de un expulsor de discos que los deposita en una cinta transportadora, entreg\u00e1ndolo para su posterior envasado.","og_url":"https:\/\/empatec.com.ar\/pt\/product\/equipo-cortador-de-discos-modelo-cd2\/","og_site_name":"Empatec","article_modified_time":"2023-08-15T19:25:51+00:00","og_image":[{"width":800,"height":533,"url":"https:\/\/empatec.com.ar\/wp-content\/uploads\/2022\/07\/CD2.png","type":"image\/png"}],"twitter_card":"summary_large_image","twitter_misc":{"Est. tempo de leitura":"1 minuto"},"schema":{"@context":"https:\/\/schema.org","@graph":[{"@type":"WebPage","@id":"https:\/\/empatec.com.ar\/product\/equipo-cortador-de-discos-modelo-cd2\/","url":"https:\/\/empatec.com.ar\/product\/equipo-cortador-de-discos-modelo-cd2\/","name":"Equipo cortador de discos Modelo CD2 - Empatec","isPartOf":{"@id":"https:\/\/empatec.com.ar\/#website"},"primaryImageOfPage":{"@id":"https:\/\/empatec.com.ar\/product\/equipo-cortador-de-discos-modelo-cd2\/#primaryimage"},"image":{"@id":"https:\/\/empatec.com.ar\/product\/equipo-cortador-de-discos-modelo-cd2\/#primaryimage"},"thumbnailUrl":"https:\/\/empatec.com.ar\/wp-content\/uploads\/2022\/07\/CD2.png","datePublished":"2022-07-14T18:28:35+00:00","dateModified":"2023-08-15T19:25:51+00:00","breadcrumb":{"@id":"https:\/\/empatec.com.ar\/product\/equipo-cortador-de-discos-modelo-cd2\/#breadcrumb"},"inLanguage":"pt-BR","potentialAction":[{"@type":"ReadAction","target":["https:\/\/empatec.com.ar\/product\/equipo-cortador-de-discos-modelo-cd2\/"]}]},{"@type":"ImageObject","inLanguage":"pt-BR","@id":"https:\/\/empatec.com.ar\/product\/equipo-cortador-de-discos-modelo-cd2\/#primaryimage","url":"https:\/\/empatec.com.ar\/wp-content\/uploads\/2022\/07\/CD2.png","contentUrl":"https:\/\/empatec.com.ar\/wp-content\/uploads\/2022\/07\/CD2.png","width":800,"height":533,"caption":"Equipo cortador de discos de empanadas Modelo CD2 Empatec"},{"@type":"BreadcrumbList","@id":"https:\/\/empatec.com.ar\/product\/equipo-cortador-de-discos-modelo-cd2\/#breadcrumb","itemListElement":[{"@type":"ListItem","position":1,"name":"Home","item":"https:\/\/empatec.com.ar\/"},{"@type":"ListItem","position":2,"name":"Productos","item":"https:\/\/empatec.com.ar\/productos\/"},{"@type":"ListItem","position":3,"name":"Equipo cortador de discos Modelo CD2"}]},{"@type":"WebSite","@id":"https:\/\/empatec.com.ar\/#website","url":"https:\/\/empatec.com.ar\/","name":"Empatec","description":"Maquinas para fabricar empanadas","publisher":{"@id":"https:\/\/empatec.com.ar\/#organization"},"potentialAction":[{"@type":"SearchAction","target":{"@type":"EntryPoint","urlTemplate":"https:\/\/empatec.com.ar\/?s={search_term_string}"},"query-input":"required name=search_term_string"}],"inLanguage":"pt-BR"},{"@type":"Organization","@id":"https:\/\/empatec.com.ar\/#organization","name":"Empatec","url":"https:\/\/empatec.com.ar\/","logo":{"@type":"ImageObject","inLanguage":"pt-BR","@id":"https:\/\/empatec.com.ar\/#\/schema\/logo\/image\/","url":"https:\/\/empatec.com.ar\/wp-content\/uploads\/2022\/07\/logo-empatec.png","contentUrl":"https:\/\/empatec.com.ar\/wp-content\/uploads\/2022\/07\/logo-empatec.png","width":1045,"height":573,"caption":"Empatec"},"image":{"@id":"https:\/\/empatec.com.ar\/#\/schema\/logo\/image\/"}}]}},"_links":{"self":[{"href":"https:\/\/empatec.com.ar\/pt\/wp-json\/wp\/v2\/product\/12024","targetHints":{"allow":["GET"]}}],"collection":[{"href":"https:\/\/empatec.com.ar\/pt\/wp-json\/wp\/v2\/product"}],"about":[{"href":"https:\/\/empatec.com.ar\/pt\/wp-json\/wp\/v2\/types\/product"}],"version-history":[{"count":7,"href":"https:\/\/empatec.com.ar\/pt\/wp-json\/wp\/v2\/product\/12024\/revisions"}],"predecessor-version":[{"id":12402,"href":"https:\/\/empatec.com.ar\/pt\/wp-json\/wp\/v2\/product\/12024\/revisions\/12402"}],"wp:featuredmedia":[{"embeddable":true,"href":"https:\/\/empatec.com.ar\/pt\/wp-json\/wp\/v2\/media\/12025"}],"wp:attachment":[{"href":"https:\/\/empatec.com.ar\/pt\/wp-json\/wp\/v2\/media?parent=12024"}],"wp:term":[{"taxonomy":"product_cat","embeddable":true,"href":"https:\/\/empatec.com.ar\/pt\/wp-json\/wp\/v2\/product_cat?post=12024"},{"taxonomy":"product_tag","embeddable":true,"href":"https:\/\/empatec.com.ar\/pt\/wp-json\/wp\/v2\/product_tag?post=12024"}],"curies":[{"name":"wp","href":"https:\/\/api.w.org\/{rel}","templated":true}]}}