{"id":12031,"date":"2022-07-14T19:37:19","date_gmt":"2022-07-14T19:37:19","guid":{"rendered":"https:\/\/empatec.com.ar\/?post_type=product&#038;p=12031"},"modified":"2023-08-15T19:30:10","modified_gmt":"2023-08-15T19:30:10","slug":"formadora-de-laminas-fl200","status":"publish","type":"product","link":"https:\/\/empatec.com.ar\/pt\/product\/formadora-de-laminas-fl200\/","title":{"rendered":"Formadora de L\u00e2minas FL200"},"content":{"rendered":"<p><b>Caracter\u00edsticas<\/b><strong>:<\/strong><\/p>\n<ul>\n<li>Munida de dois pares de cilindros de 140 mm de di\u00e2metro.<\/li>\n<li>Os dois pares de cilindros foram fabricados sob o processo de jateamento mate de acordo com as normas de higiene.<\/li>\n<li>Produz uma folha de massa com duas superf\u00edcies perfeitamente lisas e com a mesma tens\u00e3o.<\/li>\n<li>A m\u00e1quina est\u00e1 equipada com uma c\u00e2mara onde se transfira a massa fresca ou as aparas de massa.<\/li>\n<li>Painel de comando com fun\u00e7\u00f5es manuais e autom\u00e1ticos comandados por PLC.<\/li>\n<li>Sistema de seguran\u00e7a para o operador e a m\u00e1quina.<\/li>\n<li>Equipamento Trif\u00e1sico.<\/li>\n<\/ul>\n<p><b>Produ\u00e7\u00e3o<\/b><strong>:<\/strong> 800 kg\/Hora.<br \/>\nDimens\u00f5es: Altura 1.500 mm<br \/>\nLargura: 900 mm<br \/>\nComprimento: 1.900 mm<br \/>\nPeso: 450 kg<\/p>\n<p>Cinta Transportadora &#8211; Motor\u00a0 \u00a0de 0,25HP<br \/>\nCuchilla de Corte de &#8211; Motor 0,12 HP<br \/>\n4 Rolos 2 Motor 3 HP C\/U<\/p>\n<p><strong>A empresa reserva-se o direito a altera\u00e7\u00f5es sem aviso pr\u00e9vio<br \/>\n<\/strong><a href=\"https:\/\/empatec.com.ar\/wp-content\/uploads\/2022\/08\/Folleto-FL200.pdf\" target=\"_blank\" rel=\"noopener\">Descargar folleto Formadora de L\u00e1minas FL200<\/a><\/p>\n<p><img decoding=\"async\" class=\"alignnone wp-image-12166\" src=\"https:\/\/empatec.com.ar\/wp-content\/uploads\/2022\/07\/Folleto-FL200-300x300.png\" alt=\"\" width=\"200\" height=\"200\" srcset=\"https:\/\/empatec.com.ar\/wp-content\/uploads\/2022\/07\/Folleto-FL200-300x300.png 300w, https:\/\/empatec.com.ar\/wp-content\/uploads\/2022\/07\/Folleto-FL200-1024x1024.png 1024w, https:\/\/empatec.com.ar\/wp-content\/uploads\/2022\/07\/Folleto-FL200-150x150.png 150w, https:\/\/empatec.com.ar\/wp-content\/uploads\/2022\/07\/Folleto-FL200-768x768.png 768w, https:\/\/empatec.com.ar\/wp-content\/uploads\/2022\/07\/Folleto-FL200-12x12.png 12w, https:\/\/empatec.com.ar\/wp-content\/uploads\/2022\/07\/Folleto-FL200-550x550.png 550w, https:\/\/empatec.com.ar\/wp-content\/uploads\/2022\/07\/Folleto-FL200-100x100.png 100w, https:\/\/empatec.com.ar\/wp-content\/uploads\/2022\/07\/Folleto-FL200.png 1166w\" sizes=\"(max-width: 200px) 100vw, 200px\" \/><\/p>\n<div class=\"entry-content-asset videofit\"><iframe title=\"Empatec: Formadora de L\u00e1minas modelo  FL200\" width=\"720\" height=\"540\" src=\"https:\/\/www.youtube.com\/embed\/v7r2x4DCG8o?feature=oembed\" frameborder=\"0\" allow=\"accelerometer; autoplay; clipboard-write; encrypted-media; gyroscope; picture-in-picture; web-share\" allowfullscreen><\/iframe><\/div>","protected":false},"excerpt":{"rendered":"<p>O modelo FL200 JR \u00e9 uma m\u00e1quina especialmente desenvolvida para poder abastecer com uma folha de massa, a equipe ME, desta l\u00e2mina ocorre colocando na tremonha o grumo misturado no computador MV (Misturador Volcable), o qual por meio de rolos superiores e inferiores controlados electricamente por meio de variadores de velocidade e plc, conseguem formar uma l\u00e2mina homogenea de uma largura de 200mm.<\/p>","protected":false},"featured_media":12036,"template":"","meta":{"_kad_post_transparent":"default","_kad_post_title":"","_kad_post_layout":"default","_kad_post_sidebar_id":"","_kad_post_content_style":"default","_kad_post_vertical_padding":"default","_kad_post_feature":"","_kad_post_feature_position":"","_kad_post_header":false,"_kad_post_footer":false},"product_cat":[116],"product_tag":[],"class_list":{"0":"post-12031","1":"product","2":"type-product","3":"status-publish","4":"has-post-thumbnail","6":"product_cat-producto","8":"first","9":"instock","10":"shipping-taxable","11":"product-type-simple","12":"entry","13":"content-bg","14":"loop-entry"},"yoast_head":"<!-- This site is optimized with the Yoast SEO Premium plugin v19.2.1 (Yoast SEO v22.9) - https:\/\/yoast.com\/wordpress\/plugins\/seo\/ -->\n<title>Formadora de L\u00e1minas FL200 - Empatec<\/title>\n<meta name=\"robots\" content=\"index, follow, max-snippet:-1, max-image-preview:large, max-video-preview:-1\" \/>\n<link rel=\"canonical\" href=\"https:\/\/empatec.com.ar\/pt\/product\/formadora-de-laminas-fl200\/\" \/>\n<meta property=\"og:locale\" content=\"pt_BR\" \/>\n<meta property=\"og:type\" content=\"article\" \/>\n<meta property=\"og:title\" content=\"Formadora de L\u00e1minas FL200\" \/>\n<meta property=\"og:description\" content=\"El modelo FL200 es una maquina desarrollada especialmente para poder abastecer con una l\u00e1mina de masa al equipo ME, dicha l\u00e1mina se produce colocando en la tolva el grumo mezclado en el equipo MV (Mezcladora Volcable), el cual por medio de rodillos superiores e inferiores controlados el\u00e9ctricamente por medio de variadores de velocidad y PLC (Controlador L\u00f3gico Programable), logran conformar una l\u00e1mina homog\u00e9nea de un ancho de 200mm.\" \/>\n<meta property=\"og:url\" content=\"https:\/\/empatec.com.ar\/pt\/product\/formadora-de-laminas-fl200\/\" \/>\n<meta property=\"og:site_name\" content=\"Empatec\" \/>\n<meta property=\"article:modified_time\" content=\"2023-08-15T19:30:10+00:00\" \/>\n<meta property=\"og:image\" content=\"https:\/\/empatec.com.ar\/wp-content\/uploads\/2022\/07\/FL200.png\" \/>\n\t<meta property=\"og:image:width\" content=\"800\" \/>\n\t<meta property=\"og:image:height\" content=\"534\" \/>\n\t<meta property=\"og:image:type\" content=\"image\/png\" \/>\n<meta name=\"twitter:card\" content=\"summary_large_image\" \/>\n<meta name=\"twitter:label1\" content=\"Est. tempo de leitura\" \/>\n\t<meta name=\"twitter:data1\" content=\"1 minuto\" \/>\n<script type=\"application\/ld+json\" class=\"yoast-schema-graph\">{\"@context\":\"https:\/\/schema.org\",\"@graph\":[{\"@type\":\"WebPage\",\"@id\":\"https:\/\/empatec.com.ar\/product\/formadora-de-laminas-fl200\/\",\"url\":\"https:\/\/empatec.com.ar\/product\/formadora-de-laminas-fl200\/\",\"name\":\"Formadora de L\u00e1minas FL200 - Empatec\",\"isPartOf\":{\"@id\":\"https:\/\/empatec.com.ar\/#website\"},\"primaryImageOfPage\":{\"@id\":\"https:\/\/empatec.com.ar\/product\/formadora-de-laminas-fl200\/#primaryimage\"},\"image\":{\"@id\":\"https:\/\/empatec.com.ar\/product\/formadora-de-laminas-fl200\/#primaryimage\"},\"thumbnailUrl\":\"https:\/\/empatec.com.ar\/wp-content\/uploads\/2022\/07\/FL200.png\",\"datePublished\":\"2022-07-14T19:37:19+00:00\",\"dateModified\":\"2023-08-15T19:30:10+00:00\",\"breadcrumb\":{\"@id\":\"https:\/\/empatec.com.ar\/product\/formadora-de-laminas-fl200\/#breadcrumb\"},\"inLanguage\":\"pt-BR\",\"potentialAction\":[{\"@type\":\"ReadAction\",\"target\":[\"https:\/\/empatec.com.ar\/product\/formadora-de-laminas-fl200\/\"]}]},{\"@type\":\"ImageObject\",\"inLanguage\":\"pt-BR\",\"@id\":\"https:\/\/empatec.com.ar\/product\/formadora-de-laminas-fl200\/#primaryimage\",\"url\":\"https:\/\/empatec.com.ar\/wp-content\/uploads\/2022\/07\/FL200.png\",\"contentUrl\":\"https:\/\/empatec.com.ar\/wp-content\/uploads\/2022\/07\/FL200.png\",\"width\":800,\"height\":534,\"caption\":\"Formadora de L\u00e1minas para empanadas FL200 Empaec\"},{\"@type\":\"BreadcrumbList\",\"@id\":\"https:\/\/empatec.com.ar\/product\/formadora-de-laminas-fl200\/#breadcrumb\",\"itemListElement\":[{\"@type\":\"ListItem\",\"position\":1,\"name\":\"Home\",\"item\":\"https:\/\/empatec.com.ar\/\"},{\"@type\":\"ListItem\",\"position\":2,\"name\":\"Productos\",\"item\":\"https:\/\/empatec.com.ar\/productos\/\"},{\"@type\":\"ListItem\",\"position\":3,\"name\":\"Formadora de L\u00e1minas FL200\"}]},{\"@type\":\"WebSite\",\"@id\":\"https:\/\/empatec.com.ar\/#website\",\"url\":\"https:\/\/empatec.com.ar\/\",\"name\":\"Empatec\",\"description\":\"Maquinas para fabricar empanadas\",\"publisher\":{\"@id\":\"https:\/\/empatec.com.ar\/#organization\"},\"potentialAction\":[{\"@type\":\"SearchAction\",\"target\":{\"@type\":\"EntryPoint\",\"urlTemplate\":\"https:\/\/empatec.com.ar\/?s={search_term_string}\"},\"query-input\":\"required name=search_term_string\"}],\"inLanguage\":\"pt-BR\"},{\"@type\":\"Organization\",\"@id\":\"https:\/\/empatec.com.ar\/#organization\",\"name\":\"Empatec\",\"url\":\"https:\/\/empatec.com.ar\/\",\"logo\":{\"@type\":\"ImageObject\",\"inLanguage\":\"pt-BR\",\"@id\":\"https:\/\/empatec.com.ar\/#\/schema\/logo\/image\/\",\"url\":\"https:\/\/empatec.com.ar\/wp-content\/uploads\/2022\/07\/logo-empatec.png\",\"contentUrl\":\"https:\/\/empatec.com.ar\/wp-content\/uploads\/2022\/07\/logo-empatec.png\",\"width\":1045,\"height\":573,\"caption\":\"Empatec\"},\"image\":{\"@id\":\"https:\/\/empatec.com.ar\/#\/schema\/logo\/image\/\"}}]}<\/script>\n<!-- \/ Yoast SEO Premium plugin. -->","yoast_head_json":{"title":"Formadora de L\u00e1minas FL200 - Empatec","robots":{"index":"index","follow":"follow","max-snippet":"max-snippet:-1","max-image-preview":"max-image-preview:large","max-video-preview":"max-video-preview:-1"},"canonical":"https:\/\/empatec.com.ar\/pt\/product\/formadora-de-laminas-fl200\/","og_locale":"pt_BR","og_type":"article","og_title":"Formadora de L\u00e1minas FL200","og_description":"El modelo FL200 es una maquina desarrollada especialmente para poder abastecer con una l\u00e1mina de masa al equipo ME, dicha l\u00e1mina se produce colocando en la tolva el grumo mezclado en el equipo MV (Mezcladora Volcable), el cual por medio de rodillos superiores e inferiores controlados el\u00e9ctricamente por medio de variadores de velocidad y PLC (Controlador L\u00f3gico Programable), logran conformar una l\u00e1mina homog\u00e9nea de un ancho de 200mm.","og_url":"https:\/\/empatec.com.ar\/pt\/product\/formadora-de-laminas-fl200\/","og_site_name":"Empatec","article_modified_time":"2023-08-15T19:30:10+00:00","og_image":[{"width":800,"height":534,"url":"https:\/\/empatec.com.ar\/wp-content\/uploads\/2022\/07\/FL200.png","type":"image\/png"}],"twitter_card":"summary_large_image","twitter_misc":{"Est. tempo de leitura":"1 minuto"},"schema":{"@context":"https:\/\/schema.org","@graph":[{"@type":"WebPage","@id":"https:\/\/empatec.com.ar\/product\/formadora-de-laminas-fl200\/","url":"https:\/\/empatec.com.ar\/product\/formadora-de-laminas-fl200\/","name":"Formadora de L\u00e1minas FL200 - Empatec","isPartOf":{"@id":"https:\/\/empatec.com.ar\/#website"},"primaryImageOfPage":{"@id":"https:\/\/empatec.com.ar\/product\/formadora-de-laminas-fl200\/#primaryimage"},"image":{"@id":"https:\/\/empatec.com.ar\/product\/formadora-de-laminas-fl200\/#primaryimage"},"thumbnailUrl":"https:\/\/empatec.com.ar\/wp-content\/uploads\/2022\/07\/FL200.png","datePublished":"2022-07-14T19:37:19+00:00","dateModified":"2023-08-15T19:30:10+00:00","breadcrumb":{"@id":"https:\/\/empatec.com.ar\/product\/formadora-de-laminas-fl200\/#breadcrumb"},"inLanguage":"pt-BR","potentialAction":[{"@type":"ReadAction","target":["https:\/\/empatec.com.ar\/product\/formadora-de-laminas-fl200\/"]}]},{"@type":"ImageObject","inLanguage":"pt-BR","@id":"https:\/\/empatec.com.ar\/product\/formadora-de-laminas-fl200\/#primaryimage","url":"https:\/\/empatec.com.ar\/wp-content\/uploads\/2022\/07\/FL200.png","contentUrl":"https:\/\/empatec.com.ar\/wp-content\/uploads\/2022\/07\/FL200.png","width":800,"height":534,"caption":"Formadora de L\u00e1minas para empanadas FL200 Empaec"},{"@type":"BreadcrumbList","@id":"https:\/\/empatec.com.ar\/product\/formadora-de-laminas-fl200\/#breadcrumb","itemListElement":[{"@type":"ListItem","position":1,"name":"Home","item":"https:\/\/empatec.com.ar\/"},{"@type":"ListItem","position":2,"name":"Productos","item":"https:\/\/empatec.com.ar\/productos\/"},{"@type":"ListItem","position":3,"name":"Formadora de L\u00e1minas FL200"}]},{"@type":"WebSite","@id":"https:\/\/empatec.com.ar\/#website","url":"https:\/\/empatec.com.ar\/","name":"Empatec","description":"Maquinas para fabricar empanadas","publisher":{"@id":"https:\/\/empatec.com.ar\/#organization"},"potentialAction":[{"@type":"SearchAction","target":{"@type":"EntryPoint","urlTemplate":"https:\/\/empatec.com.ar\/?s={search_term_string}"},"query-input":"required name=search_term_string"}],"inLanguage":"pt-BR"},{"@type":"Organization","@id":"https:\/\/empatec.com.ar\/#organization","name":"Empatec","url":"https:\/\/empatec.com.ar\/","logo":{"@type":"ImageObject","inLanguage":"pt-BR","@id":"https:\/\/empatec.com.ar\/#\/schema\/logo\/image\/","url":"https:\/\/empatec.com.ar\/wp-content\/uploads\/2022\/07\/logo-empatec.png","contentUrl":"https:\/\/empatec.com.ar\/wp-content\/uploads\/2022\/07\/logo-empatec.png","width":1045,"height":573,"caption":"Empatec"},"image":{"@id":"https:\/\/empatec.com.ar\/#\/schema\/logo\/image\/"}}]}},"_links":{"self":[{"href":"https:\/\/empatec.com.ar\/pt\/wp-json\/wp\/v2\/product\/12031","targetHints":{"allow":["GET"]}}],"collection":[{"href":"https:\/\/empatec.com.ar\/pt\/wp-json\/wp\/v2\/product"}],"about":[{"href":"https:\/\/empatec.com.ar\/pt\/wp-json\/wp\/v2\/types\/product"}],"version-history":[{"count":8,"href":"https:\/\/empatec.com.ar\/pt\/wp-json\/wp\/v2\/product\/12031\/revisions"}],"predecessor-version":[{"id":12406,"href":"https:\/\/empatec.com.ar\/pt\/wp-json\/wp\/v2\/product\/12031\/revisions\/12406"}],"wp:featuredmedia":[{"embeddable":true,"href":"https:\/\/empatec.com.ar\/pt\/wp-json\/wp\/v2\/media\/12036"}],"wp:attachment":[{"href":"https:\/\/empatec.com.ar\/pt\/wp-json\/wp\/v2\/media?parent=12031"}],"wp:term":[{"taxonomy":"product_cat","embeddable":true,"href":"https:\/\/empatec.com.ar\/pt\/wp-json\/wp\/v2\/product_cat?post=12031"},{"taxonomy":"product_tag","embeddable":true,"href":"https:\/\/empatec.com.ar\/pt\/wp-json\/wp\/v2\/product_tag?post=12031"}],"curies":[{"name":"wp","href":"https:\/\/api.w.org\/{rel}","templated":true}]}}