{"id":12086,"date":"2022-08-01T17:02:48","date_gmt":"2022-08-01T17:02:48","guid":{"rendered":"https:\/\/empatec.com.ar\/?post_type=product&#038;p=12086"},"modified":"2023-08-15T19:53:23","modified_gmt":"2023-08-15T19:53:23","slug":"formadora-de-laminas-modelo-fl600","status":"publish","type":"product","link":"https:\/\/empatec.com.ar\/pt\/product\/formadora-de-laminas-modelo-fl600\/","title":{"rendered":"Formadora de l\u00e2minas Modelo FL600"},"content":{"rendered":"<ul>\n<li>Munida de dois pares de cilindros de 270 mm de di\u00e2metro<\/li>\n<li>Os dois pares de cilindros foram fabricados sob o processo de jateamento mate de acordo com as normas de higiene<\/li>\n<li>Produz uma folha de massa com duas superf\u00edcies perfeitamente lisas e com a mesma tens\u00e3o<\/li>\n<li>A m\u00e1quina est\u00e1 equipada com uma c\u00e2mara onde se transfira a massa fresca ou as aparas de massa<\/li>\n<li>Todos os eixos s\u00e3o montados sobre rulemanes de bolillas do tipo blindado<\/li>\n<li>Painel de comando com fun\u00e7\u00f5es manuais e autom\u00e1ticos comandados por PLC<\/li>\n<li>Sistema de seguran\u00e7a para o operador e a m\u00e1quina<\/li>\n<li>Produ\u00e7\u00e3o: Cerca De 3600 Kg\/Hora<\/li>\n<\/ul>\n<p><strong>A empresa reserva-se o direito a altera\u00e7\u00f5es sem aviso pr\u00e9vio<br \/>\n<\/strong><a href=\"https:\/\/empatec.com.ar\/wp-content\/uploads\/2023\/08\/Folleto-FL600.pdf\" target=\"_blank\" rel=\"noopener\">Baixar Formadora de l\u00e2minas Modelo FL600<\/a><\/p>\n<p><img fetchpriority=\"high\" decoding=\"async\" class=\"alignnone wp-image-12414 size-medium\" src=\"https:\/\/empatec.com.ar\/wp-content\/uploads\/2022\/08\/fl600--300x300.png\" alt=\"\" width=\"300\" height=\"300\" srcset=\"https:\/\/empatec.com.ar\/wp-content\/uploads\/2022\/08\/fl600--300x300.png 300w, https:\/\/empatec.com.ar\/wp-content\/uploads\/2022\/08\/fl600--150x150.png 150w, https:\/\/empatec.com.ar\/wp-content\/uploads\/2022\/08\/fl600--768x768.png 768w, https:\/\/empatec.com.ar\/wp-content\/uploads\/2022\/08\/fl600--12x12.png 12w, https:\/\/empatec.com.ar\/wp-content\/uploads\/2022\/08\/fl600--550x550.png 550w, https:\/\/empatec.com.ar\/wp-content\/uploads\/2022\/08\/fl600--100x100.png 100w, https:\/\/empatec.com.ar\/wp-content\/uploads\/2022\/08\/fl600-.png 1007w\" sizes=\"(max-width: 300px) 100vw, 300px\" \/><\/p>\n<div class=\"entry-content-asset videofit\"><iframe title=\"Empatec: Formadora de L\u00e1minas modelo FL600\" width=\"720\" height=\"405\" src=\"https:\/\/www.youtube.com\/embed\/t3Dh0zznwwk?feature=oembed\" frameborder=\"0\" allow=\"accelerometer; autoplay; clipboard-write; encrypted-media; gyroscope; picture-in-picture; web-share\" allowfullscreen><\/iframe><\/div>","protected":false},"excerpt":{"rendered":"<p>Caracter\u00edsticas: esta m\u00e1quina, forma-se uma folha de massa, a partir de grumo ou recortes. Entrega l\u00e2minas de 600 mm de largura. Est\u00e1 equipada com uma l\u00e2mina para cortar as l\u00e2minas do comprimento desejado.<\/p>","protected":false},"featured_media":12092,"template":"","meta":{"_kad_post_transparent":"default","_kad_post_title":"","_kad_post_layout":"default","_kad_post_sidebar_id":"","_kad_post_content_style":"default","_kad_post_vertical_padding":"default","_kad_post_feature":"","_kad_post_feature_position":"","_kad_post_header":false,"_kad_post_footer":false},"product_cat":[116],"product_tag":[],"class_list":{"0":"post-12086","1":"product","2":"type-product","3":"status-publish","4":"has-post-thumbnail","6":"product_cat-producto","8":"first","9":"instock","10":"shipping-taxable","11":"product-type-simple","12":"entry","13":"content-bg","14":"loop-entry"},"yoast_head":"<!-- This site is optimized with the Yoast SEO Premium plugin v19.2.1 (Yoast SEO v22.9) - https:\/\/yoast.com\/wordpress\/plugins\/seo\/ -->\n<title>Formadora de l\u00e1minas Modelo FL600 - Empatec<\/title>\n<meta name=\"robots\" content=\"index, follow, max-snippet:-1, max-image-preview:large, max-video-preview:-1\" \/>\n<link rel=\"canonical\" href=\"https:\/\/empatec.com.ar\/pt\/product\/formadora-de-laminas-modelo-fl600\/\" \/>\n<meta property=\"og:locale\" content=\"pt_BR\" \/>\n<meta property=\"og:type\" content=\"article\" \/>\n<meta property=\"og:title\" content=\"Formadora de l\u00e1minas Modelo FL600\" \/>\n<meta property=\"og:description\" content=\"Prestaciones: esta m\u00e1quina forma una l\u00e1mina de masa a partir de grumo o recortes. Entrega l\u00e1minas de 600 mm de ancho. Est\u00e1 equipada con una cuchilla para recortar las l\u00e1minas del largo deseado.\" \/>\n<meta property=\"og:url\" content=\"https:\/\/empatec.com.ar\/pt\/product\/formadora-de-laminas-modelo-fl600\/\" \/>\n<meta property=\"og:site_name\" content=\"Empatec\" \/>\n<meta property=\"article:modified_time\" content=\"2023-08-15T19:53:23+00:00\" \/>\n<meta property=\"og:image\" content=\"https:\/\/empatec.com.ar\/wp-content\/uploads\/2022\/08\/FL600.png\" \/>\n\t<meta property=\"og:image:width\" content=\"1200\" \/>\n\t<meta property=\"og:image:height\" content=\"827\" \/>\n\t<meta property=\"og:image:type\" content=\"image\/png\" \/>\n<meta name=\"twitter:card\" content=\"summary_large_image\" \/>\n<meta name=\"twitter:label1\" content=\"Est. tempo de leitura\" \/>\n\t<meta name=\"twitter:data1\" content=\"1 minuto\" \/>\n<script type=\"application\/ld+json\" class=\"yoast-schema-graph\">{\"@context\":\"https:\/\/schema.org\",\"@graph\":[{\"@type\":\"WebPage\",\"@id\":\"https:\/\/empatec.com.ar\/product\/formadora-de-laminas-modelo-fl600\/\",\"url\":\"https:\/\/empatec.com.ar\/product\/formadora-de-laminas-modelo-fl600\/\",\"name\":\"Formadora de l\u00e1minas Modelo FL600 - Empatec\",\"isPartOf\":{\"@id\":\"https:\/\/empatec.com.ar\/#website\"},\"primaryImageOfPage\":{\"@id\":\"https:\/\/empatec.com.ar\/product\/formadora-de-laminas-modelo-fl600\/#primaryimage\"},\"image\":{\"@id\":\"https:\/\/empatec.com.ar\/product\/formadora-de-laminas-modelo-fl600\/#primaryimage\"},\"thumbnailUrl\":\"https:\/\/empatec.com.ar\/wp-content\/uploads\/2022\/08\/FL600.png\",\"datePublished\":\"2022-08-01T17:02:48+00:00\",\"dateModified\":\"2023-08-15T19:53:23+00:00\",\"breadcrumb\":{\"@id\":\"https:\/\/empatec.com.ar\/product\/formadora-de-laminas-modelo-fl600\/#breadcrumb\"},\"inLanguage\":\"pt-BR\",\"potentialAction\":[{\"@type\":\"ReadAction\",\"target\":[\"https:\/\/empatec.com.ar\/product\/formadora-de-laminas-modelo-fl600\/\"]}]},{\"@type\":\"ImageObject\",\"inLanguage\":\"pt-BR\",\"@id\":\"https:\/\/empatec.com.ar\/product\/formadora-de-laminas-modelo-fl600\/#primaryimage\",\"url\":\"https:\/\/empatec.com.ar\/wp-content\/uploads\/2022\/08\/FL600.png\",\"contentUrl\":\"https:\/\/empatec.com.ar\/wp-content\/uploads\/2022\/08\/FL600.png\",\"width\":1200,\"height\":827,\"caption\":\"Formadora de l\u00e1minas Modelo FL600\"},{\"@type\":\"BreadcrumbList\",\"@id\":\"https:\/\/empatec.com.ar\/product\/formadora-de-laminas-modelo-fl600\/#breadcrumb\",\"itemListElement\":[{\"@type\":\"ListItem\",\"position\":1,\"name\":\"Home\",\"item\":\"https:\/\/empatec.com.ar\/\"},{\"@type\":\"ListItem\",\"position\":2,\"name\":\"Productos\",\"item\":\"https:\/\/empatec.com.ar\/productos\/\"},{\"@type\":\"ListItem\",\"position\":3,\"name\":\"Formadora de l\u00e1minas Modelo FL600\"}]},{\"@type\":\"WebSite\",\"@id\":\"https:\/\/empatec.com.ar\/#website\",\"url\":\"https:\/\/empatec.com.ar\/\",\"name\":\"Empatec\",\"description\":\"Maquinas para fabricar empanadas\",\"publisher\":{\"@id\":\"https:\/\/empatec.com.ar\/#organization\"},\"potentialAction\":[{\"@type\":\"SearchAction\",\"target\":{\"@type\":\"EntryPoint\",\"urlTemplate\":\"https:\/\/empatec.com.ar\/?s={search_term_string}\"},\"query-input\":\"required name=search_term_string\"}],\"inLanguage\":\"pt-BR\"},{\"@type\":\"Organization\",\"@id\":\"https:\/\/empatec.com.ar\/#organization\",\"name\":\"Empatec\",\"url\":\"https:\/\/empatec.com.ar\/\",\"logo\":{\"@type\":\"ImageObject\",\"inLanguage\":\"pt-BR\",\"@id\":\"https:\/\/empatec.com.ar\/#\/schema\/logo\/image\/\",\"url\":\"https:\/\/empatec.com.ar\/wp-content\/uploads\/2022\/07\/logo-empatec.png\",\"contentUrl\":\"https:\/\/empatec.com.ar\/wp-content\/uploads\/2022\/07\/logo-empatec.png\",\"width\":1045,\"height\":573,\"caption\":\"Empatec\"},\"image\":{\"@id\":\"https:\/\/empatec.com.ar\/#\/schema\/logo\/image\/\"}}]}<\/script>\n<!-- \/ Yoast SEO Premium plugin. -->","yoast_head_json":{"title":"Formadora de l\u00e1minas Modelo FL600 - Empatec","robots":{"index":"index","follow":"follow","max-snippet":"max-snippet:-1","max-image-preview":"max-image-preview:large","max-video-preview":"max-video-preview:-1"},"canonical":"https:\/\/empatec.com.ar\/pt\/product\/formadora-de-laminas-modelo-fl600\/","og_locale":"pt_BR","og_type":"article","og_title":"Formadora de l\u00e1minas Modelo FL600","og_description":"Prestaciones: esta m\u00e1quina forma una l\u00e1mina de masa a partir de grumo o recortes. Entrega l\u00e1minas de 600 mm de ancho. Est\u00e1 equipada con una cuchilla para recortar las l\u00e1minas del largo deseado.","og_url":"https:\/\/empatec.com.ar\/pt\/product\/formadora-de-laminas-modelo-fl600\/","og_site_name":"Empatec","article_modified_time":"2023-08-15T19:53:23+00:00","og_image":[{"width":1200,"height":827,"url":"https:\/\/empatec.com.ar\/wp-content\/uploads\/2022\/08\/FL600.png","type":"image\/png"}],"twitter_card":"summary_large_image","twitter_misc":{"Est. tempo de leitura":"1 minuto"},"schema":{"@context":"https:\/\/schema.org","@graph":[{"@type":"WebPage","@id":"https:\/\/empatec.com.ar\/product\/formadora-de-laminas-modelo-fl600\/","url":"https:\/\/empatec.com.ar\/product\/formadora-de-laminas-modelo-fl600\/","name":"Formadora de l\u00e1minas Modelo FL600 - Empatec","isPartOf":{"@id":"https:\/\/empatec.com.ar\/#website"},"primaryImageOfPage":{"@id":"https:\/\/empatec.com.ar\/product\/formadora-de-laminas-modelo-fl600\/#primaryimage"},"image":{"@id":"https:\/\/empatec.com.ar\/product\/formadora-de-laminas-modelo-fl600\/#primaryimage"},"thumbnailUrl":"https:\/\/empatec.com.ar\/wp-content\/uploads\/2022\/08\/FL600.png","datePublished":"2022-08-01T17:02:48+00:00","dateModified":"2023-08-15T19:53:23+00:00","breadcrumb":{"@id":"https:\/\/empatec.com.ar\/product\/formadora-de-laminas-modelo-fl600\/#breadcrumb"},"inLanguage":"pt-BR","potentialAction":[{"@type":"ReadAction","target":["https:\/\/empatec.com.ar\/product\/formadora-de-laminas-modelo-fl600\/"]}]},{"@type":"ImageObject","inLanguage":"pt-BR","@id":"https:\/\/empatec.com.ar\/product\/formadora-de-laminas-modelo-fl600\/#primaryimage","url":"https:\/\/empatec.com.ar\/wp-content\/uploads\/2022\/08\/FL600.png","contentUrl":"https:\/\/empatec.com.ar\/wp-content\/uploads\/2022\/08\/FL600.png","width":1200,"height":827,"caption":"Formadora de l\u00e1minas Modelo FL600"},{"@type":"BreadcrumbList","@id":"https:\/\/empatec.com.ar\/product\/formadora-de-laminas-modelo-fl600\/#breadcrumb","itemListElement":[{"@type":"ListItem","position":1,"name":"Home","item":"https:\/\/empatec.com.ar\/"},{"@type":"ListItem","position":2,"name":"Productos","item":"https:\/\/empatec.com.ar\/productos\/"},{"@type":"ListItem","position":3,"name":"Formadora de l\u00e1minas Modelo FL600"}]},{"@type":"WebSite","@id":"https:\/\/empatec.com.ar\/#website","url":"https:\/\/empatec.com.ar\/","name":"Empatec","description":"Maquinas para fabricar empanadas","publisher":{"@id":"https:\/\/empatec.com.ar\/#organization"},"potentialAction":[{"@type":"SearchAction","target":{"@type":"EntryPoint","urlTemplate":"https:\/\/empatec.com.ar\/?s={search_term_string}"},"query-input":"required name=search_term_string"}],"inLanguage":"pt-BR"},{"@type":"Organization","@id":"https:\/\/empatec.com.ar\/#organization","name":"Empatec","url":"https:\/\/empatec.com.ar\/","logo":{"@type":"ImageObject","inLanguage":"pt-BR","@id":"https:\/\/empatec.com.ar\/#\/schema\/logo\/image\/","url":"https:\/\/empatec.com.ar\/wp-content\/uploads\/2022\/07\/logo-empatec.png","contentUrl":"https:\/\/empatec.com.ar\/wp-content\/uploads\/2022\/07\/logo-empatec.png","width":1045,"height":573,"caption":"Empatec"},"image":{"@id":"https:\/\/empatec.com.ar\/#\/schema\/logo\/image\/"}}]}},"_links":{"self":[{"href":"https:\/\/empatec.com.ar\/pt\/wp-json\/wp\/v2\/product\/12086","targetHints":{"allow":["GET"]}}],"collection":[{"href":"https:\/\/empatec.com.ar\/pt\/wp-json\/wp\/v2\/product"}],"about":[{"href":"https:\/\/empatec.com.ar\/pt\/wp-json\/wp\/v2\/types\/product"}],"version-history":[{"count":4,"href":"https:\/\/empatec.com.ar\/pt\/wp-json\/wp\/v2\/product\/12086\/revisions"}],"predecessor-version":[{"id":12415,"href":"https:\/\/empatec.com.ar\/pt\/wp-json\/wp\/v2\/product\/12086\/revisions\/12415"}],"wp:featuredmedia":[{"embeddable":true,"href":"https:\/\/empatec.com.ar\/pt\/wp-json\/wp\/v2\/media\/12092"}],"wp:attachment":[{"href":"https:\/\/empatec.com.ar\/pt\/wp-json\/wp\/v2\/media?parent=12086"}],"wp:term":[{"taxonomy":"product_cat","embeddable":true,"href":"https:\/\/empatec.com.ar\/pt\/wp-json\/wp\/v2\/product_cat?post=12086"},{"taxonomy":"product_tag","embeddable":true,"href":"https:\/\/empatec.com.ar\/pt\/wp-json\/wp\/v2\/product_tag?post=12086"}],"curies":[{"name":"wp","href":"https:\/\/api.w.org\/{rel}","templated":true}]}}