{"id":12093,"date":"2022-08-01T17:52:57","date_gmt":"2022-08-01T17:52:57","guid":{"rendered":"https:\/\/empatec.com.ar\/?post_type=product&#038;p=12093"},"modified":"2023-08-15T19:30:29","modified_gmt":"2023-08-15T19:30:29","slug":"harinador","status":"publish","type":"product","link":"https:\/\/empatec.com.ar\/pt\/product\/harinador\/","title":{"rendered":"Harinador"},"content":{"rendered":"<p>Equipamento Trif\u00e1sico.<br \/>\nOs harinadores s\u00e3o aplic\u00e1veis a sobadoras, laminadores, ou a qualquer tipo de m\u00e1quina da ind\u00fastria vendedora e pastelaria, em que se requer harinado de massas.<br \/>\nA simplicidade deste implemento destac\u00e1vel permite que seja transfer\u00edvel de uma m\u00e1quina para outra, com total facilidade.<br \/>\nAs vantagens relacionam-se diretamente com a simplifica\u00e7\u00e3o e aperfei\u00e7oamento da tarefa de harinado atrav\u00e9s da automa\u00e7\u00e3o.<\/p>\n<p><strong>VANTAGENS:<\/strong><br \/>\nUma economia de farinha utilizada habitualmente nestes processos.<br \/>\nA automa\u00e7\u00e3o de um processo que permite ao operador realizar outras tarefas e n\u00e3o ter que estar atenta a este procedimento.<br \/>\nUm aporte regular, homog\u00eaneo e constante de farinha sobre a massa que n\u00e3o pode ser feito manualmente.<br \/>\nEvita as nuvens de farinha no ambiente que tanto prejudicam as vias respirat\u00f3rias dos operadores, assim como as chaves e circuitos el\u00e9tricos de todas as m\u00e1quinas do ambiente.<br \/>\nEvita a arriscada tarefa de &#034;espalhar e uniformizar&#034; a farinha sobre a massa, na qual os dedos do operador passam contados mil\u00edmetros dos perigosos toras de lamina\u00e7\u00e3o.<\/p>\n<p><strong>ESTES HARINADORES S\u00c3O FABRICADOS EM TR\u00caS DIFERENTES MODELOS:<\/strong><\/p>\n<ol>\n<li>Com a regula\u00e7\u00e3o do caudal de farinha, aplic\u00e1vel a sobadoras e todo o tipo de m\u00e1quina que assim o requeira.<\/li>\n<li>Sem regula\u00e7\u00e3o de caudal de Farinha, conect\u00e1vel trens de lamina\u00e7\u00e3o, ou utiliz\u00e1vel sobre massas que n\u00e3o precisam de variar a formatura do fluxo de farinha.<\/li>\n<li>Com um p\u00e9 no banco, para poder mov\u00ea-lo para qualquer m\u00e1quina ou \u00e1rea. Ambos em um formato simples e facilmente operados.<\/li>\n<\/ol>\n<p><strong>A empresa reserva-se o direito a altera\u00e7\u00f5es sem aviso pr\u00e9vio.<\/strong><\/p>\n<p><a href=\"https:\/\/empatec.com.ar\/wp-content\/uploads\/2022\/08\/Folleto-de-Harinador.pdf\" target=\"_blank\" rel=\"noopener\">Fa\u00e7a o download do folheto do Harinador<\/a><\/p>\n<p><img decoding=\"async\" class=\"alignnone wp-image-12098\" src=\"https:\/\/empatec.com.ar\/wp-content\/uploads\/2022\/08\/harinador-300x300.png\" alt=\"\" width=\"191\" height=\"191\" srcset=\"https:\/\/empatec.com.ar\/wp-content\/uploads\/2022\/08\/harinador-300x300.png 300w, https:\/\/empatec.com.ar\/wp-content\/uploads\/2022\/08\/harinador-1024x1024.png 1024w, https:\/\/empatec.com.ar\/wp-content\/uploads\/2022\/08\/harinador-150x150.png 150w, https:\/\/empatec.com.ar\/wp-content\/uploads\/2022\/08\/harinador-768x768.png 768w, https:\/\/empatec.com.ar\/wp-content\/uploads\/2022\/08\/harinador-12x12.png 12w, https:\/\/empatec.com.ar\/wp-content\/uploads\/2022\/08\/harinador-550x550.png 550w, https:\/\/empatec.com.ar\/wp-content\/uploads\/2022\/08\/harinador-100x100.png 100w, https:\/\/empatec.com.ar\/wp-content\/uploads\/2022\/08\/harinador.png 1166w\" sizes=\"(max-width: 191px) 100vw, 191px\" \/><\/p>\n<div class=\"entry-content-asset videofit\"><iframe title=\"Empatec: Harinador con pie\" width=\"720\" height=\"405\" src=\"https:\/\/www.youtube.com\/embed\/k4Rp5_5XJKY?feature=oembed\" frameborder=\"0\" allow=\"accelerometer; autoplay; clipboard-write; encrypted-media; gyroscope; picture-in-picture; web-share\" allowfullscreen><\/iframe><\/div>","protected":false},"excerpt":{"rendered":"<p>O harinador \u00e9 um sistema que facilita a aplica\u00e7\u00e3o de farinha em diferentes processos de elabora\u00e7\u00e3o de massas, tendo a vantagens de introduzir a farinha na massa de forma homog\u00eanea e agrad\u00e1vel.<br \/>\nPRESTA\u00c7\u00d5ES:<br \/>\nPoupan\u00e7a de farinha, aplica\u00e7\u00e3o uniforme e um casal.<\/p>","protected":false},"featured_media":12094,"template":"","meta":{"_kad_post_transparent":"default","_kad_post_title":"","_kad_post_layout":"default","_kad_post_sidebar_id":"","_kad_post_content_style":"default","_kad_post_vertical_padding":"default","_kad_post_feature":"","_kad_post_feature_position":"","_kad_post_header":false,"_kad_post_footer":false},"product_cat":[116],"product_tag":[],"class_list":{"0":"post-12093","1":"product","2":"type-product","3":"status-publish","4":"has-post-thumbnail","6":"product_cat-producto","8":"first","9":"instock","10":"shipping-taxable","11":"product-type-simple","12":"entry","13":"content-bg","14":"loop-entry"},"yoast_head":"<!-- This site is optimized with the Yoast SEO Premium plugin v19.2.1 (Yoast SEO v22.9) - https:\/\/yoast.com\/wordpress\/plugins\/seo\/ -->\n<title>Harinador - Empatec<\/title>\n<meta name=\"robots\" content=\"index, follow, max-snippet:-1, max-image-preview:large, max-video-preview:-1\" \/>\n<link rel=\"canonical\" href=\"https:\/\/empatec.com.ar\/pt\/product\/harinador\/\" \/>\n<meta property=\"og:locale\" content=\"pt_BR\" \/>\n<meta property=\"og:type\" content=\"article\" \/>\n<meta property=\"og:title\" content=\"Harinador\" \/>\n<meta property=\"og:description\" content=\"El harinador es un sistema que facilita la aplicaci\u00f3n de harina en distintos procesos de elaboraci\u00f3n de masas, teniendo la ventajas de introducir la harina en la masa de forma homog\u00e9nea y prolija. PRESTACIONES: Ahorro de harina, aplicaci\u00f3n homog\u00e9nea y pareja.\" \/>\n<meta property=\"og:url\" content=\"https:\/\/empatec.com.ar\/pt\/product\/harinador\/\" \/>\n<meta property=\"og:site_name\" content=\"Empatec\" \/>\n<meta property=\"article:modified_time\" content=\"2023-08-15T19:30:29+00:00\" \/>\n<meta property=\"og:image\" content=\"https:\/\/empatec.com.ar\/wp-content\/uploads\/2022\/08\/CIMG0082.png\" \/>\n\t<meta property=\"og:image:width\" content=\"500\" \/>\n\t<meta property=\"og:image:height\" content=\"375\" \/>\n\t<meta property=\"og:image:type\" content=\"image\/png\" \/>\n<meta name=\"twitter:card\" content=\"summary_large_image\" \/>\n<meta name=\"twitter:label1\" content=\"Est. tempo de leitura\" \/>\n\t<meta name=\"twitter:data1\" content=\"2 minutos\" \/>\n<script type=\"application\/ld+json\" class=\"yoast-schema-graph\">{\"@context\":\"https:\/\/schema.org\",\"@graph\":[{\"@type\":\"WebPage\",\"@id\":\"https:\/\/empatec.com.ar\/product\/harinador\/\",\"url\":\"https:\/\/empatec.com.ar\/product\/harinador\/\",\"name\":\"Harinador - Empatec\",\"isPartOf\":{\"@id\":\"https:\/\/empatec.com.ar\/#website\"},\"primaryImageOfPage\":{\"@id\":\"https:\/\/empatec.com.ar\/product\/harinador\/#primaryimage\"},\"image\":{\"@id\":\"https:\/\/empatec.com.ar\/product\/harinador\/#primaryimage\"},\"thumbnailUrl\":\"https:\/\/empatec.com.ar\/wp-content\/uploads\/2022\/08\/CIMG0082.png\",\"datePublished\":\"2022-08-01T17:52:57+00:00\",\"dateModified\":\"2023-08-15T19:30:29+00:00\",\"breadcrumb\":{\"@id\":\"https:\/\/empatec.com.ar\/product\/harinador\/#breadcrumb\"},\"inLanguage\":\"pt-BR\",\"potentialAction\":[{\"@type\":\"ReadAction\",\"target\":[\"https:\/\/empatec.com.ar\/product\/harinador\/\"]}]},{\"@type\":\"ImageObject\",\"inLanguage\":\"pt-BR\",\"@id\":\"https:\/\/empatec.com.ar\/product\/harinador\/#primaryimage\",\"url\":\"https:\/\/empatec.com.ar\/wp-content\/uploads\/2022\/08\/CIMG0082.png\",\"contentUrl\":\"https:\/\/empatec.com.ar\/wp-content\/uploads\/2022\/08\/CIMG0082.png\",\"width\":500,\"height\":375,\"caption\":\"Harinador para fabricacion de empanadas Empatec\"},{\"@type\":\"BreadcrumbList\",\"@id\":\"https:\/\/empatec.com.ar\/product\/harinador\/#breadcrumb\",\"itemListElement\":[{\"@type\":\"ListItem\",\"position\":1,\"name\":\"Home\",\"item\":\"https:\/\/empatec.com.ar\/\"},{\"@type\":\"ListItem\",\"position\":2,\"name\":\"Productos\",\"item\":\"https:\/\/empatec.com.ar\/productos\/\"},{\"@type\":\"ListItem\",\"position\":3,\"name\":\"Harinador\"}]},{\"@type\":\"WebSite\",\"@id\":\"https:\/\/empatec.com.ar\/#website\",\"url\":\"https:\/\/empatec.com.ar\/\",\"name\":\"Empatec\",\"description\":\"Maquinas para fabricar empanadas\",\"publisher\":{\"@id\":\"https:\/\/empatec.com.ar\/#organization\"},\"potentialAction\":[{\"@type\":\"SearchAction\",\"target\":{\"@type\":\"EntryPoint\",\"urlTemplate\":\"https:\/\/empatec.com.ar\/?s={search_term_string}\"},\"query-input\":\"required name=search_term_string\"}],\"inLanguage\":\"pt-BR\"},{\"@type\":\"Organization\",\"@id\":\"https:\/\/empatec.com.ar\/#organization\",\"name\":\"Empatec\",\"url\":\"https:\/\/empatec.com.ar\/\",\"logo\":{\"@type\":\"ImageObject\",\"inLanguage\":\"pt-BR\",\"@id\":\"https:\/\/empatec.com.ar\/#\/schema\/logo\/image\/\",\"url\":\"https:\/\/empatec.com.ar\/wp-content\/uploads\/2022\/07\/logo-empatec.png\",\"contentUrl\":\"https:\/\/empatec.com.ar\/wp-content\/uploads\/2022\/07\/logo-empatec.png\",\"width\":1045,\"height\":573,\"caption\":\"Empatec\"},\"image\":{\"@id\":\"https:\/\/empatec.com.ar\/#\/schema\/logo\/image\/\"}}]}<\/script>\n<!-- \/ Yoast SEO Premium plugin. -->","yoast_head_json":{"title":"Harinador - Empatec","robots":{"index":"index","follow":"follow","max-snippet":"max-snippet:-1","max-image-preview":"max-image-preview:large","max-video-preview":"max-video-preview:-1"},"canonical":"https:\/\/empatec.com.ar\/pt\/product\/harinador\/","og_locale":"pt_BR","og_type":"article","og_title":"Harinador","og_description":"El harinador es un sistema que facilita la aplicaci\u00f3n de harina en distintos procesos de elaboraci\u00f3n de masas, teniendo la ventajas de introducir la harina en la masa de forma homog\u00e9nea y prolija. PRESTACIONES: Ahorro de harina, aplicaci\u00f3n homog\u00e9nea y pareja.","og_url":"https:\/\/empatec.com.ar\/pt\/product\/harinador\/","og_site_name":"Empatec","article_modified_time":"2023-08-15T19:30:29+00:00","og_image":[{"width":500,"height":375,"url":"https:\/\/empatec.com.ar\/wp-content\/uploads\/2022\/08\/CIMG0082.png","type":"image\/png"}],"twitter_card":"summary_large_image","twitter_misc":{"Est. tempo de leitura":"2 minutos"},"schema":{"@context":"https:\/\/schema.org","@graph":[{"@type":"WebPage","@id":"https:\/\/empatec.com.ar\/product\/harinador\/","url":"https:\/\/empatec.com.ar\/product\/harinador\/","name":"Harinador - Empatec","isPartOf":{"@id":"https:\/\/empatec.com.ar\/#website"},"primaryImageOfPage":{"@id":"https:\/\/empatec.com.ar\/product\/harinador\/#primaryimage"},"image":{"@id":"https:\/\/empatec.com.ar\/product\/harinador\/#primaryimage"},"thumbnailUrl":"https:\/\/empatec.com.ar\/wp-content\/uploads\/2022\/08\/CIMG0082.png","datePublished":"2022-08-01T17:52:57+00:00","dateModified":"2023-08-15T19:30:29+00:00","breadcrumb":{"@id":"https:\/\/empatec.com.ar\/product\/harinador\/#breadcrumb"},"inLanguage":"pt-BR","potentialAction":[{"@type":"ReadAction","target":["https:\/\/empatec.com.ar\/product\/harinador\/"]}]},{"@type":"ImageObject","inLanguage":"pt-BR","@id":"https:\/\/empatec.com.ar\/product\/harinador\/#primaryimage","url":"https:\/\/empatec.com.ar\/wp-content\/uploads\/2022\/08\/CIMG0082.png","contentUrl":"https:\/\/empatec.com.ar\/wp-content\/uploads\/2022\/08\/CIMG0082.png","width":500,"height":375,"caption":"Harinador para fabricacion de empanadas Empatec"},{"@type":"BreadcrumbList","@id":"https:\/\/empatec.com.ar\/product\/harinador\/#breadcrumb","itemListElement":[{"@type":"ListItem","position":1,"name":"Home","item":"https:\/\/empatec.com.ar\/"},{"@type":"ListItem","position":2,"name":"Productos","item":"https:\/\/empatec.com.ar\/productos\/"},{"@type":"ListItem","position":3,"name":"Harinador"}]},{"@type":"WebSite","@id":"https:\/\/empatec.com.ar\/#website","url":"https:\/\/empatec.com.ar\/","name":"Empatec","description":"Maquinas para fabricar empanadas","publisher":{"@id":"https:\/\/empatec.com.ar\/#organization"},"potentialAction":[{"@type":"SearchAction","target":{"@type":"EntryPoint","urlTemplate":"https:\/\/empatec.com.ar\/?s={search_term_string}"},"query-input":"required name=search_term_string"}],"inLanguage":"pt-BR"},{"@type":"Organization","@id":"https:\/\/empatec.com.ar\/#organization","name":"Empatec","url":"https:\/\/empatec.com.ar\/","logo":{"@type":"ImageObject","inLanguage":"pt-BR","@id":"https:\/\/empatec.com.ar\/#\/schema\/logo\/image\/","url":"https:\/\/empatec.com.ar\/wp-content\/uploads\/2022\/07\/logo-empatec.png","contentUrl":"https:\/\/empatec.com.ar\/wp-content\/uploads\/2022\/07\/logo-empatec.png","width":1045,"height":573,"caption":"Empatec"},"image":{"@id":"https:\/\/empatec.com.ar\/#\/schema\/logo\/image\/"}}]}},"_links":{"self":[{"href":"https:\/\/empatec.com.ar\/pt\/wp-json\/wp\/v2\/product\/12093","targetHints":{"allow":["GET"]}}],"collection":[{"href":"https:\/\/empatec.com.ar\/pt\/wp-json\/wp\/v2\/product"}],"about":[{"href":"https:\/\/empatec.com.ar\/pt\/wp-json\/wp\/v2\/types\/product"}],"version-history":[{"count":4,"href":"https:\/\/empatec.com.ar\/pt\/wp-json\/wp\/v2\/product\/12093\/revisions"}],"predecessor-version":[{"id":12407,"href":"https:\/\/empatec.com.ar\/pt\/wp-json\/wp\/v2\/product\/12093\/revisions\/12407"}],"wp:featuredmedia":[{"embeddable":true,"href":"https:\/\/empatec.com.ar\/pt\/wp-json\/wp\/v2\/media\/12094"}],"wp:attachment":[{"href":"https:\/\/empatec.com.ar\/pt\/wp-json\/wp\/v2\/media?parent=12093"}],"wp:term":[{"taxonomy":"product_cat","embeddable":true,"href":"https:\/\/empatec.com.ar\/pt\/wp-json\/wp\/v2\/product_cat?post=12093"},{"taxonomy":"product_tag","embeddable":true,"href":"https:\/\/empatec.com.ar\/pt\/wp-json\/wp\/v2\/product_tag?post=12093"}],"curies":[{"name":"wp","href":"https:\/\/api.w.org\/{rel}","templated":true}]}}