{"id":12100,"date":"2022-08-01T19:43:26","date_gmt":"2022-08-01T19:43:26","guid":{"rendered":"https:\/\/empatec.com.ar\/?post_type=product&#038;p=12100"},"modified":"2023-08-15T19:31:10","modified_gmt":"2023-08-15T19:31:10","slug":"maquina-de-empanada-modelo-me-2","status":"publish","type":"product","link":"https:\/\/empatec.com.ar\/pt\/product\/maquina-de-empanada-modelo-me-2\/","title":{"rendered":"M\u00e1quina de Torta Modelo ME 2"},"content":{"rendered":"<p>Este equipamento funciona a partir de uma folha de massa e, portanto, n\u00e3o \u00e9 necess\u00e1rio cortar discos.<br \/>\nConstru\u00eddo em a\u00e7o inoxid\u00e1vel, acionados com dois motoredutores e quatro cilindros pneum\u00e1ticos.<br \/>\nEste equipamento \u00e9 modular, que pode adaptar-se ao grau de automa\u00e7\u00e3o ou de produ\u00e7\u00e3o, o que deseja o cliente.<br \/>\nOs projetos de engenharia respondem a normas internacionais. Cabe\u00e7as vari\u00e1veis para confeccionar diferentes tamanhos e formas de empadas.<br \/>\nSistema de tremonhas para dosagem de enchimento.<br \/>\nPainel de comando com fun\u00e7\u00f5es manuais e autom\u00e1ticas controladas por PLC. Sistemas de seguran\u00e7a para o operador e a m\u00e1quina. Equipamento Trif\u00e1sico.<br \/>\nProdu\u00e7\u00e3o: Cerca de 4000 unidades por hora, dependendo das caracter\u00edsticas do produto<\/p>\n<p>DIMENS\u00d5ES<br \/>\nAltura 1.600 mm<br \/>\nLargura 800 mm<br \/>\nLongo 3.400 mm<br \/>\nPeso 300 Kg.<\/p>\n<p>FUN\u00c7\u00c3O TIPO POT\u00caNCIA<br \/>\nCalibrador Motor 0,75 HP<br \/>\nEsteira transportadora Motor 0,75 HP<\/p>\n<p>PNEUM\u00c1TICA<br \/>\nEstampagem e Corte 2 cilindro \u00d863\u00d765 mm de carreira<br \/>\nDoseador de Enchimento 2 cilindro \u00d863\u00d7100 mm de carreira<\/p>\n<p><strong>A empresa reserva-se o direito a altera\u00e7\u00f5es sem aviso pr\u00e9vio<\/strong><\/p>\n<p><a href=\"https:\/\/empatec.com.ar\/wp-content\/uploads\/2022\/08\/Folleto-ME-2.pdf\" target=\"_blank\" rel=\"noopener\">Fa\u00e7a o download do folheto da M\u00e1quina de Torta Modelo ME 2<\/a><\/p>\n<p><img decoding=\"async\" class=\"alignnone wp-image-12103\" src=\"https:\/\/empatec.com.ar\/wp-content\/uploads\/2022\/08\/Maquina-de-Empanada-Modelo-ME-2-300x300.png\" alt=\"\" width=\"189\" height=\"189\" srcset=\"https:\/\/empatec.com.ar\/wp-content\/uploads\/2022\/08\/Maquina-de-Empanada-Modelo-ME-2-300x300.png 300w, https:\/\/empatec.com.ar\/wp-content\/uploads\/2022\/08\/Maquina-de-Empanada-Modelo-ME-2-1024x1024.png 1024w, https:\/\/empatec.com.ar\/wp-content\/uploads\/2022\/08\/Maquina-de-Empanada-Modelo-ME-2-150x150.png 150w, https:\/\/empatec.com.ar\/wp-content\/uploads\/2022\/08\/Maquina-de-Empanada-Modelo-ME-2-768x768.png 768w, https:\/\/empatec.com.ar\/wp-content\/uploads\/2022\/08\/Maquina-de-Empanada-Modelo-ME-2-12x12.png 12w, https:\/\/empatec.com.ar\/wp-content\/uploads\/2022\/08\/Maquina-de-Empanada-Modelo-ME-2-550x550.png 550w, https:\/\/empatec.com.ar\/wp-content\/uploads\/2022\/08\/Maquina-de-Empanada-Modelo-ME-2-100x100.png 100w, https:\/\/empatec.com.ar\/wp-content\/uploads\/2022\/08\/Maquina-de-Empanada-Modelo-ME-2.png 1166w\" sizes=\"(max-width: 189px) 100vw, 189px\" \/><\/p>\n<div class=\"entry-content-asset videofit\"><iframe title=\"Empatec: M\u00e1quina de empanadas modelo ME 2\" width=\"720\" height=\"540\" src=\"https:\/\/www.youtube.com\/embed\/it4uhkND72k?feature=oembed\" frameborder=\"0\" allow=\"accelerometer; autoplay; clipboard-write; encrypted-media; gyroscope; picture-in-picture; web-share\" allowfullscreen><\/iframe><\/div>","protected":false},"excerpt":{"rendered":"<p>O equipamento funciona com uma folha de massa, que se introduz no laminador, posteriormente, ser\u00e1 transportada atrav\u00e9s de uma fita onde \u00e9 depositado o preenchimento por meio de um dispensador duplo para ent\u00e3o ser dobrada, estampada e cortada por moldes intercambi\u00e1veis personalizados a pedido do cliente, formando o produto desejado, que \u00e9 retirado manualmente para ser estibado em suas respectivas bandejas.<\/p>","protected":false},"featured_media":12101,"template":"","meta":{"_kad_post_transparent":"default","_kad_post_title":"","_kad_post_layout":"default","_kad_post_sidebar_id":"","_kad_post_content_style":"default","_kad_post_vertical_padding":"default","_kad_post_feature":"","_kad_post_feature_position":"","_kad_post_header":false,"_kad_post_footer":false},"product_cat":[116],"product_tag":[],"class_list":{"0":"post-12100","1":"product","2":"type-product","3":"status-publish","4":"has-post-thumbnail","6":"product_cat-producto","8":"first","9":"instock","10":"shipping-taxable","11":"product-type-simple","12":"entry","13":"content-bg","14":"loop-entry"},"yoast_head":"<!-- This site is optimized with the Yoast SEO Premium plugin v19.2.1 (Yoast SEO v22.9) - https:\/\/yoast.com\/wordpress\/plugins\/seo\/ -->\n<title>Maquina de Empanada Modelo ME 2 - Empatec<\/title>\n<meta name=\"robots\" content=\"index, follow, max-snippet:-1, max-image-preview:large, max-video-preview:-1\" \/>\n<link rel=\"canonical\" href=\"https:\/\/empatec.com.ar\/pt\/product\/maquina-de-empanada-modelo-me-2\/\" \/>\n<meta property=\"og:locale\" content=\"pt_BR\" \/>\n<meta property=\"og:type\" content=\"article\" \/>\n<meta property=\"og:title\" content=\"Maquina de Empanada Modelo ME 2\" \/>\n<meta property=\"og:description\" content=\"El equipo funciona con una l\u00e1mina de masa, que se introduce en el laminador, posteriormente se transportar\u00e1 mediante una cinta donde se depositar\u00e1 el relleno por medio de un dosificador doble para luego ser doblada, estampada y cortada por moldes intercambiables personalizados a pedido del cliente, formando el producto deseado que se retirar\u00e1 manualmente para ser estibado en sus respectivas bandejas.\" \/>\n<meta property=\"og:url\" content=\"https:\/\/empatec.com.ar\/pt\/product\/maquina-de-empanada-modelo-me-2\/\" \/>\n<meta property=\"og:site_name\" content=\"Empatec\" \/>\n<meta property=\"article:modified_time\" content=\"2023-08-15T19:31:10+00:00\" \/>\n<meta property=\"og:image\" content=\"https:\/\/empatec.com.ar\/wp-content\/uploads\/2022\/08\/ME2-Recuperado.png\" \/>\n\t<meta property=\"og:image:width\" content=\"700\" \/>\n\t<meta property=\"og:image:height\" content=\"525\" \/>\n\t<meta property=\"og:image:type\" content=\"image\/png\" \/>\n<meta name=\"twitter:card\" content=\"summary_large_image\" \/>\n<meta name=\"twitter:label1\" content=\"Est. tempo de leitura\" \/>\n\t<meta name=\"twitter:data1\" content=\"2 minutos\" \/>\n<script type=\"application\/ld+json\" class=\"yoast-schema-graph\">{\"@context\":\"https:\/\/schema.org\",\"@graph\":[{\"@type\":\"WebPage\",\"@id\":\"https:\/\/empatec.com.ar\/product\/maquina-de-empanada-modelo-me-2\/\",\"url\":\"https:\/\/empatec.com.ar\/product\/maquina-de-empanada-modelo-me-2\/\",\"name\":\"Maquina de Empanada Modelo ME 2 - Empatec\",\"isPartOf\":{\"@id\":\"https:\/\/empatec.com.ar\/#website\"},\"primaryImageOfPage\":{\"@id\":\"https:\/\/empatec.com.ar\/product\/maquina-de-empanada-modelo-me-2\/#primaryimage\"},\"image\":{\"@id\":\"https:\/\/empatec.com.ar\/product\/maquina-de-empanada-modelo-me-2\/#primaryimage\"},\"thumbnailUrl\":\"https:\/\/empatec.com.ar\/wp-content\/uploads\/2022\/08\/ME2-Recuperado.png\",\"datePublished\":\"2022-08-01T19:43:26+00:00\",\"dateModified\":\"2023-08-15T19:31:10+00:00\",\"breadcrumb\":{\"@id\":\"https:\/\/empatec.com.ar\/product\/maquina-de-empanada-modelo-me-2\/#breadcrumb\"},\"inLanguage\":\"pt-BR\",\"potentialAction\":[{\"@type\":\"ReadAction\",\"target\":[\"https:\/\/empatec.com.ar\/product\/maquina-de-empanada-modelo-me-2\/\"]}]},{\"@type\":\"ImageObject\",\"inLanguage\":\"pt-BR\",\"@id\":\"https:\/\/empatec.com.ar\/product\/maquina-de-empanada-modelo-me-2\/#primaryimage\",\"url\":\"https:\/\/empatec.com.ar\/wp-content\/uploads\/2022\/08\/ME2-Recuperado.png\",\"contentUrl\":\"https:\/\/empatec.com.ar\/wp-content\/uploads\/2022\/08\/ME2-Recuperado.png\",\"width\":700,\"height\":525,\"caption\":\"Maquina para fabricaci\u00f3n de Empanada Modelo ME 2 Empatec\"},{\"@type\":\"BreadcrumbList\",\"@id\":\"https:\/\/empatec.com.ar\/product\/maquina-de-empanada-modelo-me-2\/#breadcrumb\",\"itemListElement\":[{\"@type\":\"ListItem\",\"position\":1,\"name\":\"Home\",\"item\":\"https:\/\/empatec.com.ar\/\"},{\"@type\":\"ListItem\",\"position\":2,\"name\":\"Productos\",\"item\":\"https:\/\/empatec.com.ar\/productos\/\"},{\"@type\":\"ListItem\",\"position\":3,\"name\":\"Maquina de Empanada Modelo ME 2\"}]},{\"@type\":\"WebSite\",\"@id\":\"https:\/\/empatec.com.ar\/#website\",\"url\":\"https:\/\/empatec.com.ar\/\",\"name\":\"Empatec\",\"description\":\"Maquinas para fabricar empanadas\",\"publisher\":{\"@id\":\"https:\/\/empatec.com.ar\/#organization\"},\"potentialAction\":[{\"@type\":\"SearchAction\",\"target\":{\"@type\":\"EntryPoint\",\"urlTemplate\":\"https:\/\/empatec.com.ar\/?s={search_term_string}\"},\"query-input\":\"required name=search_term_string\"}],\"inLanguage\":\"pt-BR\"},{\"@type\":\"Organization\",\"@id\":\"https:\/\/empatec.com.ar\/#organization\",\"name\":\"Empatec\",\"url\":\"https:\/\/empatec.com.ar\/\",\"logo\":{\"@type\":\"ImageObject\",\"inLanguage\":\"pt-BR\",\"@id\":\"https:\/\/empatec.com.ar\/#\/schema\/logo\/image\/\",\"url\":\"https:\/\/empatec.com.ar\/wp-content\/uploads\/2022\/07\/logo-empatec.png\",\"contentUrl\":\"https:\/\/empatec.com.ar\/wp-content\/uploads\/2022\/07\/logo-empatec.png\",\"width\":1045,\"height\":573,\"caption\":\"Empatec\"},\"image\":{\"@id\":\"https:\/\/empatec.com.ar\/#\/schema\/logo\/image\/\"}}]}<\/script>\n<!-- \/ Yoast SEO Premium plugin. -->","yoast_head_json":{"title":"Maquina de Empanada Modelo ME 2 - Empatec","robots":{"index":"index","follow":"follow","max-snippet":"max-snippet:-1","max-image-preview":"max-image-preview:large","max-video-preview":"max-video-preview:-1"},"canonical":"https:\/\/empatec.com.ar\/pt\/product\/maquina-de-empanada-modelo-me-2\/","og_locale":"pt_BR","og_type":"article","og_title":"Maquina de Empanada Modelo ME 2","og_description":"El equipo funciona con una l\u00e1mina de masa, que se introduce en el laminador, posteriormente se transportar\u00e1 mediante una cinta donde se depositar\u00e1 el relleno por medio de un dosificador doble para luego ser doblada, estampada y cortada por moldes intercambiables personalizados a pedido del cliente, formando el producto deseado que se retirar\u00e1 manualmente para ser estibado en sus respectivas bandejas.","og_url":"https:\/\/empatec.com.ar\/pt\/product\/maquina-de-empanada-modelo-me-2\/","og_site_name":"Empatec","article_modified_time":"2023-08-15T19:31:10+00:00","og_image":[{"width":700,"height":525,"url":"https:\/\/empatec.com.ar\/wp-content\/uploads\/2022\/08\/ME2-Recuperado.png","type":"image\/png"}],"twitter_card":"summary_large_image","twitter_misc":{"Est. tempo de leitura":"2 minutos"},"schema":{"@context":"https:\/\/schema.org","@graph":[{"@type":"WebPage","@id":"https:\/\/empatec.com.ar\/product\/maquina-de-empanada-modelo-me-2\/","url":"https:\/\/empatec.com.ar\/product\/maquina-de-empanada-modelo-me-2\/","name":"Maquina de Empanada Modelo ME 2 - Empatec","isPartOf":{"@id":"https:\/\/empatec.com.ar\/#website"},"primaryImageOfPage":{"@id":"https:\/\/empatec.com.ar\/product\/maquina-de-empanada-modelo-me-2\/#primaryimage"},"image":{"@id":"https:\/\/empatec.com.ar\/product\/maquina-de-empanada-modelo-me-2\/#primaryimage"},"thumbnailUrl":"https:\/\/empatec.com.ar\/wp-content\/uploads\/2022\/08\/ME2-Recuperado.png","datePublished":"2022-08-01T19:43:26+00:00","dateModified":"2023-08-15T19:31:10+00:00","breadcrumb":{"@id":"https:\/\/empatec.com.ar\/product\/maquina-de-empanada-modelo-me-2\/#breadcrumb"},"inLanguage":"pt-BR","potentialAction":[{"@type":"ReadAction","target":["https:\/\/empatec.com.ar\/product\/maquina-de-empanada-modelo-me-2\/"]}]},{"@type":"ImageObject","inLanguage":"pt-BR","@id":"https:\/\/empatec.com.ar\/product\/maquina-de-empanada-modelo-me-2\/#primaryimage","url":"https:\/\/empatec.com.ar\/wp-content\/uploads\/2022\/08\/ME2-Recuperado.png","contentUrl":"https:\/\/empatec.com.ar\/wp-content\/uploads\/2022\/08\/ME2-Recuperado.png","width":700,"height":525,"caption":"Maquina para fabricaci\u00f3n de Empanada Modelo ME 2 Empatec"},{"@type":"BreadcrumbList","@id":"https:\/\/empatec.com.ar\/product\/maquina-de-empanada-modelo-me-2\/#breadcrumb","itemListElement":[{"@type":"ListItem","position":1,"name":"Home","item":"https:\/\/empatec.com.ar\/"},{"@type":"ListItem","position":2,"name":"Productos","item":"https:\/\/empatec.com.ar\/productos\/"},{"@type":"ListItem","position":3,"name":"Maquina de Empanada Modelo ME 2"}]},{"@type":"WebSite","@id":"https:\/\/empatec.com.ar\/#website","url":"https:\/\/empatec.com.ar\/","name":"Empatec","description":"Maquinas para fabricar empanadas","publisher":{"@id":"https:\/\/empatec.com.ar\/#organization"},"potentialAction":[{"@type":"SearchAction","target":{"@type":"EntryPoint","urlTemplate":"https:\/\/empatec.com.ar\/?s={search_term_string}"},"query-input":"required name=search_term_string"}],"inLanguage":"pt-BR"},{"@type":"Organization","@id":"https:\/\/empatec.com.ar\/#organization","name":"Empatec","url":"https:\/\/empatec.com.ar\/","logo":{"@type":"ImageObject","inLanguage":"pt-BR","@id":"https:\/\/empatec.com.ar\/#\/schema\/logo\/image\/","url":"https:\/\/empatec.com.ar\/wp-content\/uploads\/2022\/07\/logo-empatec.png","contentUrl":"https:\/\/empatec.com.ar\/wp-content\/uploads\/2022\/07\/logo-empatec.png","width":1045,"height":573,"caption":"Empatec"},"image":{"@id":"https:\/\/empatec.com.ar\/#\/schema\/logo\/image\/"}}]}},"_links":{"self":[{"href":"https:\/\/empatec.com.ar\/pt\/wp-json\/wp\/v2\/product\/12100","targetHints":{"allow":["GET"]}}],"collection":[{"href":"https:\/\/empatec.com.ar\/pt\/wp-json\/wp\/v2\/product"}],"about":[{"href":"https:\/\/empatec.com.ar\/pt\/wp-json\/wp\/v2\/types\/product"}],"version-history":[{"count":2,"href":"https:\/\/empatec.com.ar\/pt\/wp-json\/wp\/v2\/product\/12100\/revisions"}],"predecessor-version":[{"id":12408,"href":"https:\/\/empatec.com.ar\/pt\/wp-json\/wp\/v2\/product\/12100\/revisions\/12408"}],"wp:featuredmedia":[{"embeddable":true,"href":"https:\/\/empatec.com.ar\/pt\/wp-json\/wp\/v2\/media\/12101"}],"wp:attachment":[{"href":"https:\/\/empatec.com.ar\/pt\/wp-json\/wp\/v2\/media?parent=12100"}],"wp:term":[{"taxonomy":"product_cat","embeddable":true,"href":"https:\/\/empatec.com.ar\/pt\/wp-json\/wp\/v2\/product_cat?post=12100"},{"taxonomy":"product_tag","embeddable":true,"href":"https:\/\/empatec.com.ar\/pt\/wp-json\/wp\/v2\/product_tag?post=12100"}],"curies":[{"name":"wp","href":"https:\/\/api.w.org\/{rel}","templated":true}]}}