{"id":12111,"date":"2022-08-02T13:02:06","date_gmt":"2022-08-02T13:02:06","guid":{"rendered":"https:\/\/empatec.com.ar\/?post_type=product&#038;p=12111"},"modified":"2023-08-15T19:24:30","modified_gmt":"2023-08-15T19:24:30","slug":"mezcladora-volcable-mv20","status":"publish","type":"product","link":"https:\/\/empatec.com.ar\/pt\/product\/mezcladora-volcable-mv20\/","title":{"rendered":"Misturador volcable MV20"},"content":{"rendered":"<p>Projeto compacto<br \/>\nG\u00f4ndola de a\u00e7o inoxid\u00e1vel AISI 304<br \/>\nEixo central com paletes de a\u00e7o inoxid\u00e1vel montado sobre rolamentos<br \/>\nAlimentado com uma moto-redutores<br \/>\nRegula\u00e7\u00e3o do tempo de mistura atrav\u00e9s de dispositivo autom\u00e1tico<br \/>\nMarcha silenciosa<br \/>\nConstru\u00eddo sob as normas de higiene<br \/>\nSistema de seguran\u00e7a para o operador e a m\u00e1quina<\/p>\n<p><strong>Medidas:<\/strong><br \/>\nAltura:685mm<br \/>\nComprimento:1050mm<br \/>\nLargura: 410mm<\/p>\n<p><strong>A empresa reserva-se o direito a altera\u00e7\u00f5es sem aviso pr\u00e9vio<\/strong><\/p>\n<p><a href=\"https:\/\/empatec.com.ar\/wp-content\/uploads\/2022\/08\/Folleto-MV20.pdf\" target=\"_blank\" rel=\"noopener\">Baixar Misturador volcable MV20<\/a><\/p>\n<p><img decoding=\"async\" class=\"alignnone wp-image-12116\" src=\"https:\/\/empatec.com.ar\/wp-content\/uploads\/2022\/08\/MV20-300x300.png\" alt=\"\" width=\"192\" height=\"192\" srcset=\"https:\/\/empatec.com.ar\/wp-content\/uploads\/2022\/08\/MV20-300x300.png 300w, https:\/\/empatec.com.ar\/wp-content\/uploads\/2022\/08\/MV20-1024x1024.png 1024w, https:\/\/empatec.com.ar\/wp-content\/uploads\/2022\/08\/MV20-150x150.png 150w, https:\/\/empatec.com.ar\/wp-content\/uploads\/2022\/08\/MV20-768x768.png 768w, https:\/\/empatec.com.ar\/wp-content\/uploads\/2022\/08\/MV20-12x12.png 12w, https:\/\/empatec.com.ar\/wp-content\/uploads\/2022\/08\/MV20-550x550.png 550w, https:\/\/empatec.com.ar\/wp-content\/uploads\/2022\/08\/MV20-100x100.png 100w, https:\/\/empatec.com.ar\/wp-content\/uploads\/2022\/08\/MV20.png 1166w\" sizes=\"(max-width: 192px) 100vw, 192px\" \/><\/p>\n<div class=\"entry-content-asset videofit\"><iframe title=\"Empatec: Mezcladora Volcable MV20\" width=\"720\" height=\"405\" src=\"https:\/\/www.youtube.com\/embed\/_d7A3zC13qU?start=5&#038;feature=oembed\" frameborder=\"0\" allow=\"accelerometer; autoplay; clipboard-write; encrypted-media; gyroscope; picture-in-picture; web-share\" allowfullscreen><\/iframe><\/div>","protected":false},"excerpt":{"rendered":"<p>O computador MV20 \u00e9 uma mistura volcable, com a capacidade de mistura de 20KG de farinha, conta com um temporizador que permite modificar o tempo de mistura.<\/p>","protected":false},"featured_media":12112,"template":"","meta":{"_kad_post_transparent":"default","_kad_post_title":"","_kad_post_layout":"default","_kad_post_sidebar_id":"","_kad_post_content_style":"default","_kad_post_vertical_padding":"default","_kad_post_feature":"","_kad_post_feature_position":"","_kad_post_header":false,"_kad_post_footer":false},"product_cat":[116],"product_tag":[],"class_list":{"0":"post-12111","1":"product","2":"type-product","3":"status-publish","4":"has-post-thumbnail","6":"product_cat-producto","8":"first","9":"instock","10":"shipping-taxable","11":"product-type-simple","12":"entry","13":"content-bg","14":"loop-entry"},"yoast_head":"<!-- This site is optimized with the Yoast SEO Premium plugin v19.2.1 (Yoast SEO v22.9) - https:\/\/yoast.com\/wordpress\/plugins\/seo\/ -->\n<title>Mezcladora volcable MV20 - Empatec<\/title>\n<meta name=\"robots\" content=\"index, follow, max-snippet:-1, max-image-preview:large, max-video-preview:-1\" \/>\n<link rel=\"canonical\" href=\"https:\/\/empatec.com.ar\/pt\/product\/mezcladora-volcable-mv20\/\" \/>\n<meta property=\"og:locale\" content=\"pt_BR\" \/>\n<meta property=\"og:type\" content=\"article\" \/>\n<meta property=\"og:title\" content=\"Mezcladora volcable MV20\" \/>\n<meta property=\"og:description\" content=\"El equipo MV20 es una mezcladora volcable, con la capacidad de mezclado de 20KG de harina, cuenta con un temporizador que permite modificar el tiempo de mezclado.\" \/>\n<meta property=\"og:url\" content=\"https:\/\/empatec.com.ar\/pt\/product\/mezcladora-volcable-mv20\/\" \/>\n<meta property=\"og:site_name\" content=\"Empatec\" \/>\n<meta property=\"article:modified_time\" content=\"2023-08-15T19:24:30+00:00\" \/>\n<meta property=\"og:image\" content=\"https:\/\/empatec.com.ar\/wp-content\/uploads\/2022\/08\/aaaaaa.png\" \/>\n\t<meta property=\"og:image:width\" content=\"900\" \/>\n\t<meta property=\"og:image:height\" content=\"677\" \/>\n\t<meta property=\"og:image:type\" content=\"image\/png\" \/>\n<meta name=\"twitter:card\" content=\"summary_large_image\" \/>\n<meta name=\"twitter:label1\" content=\"Est. tempo de leitura\" \/>\n\t<meta name=\"twitter:data1\" content=\"1 minuto\" \/>\n<script type=\"application\/ld+json\" class=\"yoast-schema-graph\">{\"@context\":\"https:\/\/schema.org\",\"@graph\":[{\"@type\":\"WebPage\",\"@id\":\"https:\/\/empatec.com.ar\/product\/mezcladora-volcable-mv20\/\",\"url\":\"https:\/\/empatec.com.ar\/product\/mezcladora-volcable-mv20\/\",\"name\":\"Mezcladora volcable MV20 - Empatec\",\"isPartOf\":{\"@id\":\"https:\/\/empatec.com.ar\/#website\"},\"primaryImageOfPage\":{\"@id\":\"https:\/\/empatec.com.ar\/product\/mezcladora-volcable-mv20\/#primaryimage\"},\"image\":{\"@id\":\"https:\/\/empatec.com.ar\/product\/mezcladora-volcable-mv20\/#primaryimage\"},\"thumbnailUrl\":\"https:\/\/empatec.com.ar\/wp-content\/uploads\/2022\/08\/aaaaaa.png\",\"datePublished\":\"2022-08-02T13:02:06+00:00\",\"dateModified\":\"2023-08-15T19:24:30+00:00\",\"breadcrumb\":{\"@id\":\"https:\/\/empatec.com.ar\/product\/mezcladora-volcable-mv20\/#breadcrumb\"},\"inLanguage\":\"pt-BR\",\"potentialAction\":[{\"@type\":\"ReadAction\",\"target\":[\"https:\/\/empatec.com.ar\/product\/mezcladora-volcable-mv20\/\"]}]},{\"@type\":\"ImageObject\",\"inLanguage\":\"pt-BR\",\"@id\":\"https:\/\/empatec.com.ar\/product\/mezcladora-volcable-mv20\/#primaryimage\",\"url\":\"https:\/\/empatec.com.ar\/wp-content\/uploads\/2022\/08\/aaaaaa.png\",\"contentUrl\":\"https:\/\/empatec.com.ar\/wp-content\/uploads\/2022\/08\/aaaaaa.png\",\"width\":900,\"height\":677,\"caption\":\"Mezcladora volcable para fabricaci\u00f3n de empanadas MV20 Empatec\"},{\"@type\":\"BreadcrumbList\",\"@id\":\"https:\/\/empatec.com.ar\/product\/mezcladora-volcable-mv20\/#breadcrumb\",\"itemListElement\":[{\"@type\":\"ListItem\",\"position\":1,\"name\":\"Home\",\"item\":\"https:\/\/empatec.com.ar\/\"},{\"@type\":\"ListItem\",\"position\":2,\"name\":\"Productos\",\"item\":\"https:\/\/empatec.com.ar\/productos\/\"},{\"@type\":\"ListItem\",\"position\":3,\"name\":\"Mezcladora volcable MV20\"}]},{\"@type\":\"WebSite\",\"@id\":\"https:\/\/empatec.com.ar\/#website\",\"url\":\"https:\/\/empatec.com.ar\/\",\"name\":\"Empatec\",\"description\":\"Maquinas para fabricar empanadas\",\"publisher\":{\"@id\":\"https:\/\/empatec.com.ar\/#organization\"},\"potentialAction\":[{\"@type\":\"SearchAction\",\"target\":{\"@type\":\"EntryPoint\",\"urlTemplate\":\"https:\/\/empatec.com.ar\/?s={search_term_string}\"},\"query-input\":\"required name=search_term_string\"}],\"inLanguage\":\"pt-BR\"},{\"@type\":\"Organization\",\"@id\":\"https:\/\/empatec.com.ar\/#organization\",\"name\":\"Empatec\",\"url\":\"https:\/\/empatec.com.ar\/\",\"logo\":{\"@type\":\"ImageObject\",\"inLanguage\":\"pt-BR\",\"@id\":\"https:\/\/empatec.com.ar\/#\/schema\/logo\/image\/\",\"url\":\"https:\/\/empatec.com.ar\/wp-content\/uploads\/2022\/07\/logo-empatec.png\",\"contentUrl\":\"https:\/\/empatec.com.ar\/wp-content\/uploads\/2022\/07\/logo-empatec.png\",\"width\":1045,\"height\":573,\"caption\":\"Empatec\"},\"image\":{\"@id\":\"https:\/\/empatec.com.ar\/#\/schema\/logo\/image\/\"}}]}<\/script>\n<!-- \/ Yoast SEO Premium plugin. -->","yoast_head_json":{"title":"Mezcladora volcable MV20 - Empatec","robots":{"index":"index","follow":"follow","max-snippet":"max-snippet:-1","max-image-preview":"max-image-preview:large","max-video-preview":"max-video-preview:-1"},"canonical":"https:\/\/empatec.com.ar\/pt\/product\/mezcladora-volcable-mv20\/","og_locale":"pt_BR","og_type":"article","og_title":"Mezcladora volcable MV20","og_description":"El equipo MV20 es una mezcladora volcable, con la capacidad de mezclado de 20KG de harina, cuenta con un temporizador que permite modificar el tiempo de mezclado.","og_url":"https:\/\/empatec.com.ar\/pt\/product\/mezcladora-volcable-mv20\/","og_site_name":"Empatec","article_modified_time":"2023-08-15T19:24:30+00:00","og_image":[{"width":900,"height":677,"url":"https:\/\/empatec.com.ar\/wp-content\/uploads\/2022\/08\/aaaaaa.png","type":"image\/png"}],"twitter_card":"summary_large_image","twitter_misc":{"Est. tempo de leitura":"1 minuto"},"schema":{"@context":"https:\/\/schema.org","@graph":[{"@type":"WebPage","@id":"https:\/\/empatec.com.ar\/product\/mezcladora-volcable-mv20\/","url":"https:\/\/empatec.com.ar\/product\/mezcladora-volcable-mv20\/","name":"Mezcladora volcable MV20 - Empatec","isPartOf":{"@id":"https:\/\/empatec.com.ar\/#website"},"primaryImageOfPage":{"@id":"https:\/\/empatec.com.ar\/product\/mezcladora-volcable-mv20\/#primaryimage"},"image":{"@id":"https:\/\/empatec.com.ar\/product\/mezcladora-volcable-mv20\/#primaryimage"},"thumbnailUrl":"https:\/\/empatec.com.ar\/wp-content\/uploads\/2022\/08\/aaaaaa.png","datePublished":"2022-08-02T13:02:06+00:00","dateModified":"2023-08-15T19:24:30+00:00","breadcrumb":{"@id":"https:\/\/empatec.com.ar\/product\/mezcladora-volcable-mv20\/#breadcrumb"},"inLanguage":"pt-BR","potentialAction":[{"@type":"ReadAction","target":["https:\/\/empatec.com.ar\/product\/mezcladora-volcable-mv20\/"]}]},{"@type":"ImageObject","inLanguage":"pt-BR","@id":"https:\/\/empatec.com.ar\/product\/mezcladora-volcable-mv20\/#primaryimage","url":"https:\/\/empatec.com.ar\/wp-content\/uploads\/2022\/08\/aaaaaa.png","contentUrl":"https:\/\/empatec.com.ar\/wp-content\/uploads\/2022\/08\/aaaaaa.png","width":900,"height":677,"caption":"Mezcladora volcable para fabricaci\u00f3n de empanadas MV20 Empatec"},{"@type":"BreadcrumbList","@id":"https:\/\/empatec.com.ar\/product\/mezcladora-volcable-mv20\/#breadcrumb","itemListElement":[{"@type":"ListItem","position":1,"name":"Home","item":"https:\/\/empatec.com.ar\/"},{"@type":"ListItem","position":2,"name":"Productos","item":"https:\/\/empatec.com.ar\/productos\/"},{"@type":"ListItem","position":3,"name":"Mezcladora volcable MV20"}]},{"@type":"WebSite","@id":"https:\/\/empatec.com.ar\/#website","url":"https:\/\/empatec.com.ar\/","name":"Empatec","description":"Maquinas para fabricar empanadas","publisher":{"@id":"https:\/\/empatec.com.ar\/#organization"},"potentialAction":[{"@type":"SearchAction","target":{"@type":"EntryPoint","urlTemplate":"https:\/\/empatec.com.ar\/?s={search_term_string}"},"query-input":"required name=search_term_string"}],"inLanguage":"pt-BR"},{"@type":"Organization","@id":"https:\/\/empatec.com.ar\/#organization","name":"Empatec","url":"https:\/\/empatec.com.ar\/","logo":{"@type":"ImageObject","inLanguage":"pt-BR","@id":"https:\/\/empatec.com.ar\/#\/schema\/logo\/image\/","url":"https:\/\/empatec.com.ar\/wp-content\/uploads\/2022\/07\/logo-empatec.png","contentUrl":"https:\/\/empatec.com.ar\/wp-content\/uploads\/2022\/07\/logo-empatec.png","width":1045,"height":573,"caption":"Empatec"},"image":{"@id":"https:\/\/empatec.com.ar\/#\/schema\/logo\/image\/"}}]}},"_links":{"self":[{"href":"https:\/\/empatec.com.ar\/pt\/wp-json\/wp\/v2\/product\/12111","targetHints":{"allow":["GET"]}}],"collection":[{"href":"https:\/\/empatec.com.ar\/pt\/wp-json\/wp\/v2\/product"}],"about":[{"href":"https:\/\/empatec.com.ar\/pt\/wp-json\/wp\/v2\/types\/product"}],"version-history":[{"count":2,"href":"https:\/\/empatec.com.ar\/pt\/wp-json\/wp\/v2\/product\/12111\/revisions"}],"predecessor-version":[{"id":12401,"href":"https:\/\/empatec.com.ar\/pt\/wp-json\/wp\/v2\/product\/12111\/revisions\/12401"}],"wp:featuredmedia":[{"embeddable":true,"href":"https:\/\/empatec.com.ar\/pt\/wp-json\/wp\/v2\/media\/12112"}],"wp:attachment":[{"href":"https:\/\/empatec.com.ar\/pt\/wp-json\/wp\/v2\/media?parent=12111"}],"wp:term":[{"taxonomy":"product_cat","embeddable":true,"href":"https:\/\/empatec.com.ar\/pt\/wp-json\/wp\/v2\/product_cat?post=12111"},{"taxonomy":"product_tag","embeddable":true,"href":"https:\/\/empatec.com.ar\/pt\/wp-json\/wp\/v2\/product_tag?post=12111"}],"curies":[{"name":"wp","href":"https:\/\/api.w.org\/{rel}","templated":true}]}}