{"id":12125,"date":"2022-08-02T14:41:02","date_gmt":"2022-08-02T14:41:02","guid":{"rendered":"https:\/\/empatec.com.ar\/?post_type=product&#038;p=12125"},"modified":"2023-08-15T19:35:47","modified_gmt":"2023-08-15T19:35:47","slug":"mezcladora-volcable-modelo-mv210","status":"publish","type":"product","link":"https:\/\/empatec.com.ar\/pt\/product\/mezcladora-volcable-modelo-mv210\/","title":{"rendered":"Misturador Volcable Modelo MV210"},"content":{"rendered":"<p>Projeto compacto<br \/>\nG\u00f4ndola de a\u00e7o inoxid\u00e1vel AISI 304<br \/>\nEixo central com 10 paletas ambos em a\u00e7o inoxid\u00e1vel montado sobre rolamentos<br \/>\nRegula\u00e7\u00e3o do tempo de mistura atrav\u00e9s de dispositivo autom\u00e1tico<br \/>\nAcionamento com motor e redutor<br \/>\nMarcha silenciosa<br \/>\nConstru\u00eddo sob as normas de higiene<br \/>\nSistema de seguran\u00e7a para o operador e a m\u00e1quina<\/p>\n<p><strong>Motor: <\/strong>Motor principal: 7,5 HP<\/p>\n<p><a href=\"https:\/\/empatec.com.ar\/wp-content\/uploads\/2022\/08\/Folleto-MV210-1.pdf\" target=\"_blank\" rel=\"noopener\">Fa\u00e7a o download do folheto Misturador Volcable Modelo MV210<\/a><\/p>\n<p><img decoding=\"async\" class=\"alignnone wp-image-12295\" src=\"https:\/\/empatec.com.ar\/wp-content\/uploads\/2022\/08\/MV210-1-300x300.png\" alt=\"\" width=\"200\" height=\"200\" srcset=\"https:\/\/empatec.com.ar\/wp-content\/uploads\/2022\/08\/MV210-1-300x300.png 300w, https:\/\/empatec.com.ar\/wp-content\/uploads\/2022\/08\/MV210-1-1024x1024.png 1024w, https:\/\/empatec.com.ar\/wp-content\/uploads\/2022\/08\/MV210-1-150x150.png 150w, https:\/\/empatec.com.ar\/wp-content\/uploads\/2022\/08\/MV210-1-768x768.png 768w, https:\/\/empatec.com.ar\/wp-content\/uploads\/2022\/08\/MV210-1-12x12.png 12w, https:\/\/empatec.com.ar\/wp-content\/uploads\/2022\/08\/MV210-1-550x550.png 550w, https:\/\/empatec.com.ar\/wp-content\/uploads\/2022\/08\/MV210-1-100x100.png 100w, https:\/\/empatec.com.ar\/wp-content\/uploads\/2022\/08\/MV210-1.png 1166w\" sizes=\"(max-width: 200px) 100vw, 200px\" \/><\/p>\n<div class=\"entry-content-asset videofit\"><iframe title=\"Empatec: Mezcladora Volcable modelo MV210\" width=\"720\" height=\"540\" src=\"https:\/\/www.youtube.com\/embed\/ny-NGhnFs8A?feature=oembed\" frameborder=\"0\" allow=\"accelerometer; autoplay; clipboard-write; encrypted-media; gyroscope; picture-in-picture; web-share\" allowfullscreen><\/iframe><\/div>","protected":false},"excerpt":{"rendered":"<p>O computador MV210 \u00e9 uma mistura volcable, robusta, com capacidade de mistura de 150 KG de farinha, com um eixo maci\u00e7o de 60 mm de di\u00e2metro inoxid\u00e1vel AISI 304, conta com um temporizador que permite modificar o tempo de mistura. Tem um sistema hidr\u00e1ulico e um motor de 7,5 HP, o que a torna uma mesa de confian\u00e7a e duradoura no tempo<\/p>","protected":false},"featured_media":12126,"template":"","meta":{"_kad_post_transparent":"default","_kad_post_title":"","_kad_post_layout":"default","_kad_post_sidebar_id":"","_kad_post_content_style":"default","_kad_post_vertical_padding":"default","_kad_post_feature":"","_kad_post_feature_position":"","_kad_post_header":false,"_kad_post_footer":false},"product_cat":[116],"product_tag":[],"class_list":{"0":"post-12125","1":"product","2":"type-product","3":"status-publish","4":"has-post-thumbnail","6":"product_cat-producto","8":"first","9":"instock","10":"shipping-taxable","11":"product-type-simple","12":"entry","13":"content-bg","14":"loop-entry"},"yoast_head":"<!-- This site is optimized with the Yoast SEO Premium plugin v19.2.1 (Yoast SEO v22.9) - https:\/\/yoast.com\/wordpress\/plugins\/seo\/ -->\n<title>Mezcladora Volcable Modelo MV210 - Empatec<\/title>\n<meta name=\"robots\" content=\"index, follow, max-snippet:-1, max-image-preview:large, max-video-preview:-1\" \/>\n<link rel=\"canonical\" href=\"https:\/\/empatec.com.ar\/pt\/product\/mezcladora-volcable-modelo-mv210\/\" \/>\n<meta property=\"og:locale\" content=\"pt_BR\" \/>\n<meta property=\"og:type\" content=\"article\" \/>\n<meta property=\"og:title\" content=\"Mezcladora Volcable Modelo MV210\" \/>\n<meta property=\"og:description\" content=\"El equipo MV210 es una mezcladora volcable, robusta, con la capacidad de mezclado de 150 KG de harina, con un eje macizo de 60 mm de di\u00e1metro de inoxidable AISI 304, cuenta con un temporizador que permite modificar el tiempo de mezclado. Tiene un sistema de volcado hidr\u00e1ulico y un motor de 7,5 HP lo que la convierte en una mezcladora confiable y duradera en el tiempo\" \/>\n<meta property=\"og:url\" content=\"https:\/\/empatec.com.ar\/pt\/product\/mezcladora-volcable-modelo-mv210\/\" \/>\n<meta property=\"og:site_name\" content=\"Empatec\" \/>\n<meta property=\"article:modified_time\" content=\"2023-08-15T19:35:47+00:00\" \/>\n<meta property=\"og:image\" content=\"https:\/\/empatec.com.ar\/wp-content\/uploads\/2022\/08\/MV210.png\" \/>\n\t<meta property=\"og:image:width\" content=\"600\" \/>\n\t<meta property=\"og:image:height\" content=\"800\" \/>\n\t<meta property=\"og:image:type\" content=\"image\/png\" \/>\n<meta name=\"twitter:card\" content=\"summary_large_image\" \/>\n<meta name=\"twitter:label1\" content=\"Est. tempo de leitura\" \/>\n\t<meta name=\"twitter:data1\" content=\"1 minuto\" \/>\n<script type=\"application\/ld+json\" class=\"yoast-schema-graph\">{\"@context\":\"https:\/\/schema.org\",\"@graph\":[{\"@type\":\"WebPage\",\"@id\":\"https:\/\/empatec.com.ar\/product\/mezcladora-volcable-modelo-mv210\/\",\"url\":\"https:\/\/empatec.com.ar\/product\/mezcladora-volcable-modelo-mv210\/\",\"name\":\"Mezcladora Volcable Modelo MV210 - Empatec\",\"isPartOf\":{\"@id\":\"https:\/\/empatec.com.ar\/#website\"},\"primaryImageOfPage\":{\"@id\":\"https:\/\/empatec.com.ar\/product\/mezcladora-volcable-modelo-mv210\/#primaryimage\"},\"image\":{\"@id\":\"https:\/\/empatec.com.ar\/product\/mezcladora-volcable-modelo-mv210\/#primaryimage\"},\"thumbnailUrl\":\"https:\/\/empatec.com.ar\/wp-content\/uploads\/2022\/08\/MV210.png\",\"datePublished\":\"2022-08-02T14:41:02+00:00\",\"dateModified\":\"2023-08-15T19:35:47+00:00\",\"breadcrumb\":{\"@id\":\"https:\/\/empatec.com.ar\/product\/mezcladora-volcable-modelo-mv210\/#breadcrumb\"},\"inLanguage\":\"pt-BR\",\"potentialAction\":[{\"@type\":\"ReadAction\",\"target\":[\"https:\/\/empatec.com.ar\/product\/mezcladora-volcable-modelo-mv210\/\"]}]},{\"@type\":\"ImageObject\",\"inLanguage\":\"pt-BR\",\"@id\":\"https:\/\/empatec.com.ar\/product\/mezcladora-volcable-modelo-mv210\/#primaryimage\",\"url\":\"https:\/\/empatec.com.ar\/wp-content\/uploads\/2022\/08\/MV210.png\",\"contentUrl\":\"https:\/\/empatec.com.ar\/wp-content\/uploads\/2022\/08\/MV210.png\",\"width\":600,\"height\":800,\"caption\":\"Mezcladora Volcable Modelo MV210\"},{\"@type\":\"BreadcrumbList\",\"@id\":\"https:\/\/empatec.com.ar\/product\/mezcladora-volcable-modelo-mv210\/#breadcrumb\",\"itemListElement\":[{\"@type\":\"ListItem\",\"position\":1,\"name\":\"Home\",\"item\":\"https:\/\/empatec.com.ar\/\"},{\"@type\":\"ListItem\",\"position\":2,\"name\":\"Productos\",\"item\":\"https:\/\/empatec.com.ar\/productos\/\"},{\"@type\":\"ListItem\",\"position\":3,\"name\":\"Mezcladora Volcable Modelo MV210\"}]},{\"@type\":\"WebSite\",\"@id\":\"https:\/\/empatec.com.ar\/#website\",\"url\":\"https:\/\/empatec.com.ar\/\",\"name\":\"Empatec\",\"description\":\"Maquinas para fabricar empanadas\",\"publisher\":{\"@id\":\"https:\/\/empatec.com.ar\/#organization\"},\"potentialAction\":[{\"@type\":\"SearchAction\",\"target\":{\"@type\":\"EntryPoint\",\"urlTemplate\":\"https:\/\/empatec.com.ar\/?s={search_term_string}\"},\"query-input\":\"required name=search_term_string\"}],\"inLanguage\":\"pt-BR\"},{\"@type\":\"Organization\",\"@id\":\"https:\/\/empatec.com.ar\/#organization\",\"name\":\"Empatec\",\"url\":\"https:\/\/empatec.com.ar\/\",\"logo\":{\"@type\":\"ImageObject\",\"inLanguage\":\"pt-BR\",\"@id\":\"https:\/\/empatec.com.ar\/#\/schema\/logo\/image\/\",\"url\":\"https:\/\/empatec.com.ar\/wp-content\/uploads\/2022\/07\/logo-empatec.png\",\"contentUrl\":\"https:\/\/empatec.com.ar\/wp-content\/uploads\/2022\/07\/logo-empatec.png\",\"width\":1045,\"height\":573,\"caption\":\"Empatec\"},\"image\":{\"@id\":\"https:\/\/empatec.com.ar\/#\/schema\/logo\/image\/\"}}]}<\/script>\n<!-- \/ Yoast SEO Premium plugin. -->","yoast_head_json":{"title":"Mezcladora Volcable Modelo MV210 - Empatec","robots":{"index":"index","follow":"follow","max-snippet":"max-snippet:-1","max-image-preview":"max-image-preview:large","max-video-preview":"max-video-preview:-1"},"canonical":"https:\/\/empatec.com.ar\/pt\/product\/mezcladora-volcable-modelo-mv210\/","og_locale":"pt_BR","og_type":"article","og_title":"Mezcladora Volcable Modelo MV210","og_description":"El equipo MV210 es una mezcladora volcable, robusta, con la capacidad de mezclado de 150 KG de harina, con un eje macizo de 60 mm de di\u00e1metro de inoxidable AISI 304, cuenta con un temporizador que permite modificar el tiempo de mezclado. Tiene un sistema de volcado hidr\u00e1ulico y un motor de 7,5 HP lo que la convierte en una mezcladora confiable y duradera en el tiempo","og_url":"https:\/\/empatec.com.ar\/pt\/product\/mezcladora-volcable-modelo-mv210\/","og_site_name":"Empatec","article_modified_time":"2023-08-15T19:35:47+00:00","og_image":[{"width":600,"height":800,"url":"https:\/\/empatec.com.ar\/wp-content\/uploads\/2022\/08\/MV210.png","type":"image\/png"}],"twitter_card":"summary_large_image","twitter_misc":{"Est. tempo de leitura":"1 minuto"},"schema":{"@context":"https:\/\/schema.org","@graph":[{"@type":"WebPage","@id":"https:\/\/empatec.com.ar\/product\/mezcladora-volcable-modelo-mv210\/","url":"https:\/\/empatec.com.ar\/product\/mezcladora-volcable-modelo-mv210\/","name":"Mezcladora Volcable Modelo MV210 - Empatec","isPartOf":{"@id":"https:\/\/empatec.com.ar\/#website"},"primaryImageOfPage":{"@id":"https:\/\/empatec.com.ar\/product\/mezcladora-volcable-modelo-mv210\/#primaryimage"},"image":{"@id":"https:\/\/empatec.com.ar\/product\/mezcladora-volcable-modelo-mv210\/#primaryimage"},"thumbnailUrl":"https:\/\/empatec.com.ar\/wp-content\/uploads\/2022\/08\/MV210.png","datePublished":"2022-08-02T14:41:02+00:00","dateModified":"2023-08-15T19:35:47+00:00","breadcrumb":{"@id":"https:\/\/empatec.com.ar\/product\/mezcladora-volcable-modelo-mv210\/#breadcrumb"},"inLanguage":"pt-BR","potentialAction":[{"@type":"ReadAction","target":["https:\/\/empatec.com.ar\/product\/mezcladora-volcable-modelo-mv210\/"]}]},{"@type":"ImageObject","inLanguage":"pt-BR","@id":"https:\/\/empatec.com.ar\/product\/mezcladora-volcable-modelo-mv210\/#primaryimage","url":"https:\/\/empatec.com.ar\/wp-content\/uploads\/2022\/08\/MV210.png","contentUrl":"https:\/\/empatec.com.ar\/wp-content\/uploads\/2022\/08\/MV210.png","width":600,"height":800,"caption":"Mezcladora Volcable Modelo MV210"},{"@type":"BreadcrumbList","@id":"https:\/\/empatec.com.ar\/product\/mezcladora-volcable-modelo-mv210\/#breadcrumb","itemListElement":[{"@type":"ListItem","position":1,"name":"Home","item":"https:\/\/empatec.com.ar\/"},{"@type":"ListItem","position":2,"name":"Productos","item":"https:\/\/empatec.com.ar\/productos\/"},{"@type":"ListItem","position":3,"name":"Mezcladora Volcable Modelo MV210"}]},{"@type":"WebSite","@id":"https:\/\/empatec.com.ar\/#website","url":"https:\/\/empatec.com.ar\/","name":"Empatec","description":"Maquinas para fabricar empanadas","publisher":{"@id":"https:\/\/empatec.com.ar\/#organization"},"potentialAction":[{"@type":"SearchAction","target":{"@type":"EntryPoint","urlTemplate":"https:\/\/empatec.com.ar\/?s={search_term_string}"},"query-input":"required name=search_term_string"}],"inLanguage":"pt-BR"},{"@type":"Organization","@id":"https:\/\/empatec.com.ar\/#organization","name":"Empatec","url":"https:\/\/empatec.com.ar\/","logo":{"@type":"ImageObject","inLanguage":"pt-BR","@id":"https:\/\/empatec.com.ar\/#\/schema\/logo\/image\/","url":"https:\/\/empatec.com.ar\/wp-content\/uploads\/2022\/07\/logo-empatec.png","contentUrl":"https:\/\/empatec.com.ar\/wp-content\/uploads\/2022\/07\/logo-empatec.png","width":1045,"height":573,"caption":"Empatec"},"image":{"@id":"https:\/\/empatec.com.ar\/#\/schema\/logo\/image\/"}}]}},"_links":{"self":[{"href":"https:\/\/empatec.com.ar\/pt\/wp-json\/wp\/v2\/product\/12125","targetHints":{"allow":["GET"]}}],"collection":[{"href":"https:\/\/empatec.com.ar\/pt\/wp-json\/wp\/v2\/product"}],"about":[{"href":"https:\/\/empatec.com.ar\/pt\/wp-json\/wp\/v2\/types\/product"}],"version-history":[{"count":5,"href":"https:\/\/empatec.com.ar\/pt\/wp-json\/wp\/v2\/product\/12125\/revisions"}],"predecessor-version":[{"id":12410,"href":"https:\/\/empatec.com.ar\/pt\/wp-json\/wp\/v2\/product\/12125\/revisions\/12410"}],"wp:featuredmedia":[{"embeddable":true,"href":"https:\/\/empatec.com.ar\/pt\/wp-json\/wp\/v2\/media\/12126"}],"wp:attachment":[{"href":"https:\/\/empatec.com.ar\/pt\/wp-json\/wp\/v2\/media?parent=12125"}],"wp:term":[{"taxonomy":"product_cat","embeddable":true,"href":"https:\/\/empatec.com.ar\/pt\/wp-json\/wp\/v2\/product_cat?post=12125"},{"taxonomy":"product_tag","embeddable":true,"href":"https:\/\/empatec.com.ar\/pt\/wp-json\/wp\/v2\/product_tag?post=12125"}],"curies":[{"name":"wp","href":"https:\/\/api.w.org\/{rel}","templated":true}]}}