{"id":12131,"date":"2022-08-02T17:41:25","date_gmt":"2022-08-02T17:41:25","guid":{"rendered":"https:\/\/empatec.com.ar\/?post_type=product&#038;p=12131"},"modified":"2023-08-15T19:36:31","modified_gmt":"2023-08-15T19:36:31","slug":"modulo-de-laminacion-de-masa-modelo-tc400","status":"publish","type":"product","link":"https:\/\/empatec.com.ar\/pt\/product\/modulo-de-laminacion-de-masa-modelo-tc400\/","title":{"rendered":"M\u00f3dulo de lamina\u00e7\u00e3o de massa Modelo TC400"},"content":{"rendered":"<p>Largura padr\u00e3o de trabalho de 600 mm<br \/>\nRolos de 400mm de di\u00e2metro, revestidos em cromo duro e termina\u00e7\u00f5es blasting-mate, os quais realizam a sua abertura e fecho eletronicamente em um ambiente de 0 a 45 mm<br \/>\nAs velocidades dos cilindros e fitas de cada m\u00f3dulo s\u00e3o vari\u00e1veis e individuais<br \/>\nTal como a espessura da massa no processo s\u00e3o program\u00e1veis, j\u00e1 que conta com um PLC e podem ser visualizados em uma tela de LCD, a qual torna poss\u00edvel o di\u00e1logo homem-m\u00e1quina<br \/>\nEste m\u00f3dulo pode relacionar-se com outros m\u00f3dulos, por interm\u00e9dio de correias transportadoras de sa\u00fade, Conseguindo um trem de lamina\u00e7\u00e3o<br \/>\nTanto os l\u00e1bios dos rolos, como os raspadores e outras pe\u00e7as pl\u00e1sticas s\u00e3o constru\u00eddas em APM tal como o indicam as normas internacionais de higiene<br \/>\nA cobertura \u00e9 constru\u00edda em a\u00e7o inoxid\u00e1vel<br \/>\nBenef\u00edcios: laminado, hojaldrado, re-armado de cortes, empaste<\/p>\n<p><strong>Seguran\u00e7a:<\/strong><br \/>\nAl\u00e9m dos dispositivos que protegem os erros de instala\u00e7\u00e3o e de rede el\u00e9trica, o equipamento conta com paragens de emerg\u00eancia em ambos os lados e uma prote\u00e7\u00e3o para o ingresso dos rolos que provoca a desconex\u00e3o autom\u00e1tica, proporcionando assim mais seguran\u00e7a ao operador<\/p>\n<p><a href=\"https:\/\/empatec.com.ar\/wp-content\/uploads\/2022\/08\/Folleto-TC400.pdf\" target=\"_blank\" rel=\"noopener\">Fa\u00e7a o download do folheto M\u00f3dulo de lamina\u00e7\u00e3o de massa Modelo TC400<\/a><\/p>\n<p><img decoding=\"async\" class=\"alignnone wp-image-12134\" src=\"https:\/\/empatec.com.ar\/wp-content\/uploads\/2022\/08\/Folleto-TC400-300x300.png\" alt=\"\" width=\"200\" height=\"200\" srcset=\"https:\/\/empatec.com.ar\/wp-content\/uploads\/2022\/08\/Folleto-TC400-300x300.png 300w, https:\/\/empatec.com.ar\/wp-content\/uploads\/2022\/08\/Folleto-TC400-1024x1024.png 1024w, https:\/\/empatec.com.ar\/wp-content\/uploads\/2022\/08\/Folleto-TC400-150x150.png 150w, https:\/\/empatec.com.ar\/wp-content\/uploads\/2022\/08\/Folleto-TC400-768x768.png 768w, https:\/\/empatec.com.ar\/wp-content\/uploads\/2022\/08\/Folleto-TC400-12x12.png 12w, https:\/\/empatec.com.ar\/wp-content\/uploads\/2022\/08\/Folleto-TC400-550x550.png 550w, https:\/\/empatec.com.ar\/wp-content\/uploads\/2022\/08\/Folleto-TC400-100x100.png 100w, https:\/\/empatec.com.ar\/wp-content\/uploads\/2022\/08\/Folleto-TC400.png 1166w\" sizes=\"(max-width: 200px) 100vw, 200px\" \/><\/p>\n<div class=\"entry-content-asset videofit\"><iframe title=\"Empatec: Tren de laminaci\u00f3n de masas modelo TC400\" width=\"720\" height=\"405\" src=\"https:\/\/www.youtube.com\/embed\/r1UkD2VOUX0?feature=oembed\" frameborder=\"0\" allow=\"accelerometer; autoplay; clipboard-write; encrypted-media; gyroscope; picture-in-picture; web-share\" allowfullscreen><\/iframe><\/div>","protected":false},"excerpt":{"rendered":"<p>O modelo TC400 \u00e9 um equipamento projetado para a lamina\u00e7\u00e3o de massa, principalmente hojaldradas, contando com um par de rolos de 400mm de di\u00e2metro que faz com que o processo de lamina\u00e7\u00e3o seja o correto para esse tipo de massa, conta com variadores de velocidade que permitem a regula\u00e7\u00e3o da massa.<\/p>","protected":false},"featured_media":12135,"template":"","meta":{"_kad_post_transparent":"default","_kad_post_title":"","_kad_post_layout":"default","_kad_post_sidebar_id":"","_kad_post_content_style":"default","_kad_post_vertical_padding":"default","_kad_post_feature":"","_kad_post_feature_position":"","_kad_post_header":false,"_kad_post_footer":false},"product_cat":[116],"product_tag":[],"class_list":{"0":"post-12131","1":"product","2":"type-product","3":"status-publish","4":"has-post-thumbnail","6":"product_cat-producto","8":"first","9":"instock","10":"shipping-taxable","11":"product-type-simple","12":"entry","13":"content-bg","14":"loop-entry"},"yoast_head":"<!-- This site is optimized with the Yoast SEO Premium plugin v19.2.1 (Yoast SEO v22.9) - https:\/\/yoast.com\/wordpress\/plugins\/seo\/ -->\n<title>M\u00f3dulo de laminaci\u00f3n de masa Modelo TC400 - Empatec<\/title>\n<meta name=\"robots\" content=\"index, follow, max-snippet:-1, max-image-preview:large, max-video-preview:-1\" \/>\n<link rel=\"canonical\" href=\"https:\/\/empatec.com.ar\/pt\/product\/modulo-de-laminacion-de-masa-modelo-tc400\/\" \/>\n<meta property=\"og:locale\" content=\"pt_BR\" \/>\n<meta property=\"og:type\" content=\"article\" \/>\n<meta property=\"og:title\" content=\"M\u00f3dulo de laminaci\u00f3n de masa Modelo TC400\" \/>\n<meta property=\"og:description\" content=\"El modelo TC400 es un equipo dise\u00f1ado para la laminaci\u00f3n de masas principalmente hojaldradas, contando con un par de rodillos de 400 mm de di\u00e1metro que hace que el proceso de laminaci\u00f3n sea el correcto para este tipo de masas, cuenta con variadores de velocidad que permiten la regulaci\u00f3n de la masa.\" \/>\n<meta property=\"og:url\" content=\"https:\/\/empatec.com.ar\/pt\/product\/modulo-de-laminacion-de-masa-modelo-tc400\/\" \/>\n<meta property=\"og:site_name\" content=\"Empatec\" \/>\n<meta property=\"article:modified_time\" content=\"2023-08-15T19:36:31+00:00\" \/>\n<meta property=\"og:image\" content=\"https:\/\/empatec.com.ar\/wp-content\/uploads\/2022\/08\/TC400.png\" \/>\n\t<meta property=\"og:image:width\" content=\"799\" \/>\n\t<meta property=\"og:image:height\" content=\"599\" \/>\n\t<meta property=\"og:image:type\" content=\"image\/png\" \/>\n<meta name=\"twitter:card\" content=\"summary_large_image\" \/>\n<meta name=\"twitter:label1\" content=\"Est. tempo de leitura\" \/>\n\t<meta name=\"twitter:data1\" content=\"2 minutos\" \/>\n<script type=\"application\/ld+json\" class=\"yoast-schema-graph\">{\"@context\":\"https:\/\/schema.org\",\"@graph\":[{\"@type\":\"WebPage\",\"@id\":\"https:\/\/empatec.com.ar\/product\/modulo-de-laminacion-de-masa-modelo-tc400\/\",\"url\":\"https:\/\/empatec.com.ar\/product\/modulo-de-laminacion-de-masa-modelo-tc400\/\",\"name\":\"M\u00f3dulo de laminaci\u00f3n de masa Modelo TC400 - Empatec\",\"isPartOf\":{\"@id\":\"https:\/\/empatec.com.ar\/#website\"},\"primaryImageOfPage\":{\"@id\":\"https:\/\/empatec.com.ar\/product\/modulo-de-laminacion-de-masa-modelo-tc400\/#primaryimage\"},\"image\":{\"@id\":\"https:\/\/empatec.com.ar\/product\/modulo-de-laminacion-de-masa-modelo-tc400\/#primaryimage\"},\"thumbnailUrl\":\"https:\/\/empatec.com.ar\/wp-content\/uploads\/2022\/08\/TC400.png\",\"datePublished\":\"2022-08-02T17:41:25+00:00\",\"dateModified\":\"2023-08-15T19:36:31+00:00\",\"breadcrumb\":{\"@id\":\"https:\/\/empatec.com.ar\/product\/modulo-de-laminacion-de-masa-modelo-tc400\/#breadcrumb\"},\"inLanguage\":\"pt-BR\",\"potentialAction\":[{\"@type\":\"ReadAction\",\"target\":[\"https:\/\/empatec.com.ar\/product\/modulo-de-laminacion-de-masa-modelo-tc400\/\"]}]},{\"@type\":\"ImageObject\",\"inLanguage\":\"pt-BR\",\"@id\":\"https:\/\/empatec.com.ar\/product\/modulo-de-laminacion-de-masa-modelo-tc400\/#primaryimage\",\"url\":\"https:\/\/empatec.com.ar\/wp-content\/uploads\/2022\/08\/TC400.png\",\"contentUrl\":\"https:\/\/empatec.com.ar\/wp-content\/uploads\/2022\/08\/TC400.png\",\"width\":799,\"height\":599,\"caption\":\"M\u00f3dulo de laminaci\u00f3n de masa de empanadas Modelo TC400 Empatec\"},{\"@type\":\"BreadcrumbList\",\"@id\":\"https:\/\/empatec.com.ar\/product\/modulo-de-laminacion-de-masa-modelo-tc400\/#breadcrumb\",\"itemListElement\":[{\"@type\":\"ListItem\",\"position\":1,\"name\":\"Home\",\"item\":\"https:\/\/empatec.com.ar\/\"},{\"@type\":\"ListItem\",\"position\":2,\"name\":\"Productos\",\"item\":\"https:\/\/empatec.com.ar\/productos\/\"},{\"@type\":\"ListItem\",\"position\":3,\"name\":\"M\u00f3dulo de laminaci\u00f3n de masa Modelo TC400\"}]},{\"@type\":\"WebSite\",\"@id\":\"https:\/\/empatec.com.ar\/#website\",\"url\":\"https:\/\/empatec.com.ar\/\",\"name\":\"Empatec\",\"description\":\"Maquinas para fabricar empanadas\",\"publisher\":{\"@id\":\"https:\/\/empatec.com.ar\/#organization\"},\"potentialAction\":[{\"@type\":\"SearchAction\",\"target\":{\"@type\":\"EntryPoint\",\"urlTemplate\":\"https:\/\/empatec.com.ar\/?s={search_term_string}\"},\"query-input\":\"required name=search_term_string\"}],\"inLanguage\":\"pt-BR\"},{\"@type\":\"Organization\",\"@id\":\"https:\/\/empatec.com.ar\/#organization\",\"name\":\"Empatec\",\"url\":\"https:\/\/empatec.com.ar\/\",\"logo\":{\"@type\":\"ImageObject\",\"inLanguage\":\"pt-BR\",\"@id\":\"https:\/\/empatec.com.ar\/#\/schema\/logo\/image\/\",\"url\":\"https:\/\/empatec.com.ar\/wp-content\/uploads\/2022\/07\/logo-empatec.png\",\"contentUrl\":\"https:\/\/empatec.com.ar\/wp-content\/uploads\/2022\/07\/logo-empatec.png\",\"width\":1045,\"height\":573,\"caption\":\"Empatec\"},\"image\":{\"@id\":\"https:\/\/empatec.com.ar\/#\/schema\/logo\/image\/\"}}]}<\/script>\n<!-- \/ Yoast SEO Premium plugin. -->","yoast_head_json":{"title":"M\u00f3dulo de laminaci\u00f3n de masa Modelo TC400 - Empatec","robots":{"index":"index","follow":"follow","max-snippet":"max-snippet:-1","max-image-preview":"max-image-preview:large","max-video-preview":"max-video-preview:-1"},"canonical":"https:\/\/empatec.com.ar\/pt\/product\/modulo-de-laminacion-de-masa-modelo-tc400\/","og_locale":"pt_BR","og_type":"article","og_title":"M\u00f3dulo de laminaci\u00f3n de masa Modelo TC400","og_description":"El modelo TC400 es un equipo dise\u00f1ado para la laminaci\u00f3n de masas principalmente hojaldradas, contando con un par de rodillos de 400 mm de di\u00e1metro que hace que el proceso de laminaci\u00f3n sea el correcto para este tipo de masas, cuenta con variadores de velocidad que permiten la regulaci\u00f3n de la masa.","og_url":"https:\/\/empatec.com.ar\/pt\/product\/modulo-de-laminacion-de-masa-modelo-tc400\/","og_site_name":"Empatec","article_modified_time":"2023-08-15T19:36:31+00:00","og_image":[{"width":799,"height":599,"url":"https:\/\/empatec.com.ar\/wp-content\/uploads\/2022\/08\/TC400.png","type":"image\/png"}],"twitter_card":"summary_large_image","twitter_misc":{"Est. tempo de leitura":"2 minutos"},"schema":{"@context":"https:\/\/schema.org","@graph":[{"@type":"WebPage","@id":"https:\/\/empatec.com.ar\/product\/modulo-de-laminacion-de-masa-modelo-tc400\/","url":"https:\/\/empatec.com.ar\/product\/modulo-de-laminacion-de-masa-modelo-tc400\/","name":"M\u00f3dulo de laminaci\u00f3n de masa Modelo TC400 - Empatec","isPartOf":{"@id":"https:\/\/empatec.com.ar\/#website"},"primaryImageOfPage":{"@id":"https:\/\/empatec.com.ar\/product\/modulo-de-laminacion-de-masa-modelo-tc400\/#primaryimage"},"image":{"@id":"https:\/\/empatec.com.ar\/product\/modulo-de-laminacion-de-masa-modelo-tc400\/#primaryimage"},"thumbnailUrl":"https:\/\/empatec.com.ar\/wp-content\/uploads\/2022\/08\/TC400.png","datePublished":"2022-08-02T17:41:25+00:00","dateModified":"2023-08-15T19:36:31+00:00","breadcrumb":{"@id":"https:\/\/empatec.com.ar\/product\/modulo-de-laminacion-de-masa-modelo-tc400\/#breadcrumb"},"inLanguage":"pt-BR","potentialAction":[{"@type":"ReadAction","target":["https:\/\/empatec.com.ar\/product\/modulo-de-laminacion-de-masa-modelo-tc400\/"]}]},{"@type":"ImageObject","inLanguage":"pt-BR","@id":"https:\/\/empatec.com.ar\/product\/modulo-de-laminacion-de-masa-modelo-tc400\/#primaryimage","url":"https:\/\/empatec.com.ar\/wp-content\/uploads\/2022\/08\/TC400.png","contentUrl":"https:\/\/empatec.com.ar\/wp-content\/uploads\/2022\/08\/TC400.png","width":799,"height":599,"caption":"M\u00f3dulo de laminaci\u00f3n de masa de empanadas Modelo TC400 Empatec"},{"@type":"BreadcrumbList","@id":"https:\/\/empatec.com.ar\/product\/modulo-de-laminacion-de-masa-modelo-tc400\/#breadcrumb","itemListElement":[{"@type":"ListItem","position":1,"name":"Home","item":"https:\/\/empatec.com.ar\/"},{"@type":"ListItem","position":2,"name":"Productos","item":"https:\/\/empatec.com.ar\/productos\/"},{"@type":"ListItem","position":3,"name":"M\u00f3dulo de laminaci\u00f3n de masa Modelo TC400"}]},{"@type":"WebSite","@id":"https:\/\/empatec.com.ar\/#website","url":"https:\/\/empatec.com.ar\/","name":"Empatec","description":"Maquinas para fabricar empanadas","publisher":{"@id":"https:\/\/empatec.com.ar\/#organization"},"potentialAction":[{"@type":"SearchAction","target":{"@type":"EntryPoint","urlTemplate":"https:\/\/empatec.com.ar\/?s={search_term_string}"},"query-input":"required name=search_term_string"}],"inLanguage":"pt-BR"},{"@type":"Organization","@id":"https:\/\/empatec.com.ar\/#organization","name":"Empatec","url":"https:\/\/empatec.com.ar\/","logo":{"@type":"ImageObject","inLanguage":"pt-BR","@id":"https:\/\/empatec.com.ar\/#\/schema\/logo\/image\/","url":"https:\/\/empatec.com.ar\/wp-content\/uploads\/2022\/07\/logo-empatec.png","contentUrl":"https:\/\/empatec.com.ar\/wp-content\/uploads\/2022\/07\/logo-empatec.png","width":1045,"height":573,"caption":"Empatec"},"image":{"@id":"https:\/\/empatec.com.ar\/#\/schema\/logo\/image\/"}}]}},"_links":{"self":[{"href":"https:\/\/empatec.com.ar\/pt\/wp-json\/wp\/v2\/product\/12131","targetHints":{"allow":["GET"]}}],"collection":[{"href":"https:\/\/empatec.com.ar\/pt\/wp-json\/wp\/v2\/product"}],"about":[{"href":"https:\/\/empatec.com.ar\/pt\/wp-json\/wp\/v2\/types\/product"}],"version-history":[{"count":2,"href":"https:\/\/empatec.com.ar\/pt\/wp-json\/wp\/v2\/product\/12131\/revisions"}],"predecessor-version":[{"id":12411,"href":"https:\/\/empatec.com.ar\/pt\/wp-json\/wp\/v2\/product\/12131\/revisions\/12411"}],"wp:featuredmedia":[{"embeddable":true,"href":"https:\/\/empatec.com.ar\/pt\/wp-json\/wp\/v2\/media\/12135"}],"wp:attachment":[{"href":"https:\/\/empatec.com.ar\/pt\/wp-json\/wp\/v2\/media?parent=12131"}],"wp:term":[{"taxonomy":"product_cat","embeddable":true,"href":"https:\/\/empatec.com.ar\/pt\/wp-json\/wp\/v2\/product_cat?post=12131"},{"taxonomy":"product_tag","embeddable":true,"href":"https:\/\/empatec.com.ar\/pt\/wp-json\/wp\/v2\/product_tag?post=12131"}],"curies":[{"name":"wp","href":"https:\/\/api.w.org\/{rel}","templated":true}]}}