{"id":12142,"date":"2022-08-02T23:34:51","date_gmt":"2022-08-02T23:34:51","guid":{"rendered":"https:\/\/empatec.com.ar\/?post_type=product&#038;p=12142"},"modified":"2024-06-18T13:07:45","modified_gmt":"2024-06-18T13:07:45","slug":"modular-tl63","status":"publish","type":"product","link":"https:\/\/empatec.com.ar\/pt\/product\/modular-tl63\/","title":{"rendered":"Trem de lamina\u00e7\u00e3o TL63"},"content":{"rendered":"<p>Modular<br \/>\nFase monof\u00e1sica, baixo consumo<br \/>\nRegulagem de espessura da massa<br \/>\nRegula\u00e7\u00e3o de velocidade, seja, medidor individual ou m\u00f3dulo completo<\/p>\n<p><strong>Medidas:<\/strong><br \/>\nAltura: 1400 mm<br \/>\nLargura: 715mm<br \/>\nComprimento: 1000mm<\/p>\n<p><strong>Motores:<\/strong> 3 motoredutores de 0,5 HP c\/u<br \/>\n<strong>A empresa reserva-se o direito a altera\u00e7\u00f5es sem aviso pr\u00e9vio<\/strong><\/p>\n<p><a href=\"https:\/\/empatec.com.ar\/wp-content\/uploads\/2022\/08\/Folleto-TL63.pdf\" target=\"_blank\" rel=\"noopener\">Fa\u00e7a o download do folheto de Modular TL63<\/a><\/p>\n<p><img decoding=\"async\" class=\"alignnone wp-image-12146\" src=\"https:\/\/empatec.com.ar\/wp-content\/uploads\/2022\/08\/Folleto-TL63-300x300.png\" alt=\"\" width=\"200\" height=\"200\" srcset=\"https:\/\/empatec.com.ar\/wp-content\/uploads\/2022\/08\/Folleto-TL63-300x300.png 300w, https:\/\/empatec.com.ar\/wp-content\/uploads\/2022\/08\/Folleto-TL63-1024x1024.png 1024w, https:\/\/empatec.com.ar\/wp-content\/uploads\/2022\/08\/Folleto-TL63-150x150.png 150w, https:\/\/empatec.com.ar\/wp-content\/uploads\/2022\/08\/Folleto-TL63-768x768.png 768w, https:\/\/empatec.com.ar\/wp-content\/uploads\/2022\/08\/Folleto-TL63-12x12.png 12w, https:\/\/empatec.com.ar\/wp-content\/uploads\/2022\/08\/Folleto-TL63-550x550.png 550w, https:\/\/empatec.com.ar\/wp-content\/uploads\/2022\/08\/Folleto-TL63-100x100.png 100w, https:\/\/empatec.com.ar\/wp-content\/uploads\/2022\/08\/Folleto-TL63.png 1166w\" sizes=\"(max-width: 200px) 100vw, 200px\" \/><\/p>\n<div class=\"entry-content-asset videofit\"><iframe title=\"Empatec: L\u00ednea continua de masa para m\u00e1quina de empanadas ME (FL200 JR y TL63)\" width=\"720\" height=\"405\" src=\"https:\/\/www.youtube.com\/embed\/dEfZf6wS_MU?start=2&#038;feature=oembed\" frameborder=\"0\" allow=\"accelerometer; autoplay; clipboard-write; encrypted-media; gyroscope; picture-in-picture; web-share\" referrerpolicy=\"strict-origin-when-cross-origin\" allowfullscreen><\/iframe><\/div>","protected":false},"excerpt":{"rendered":"<p>O computador TL63 \u00e9 um equipamento modular, o que est\u00e1 a ser desenvolvido para afinar a massa em um triplo laminado por meio de rolos de a\u00e7o inoxid\u00e1vel maci\u00e7os AISI 304 de 63 mm de di\u00e2metro, possui sensores para a seguran\u00e7a para o operador e um sensor de acionamento de forma autom\u00e1tica para o arranque e paragem do mesmo, o que facilita o acoplamento com o computador EU e o FL200 JR.<\/p>","protected":false},"featured_media":12466,"template":"","meta":{"_kad_post_transparent":"default","_kad_post_title":"","_kad_post_layout":"default","_kad_post_sidebar_id":"","_kad_post_content_style":"default","_kad_post_vertical_padding":"default","_kad_post_feature":"","_kad_post_feature_position":"","_kad_post_header":false,"_kad_post_footer":false},"product_cat":[116],"product_tag":[],"class_list":{"0":"post-12142","1":"product","2":"type-product","3":"status-publish","4":"has-post-thumbnail","6":"product_cat-producto","8":"first","9":"instock","10":"shipping-taxable","11":"product-type-simple","12":"entry","13":"content-bg","14":"loop-entry"},"yoast_head":"<!-- This site is optimized with the Yoast SEO Premium plugin v19.2.1 (Yoast SEO v22.9) - https:\/\/yoast.com\/wordpress\/plugins\/seo\/ -->\n<title>Tren de laminaci\u00f3n TL63 - Empatec<\/title>\n<meta name=\"robots\" content=\"index, follow, max-snippet:-1, max-image-preview:large, max-video-preview:-1\" \/>\n<link rel=\"canonical\" href=\"https:\/\/empatec.com.ar\/pt\/product\/modular-tl63\/\" \/>\n<meta property=\"og:locale\" content=\"pt_BR\" \/>\n<meta property=\"og:type\" content=\"article\" \/>\n<meta property=\"og:title\" content=\"Tren de laminaci\u00f3n TL63\" \/>\n<meta property=\"og:description\" content=\"El equipo TL63 es un equipo modular que est\u00e1 desarrollado para afinar la masa en un triple laminado por medio de rodillos de acero inoxidable macizos AISI 304 de 63 mm de diametro, posee sensores para la seguridad para el operario y un sensor de accionamiento de forma automatica para el arranque y parada del mismo, lo que facilita el acoplado con el equipo ME y el FL200 JR.\" \/>\n<meta property=\"og:url\" content=\"https:\/\/empatec.com.ar\/pt\/product\/modular-tl63\/\" \/>\n<meta property=\"og:site_name\" content=\"Empatec\" \/>\n<meta property=\"article:modified_time\" content=\"2024-06-18T13:07:45+00:00\" \/>\n<meta property=\"og:image\" content=\"https:\/\/empatec.com.ar\/wp-content\/uploads\/2022\/08\/TL63-sombra-Formato-webp-scaled.webp\" \/>\n\t<meta property=\"og:image:width\" content=\"1928\" \/>\n\t<meta property=\"og:image:height\" content=\"2560\" \/>\n\t<meta property=\"og:image:type\" content=\"image\/webp\" \/>\n<meta name=\"twitter:card\" content=\"summary_large_image\" \/>\n<meta name=\"twitter:label1\" content=\"Est. tempo de leitura\" \/>\n\t<meta name=\"twitter:data1\" content=\"1 minuto\" \/>\n<script type=\"application\/ld+json\" class=\"yoast-schema-graph\">{\"@context\":\"https:\/\/schema.org\",\"@graph\":[{\"@type\":\"WebPage\",\"@id\":\"https:\/\/empatec.com.ar\/product\/modular-tl63\/\",\"url\":\"https:\/\/empatec.com.ar\/product\/modular-tl63\/\",\"name\":\"Tren de laminaci\u00f3n TL63 - Empatec\",\"isPartOf\":{\"@id\":\"https:\/\/empatec.com.ar\/#website\"},\"primaryImageOfPage\":{\"@id\":\"https:\/\/empatec.com.ar\/product\/modular-tl63\/#primaryimage\"},\"image\":{\"@id\":\"https:\/\/empatec.com.ar\/product\/modular-tl63\/#primaryimage\"},\"thumbnailUrl\":\"https:\/\/empatec.com.ar\/wp-content\/uploads\/2022\/08\/TL63-sombra-Formato-webp-scaled.webp\",\"datePublished\":\"2022-08-02T23:34:51+00:00\",\"dateModified\":\"2024-06-18T13:07:45+00:00\",\"breadcrumb\":{\"@id\":\"https:\/\/empatec.com.ar\/product\/modular-tl63\/#breadcrumb\"},\"inLanguage\":\"pt-BR\",\"potentialAction\":[{\"@type\":\"ReadAction\",\"target\":[\"https:\/\/empatec.com.ar\/product\/modular-tl63\/\"]}]},{\"@type\":\"ImageObject\",\"inLanguage\":\"pt-BR\",\"@id\":\"https:\/\/empatec.com.ar\/product\/modular-tl63\/#primaryimage\",\"url\":\"https:\/\/empatec.com.ar\/wp-content\/uploads\/2022\/08\/TL63-sombra-Formato-webp-scaled.webp\",\"contentUrl\":\"https:\/\/empatec.com.ar\/wp-content\/uploads\/2022\/08\/TL63-sombra-Formato-webp-scaled.webp\",\"width\":1928,\"height\":2560},{\"@type\":\"BreadcrumbList\",\"@id\":\"https:\/\/empatec.com.ar\/product\/modular-tl63\/#breadcrumb\",\"itemListElement\":[{\"@type\":\"ListItem\",\"position\":1,\"name\":\"Home\",\"item\":\"https:\/\/empatec.com.ar\/\"},{\"@type\":\"ListItem\",\"position\":2,\"name\":\"Productos\",\"item\":\"https:\/\/empatec.com.ar\/productos\/\"},{\"@type\":\"ListItem\",\"position\":3,\"name\":\"Tren de laminaci\u00f3n TL63\"}]},{\"@type\":\"WebSite\",\"@id\":\"https:\/\/empatec.com.ar\/#website\",\"url\":\"https:\/\/empatec.com.ar\/\",\"name\":\"Empatec\",\"description\":\"Maquinas para fabricar empanadas\",\"publisher\":{\"@id\":\"https:\/\/empatec.com.ar\/#organization\"},\"potentialAction\":[{\"@type\":\"SearchAction\",\"target\":{\"@type\":\"EntryPoint\",\"urlTemplate\":\"https:\/\/empatec.com.ar\/?s={search_term_string}\"},\"query-input\":\"required name=search_term_string\"}],\"inLanguage\":\"pt-BR\"},{\"@type\":\"Organization\",\"@id\":\"https:\/\/empatec.com.ar\/#organization\",\"name\":\"Empatec\",\"url\":\"https:\/\/empatec.com.ar\/\",\"logo\":{\"@type\":\"ImageObject\",\"inLanguage\":\"pt-BR\",\"@id\":\"https:\/\/empatec.com.ar\/#\/schema\/logo\/image\/\",\"url\":\"https:\/\/empatec.com.ar\/wp-content\/uploads\/2022\/07\/logo-empatec.png\",\"contentUrl\":\"https:\/\/empatec.com.ar\/wp-content\/uploads\/2022\/07\/logo-empatec.png\",\"width\":1045,\"height\":573,\"caption\":\"Empatec\"},\"image\":{\"@id\":\"https:\/\/empatec.com.ar\/#\/schema\/logo\/image\/\"}}]}<\/script>\n<!-- \/ Yoast SEO Premium plugin. -->","yoast_head_json":{"title":"Tren de laminaci\u00f3n TL63 - Empatec","robots":{"index":"index","follow":"follow","max-snippet":"max-snippet:-1","max-image-preview":"max-image-preview:large","max-video-preview":"max-video-preview:-1"},"canonical":"https:\/\/empatec.com.ar\/pt\/product\/modular-tl63\/","og_locale":"pt_BR","og_type":"article","og_title":"Tren de laminaci\u00f3n TL63","og_description":"El equipo TL63 es un equipo modular que est\u00e1 desarrollado para afinar la masa en un triple laminado por medio de rodillos de acero inoxidable macizos AISI 304 de 63 mm de diametro, posee sensores para la seguridad para el operario y un sensor de accionamiento de forma automatica para el arranque y parada del mismo, lo que facilita el acoplado con el equipo ME y el FL200 JR.","og_url":"https:\/\/empatec.com.ar\/pt\/product\/modular-tl63\/","og_site_name":"Empatec","article_modified_time":"2024-06-18T13:07:45+00:00","og_image":[{"width":1928,"height":2560,"url":"https:\/\/empatec.com.ar\/wp-content\/uploads\/2022\/08\/TL63-sombra-Formato-webp-scaled.webp","type":"image\/webp"}],"twitter_card":"summary_large_image","twitter_misc":{"Est. tempo de leitura":"1 minuto"},"schema":{"@context":"https:\/\/schema.org","@graph":[{"@type":"WebPage","@id":"https:\/\/empatec.com.ar\/product\/modular-tl63\/","url":"https:\/\/empatec.com.ar\/product\/modular-tl63\/","name":"Tren de laminaci\u00f3n TL63 - Empatec","isPartOf":{"@id":"https:\/\/empatec.com.ar\/#website"},"primaryImageOfPage":{"@id":"https:\/\/empatec.com.ar\/product\/modular-tl63\/#primaryimage"},"image":{"@id":"https:\/\/empatec.com.ar\/product\/modular-tl63\/#primaryimage"},"thumbnailUrl":"https:\/\/empatec.com.ar\/wp-content\/uploads\/2022\/08\/TL63-sombra-Formato-webp-scaled.webp","datePublished":"2022-08-02T23:34:51+00:00","dateModified":"2024-06-18T13:07:45+00:00","breadcrumb":{"@id":"https:\/\/empatec.com.ar\/product\/modular-tl63\/#breadcrumb"},"inLanguage":"pt-BR","potentialAction":[{"@type":"ReadAction","target":["https:\/\/empatec.com.ar\/product\/modular-tl63\/"]}]},{"@type":"ImageObject","inLanguage":"pt-BR","@id":"https:\/\/empatec.com.ar\/product\/modular-tl63\/#primaryimage","url":"https:\/\/empatec.com.ar\/wp-content\/uploads\/2022\/08\/TL63-sombra-Formato-webp-scaled.webp","contentUrl":"https:\/\/empatec.com.ar\/wp-content\/uploads\/2022\/08\/TL63-sombra-Formato-webp-scaled.webp","width":1928,"height":2560},{"@type":"BreadcrumbList","@id":"https:\/\/empatec.com.ar\/product\/modular-tl63\/#breadcrumb","itemListElement":[{"@type":"ListItem","position":1,"name":"Home","item":"https:\/\/empatec.com.ar\/"},{"@type":"ListItem","position":2,"name":"Productos","item":"https:\/\/empatec.com.ar\/productos\/"},{"@type":"ListItem","position":3,"name":"Tren de laminaci\u00f3n TL63"}]},{"@type":"WebSite","@id":"https:\/\/empatec.com.ar\/#website","url":"https:\/\/empatec.com.ar\/","name":"Empatec","description":"Maquinas para fabricar empanadas","publisher":{"@id":"https:\/\/empatec.com.ar\/#organization"},"potentialAction":[{"@type":"SearchAction","target":{"@type":"EntryPoint","urlTemplate":"https:\/\/empatec.com.ar\/?s={search_term_string}"},"query-input":"required name=search_term_string"}],"inLanguage":"pt-BR"},{"@type":"Organization","@id":"https:\/\/empatec.com.ar\/#organization","name":"Empatec","url":"https:\/\/empatec.com.ar\/","logo":{"@type":"ImageObject","inLanguage":"pt-BR","@id":"https:\/\/empatec.com.ar\/#\/schema\/logo\/image\/","url":"https:\/\/empatec.com.ar\/wp-content\/uploads\/2022\/07\/logo-empatec.png","contentUrl":"https:\/\/empatec.com.ar\/wp-content\/uploads\/2022\/07\/logo-empatec.png","width":1045,"height":573,"caption":"Empatec"},"image":{"@id":"https:\/\/empatec.com.ar\/#\/schema\/logo\/image\/"}}]}},"_links":{"self":[{"href":"https:\/\/empatec.com.ar\/pt\/wp-json\/wp\/v2\/product\/12142","targetHints":{"allow":["GET"]}}],"collection":[{"href":"https:\/\/empatec.com.ar\/pt\/wp-json\/wp\/v2\/product"}],"about":[{"href":"https:\/\/empatec.com.ar\/pt\/wp-json\/wp\/v2\/types\/product"}],"version-history":[{"count":3,"href":"https:\/\/empatec.com.ar\/pt\/wp-json\/wp\/v2\/product\/12142\/revisions"}],"predecessor-version":[{"id":12398,"href":"https:\/\/empatec.com.ar\/pt\/wp-json\/wp\/v2\/product\/12142\/revisions\/12398"}],"wp:featuredmedia":[{"embeddable":true,"href":"https:\/\/empatec.com.ar\/pt\/wp-json\/wp\/v2\/media\/12466"}],"wp:attachment":[{"href":"https:\/\/empatec.com.ar\/pt\/wp-json\/wp\/v2\/media?parent=12142"}],"wp:term":[{"taxonomy":"product_cat","embeddable":true,"href":"https:\/\/empatec.com.ar\/pt\/wp-json\/wp\/v2\/product_cat?post=12142"},{"taxonomy":"product_tag","embeddable":true,"href":"https:\/\/empatec.com.ar\/pt\/wp-json\/wp\/v2\/product_tag?post=12142"}],"curies":[{"name":"wp","href":"https:\/\/api.w.org\/{rel}","templated":true}]}}