{"id":12421,"date":"2023-08-15T20:08:13","date_gmt":"2023-08-15T20:08:13","guid":{"rendered":"https:\/\/empatec.com.ar\/?post_type=product&#038;p=12421"},"modified":"2023-08-15T20:09:16","modified_gmt":"2023-08-15T20:09:16","slug":"rotocortadora-modelo-rt","status":"publish","type":"product","link":"https:\/\/empatec.com.ar\/pt\/product\/rotocortadora-modelo-rt\/","title":{"rendered":"Rotocortadora modelo RT"},"content":{"rendered":"<p>El modelo RT es una m\u00e1quina cortadora de discos de empanadas de alta producci\u00f3n sin film separador, puede cortar distintos tipos de tama\u00f1os y formas a pedido del cliente, gracias a que funciona con un rolo cortador intercambiable. Tiene una producci\u00f3n de 2000 a 4000 docenas por hora dependiendo de las caracter\u00edsticas del producto.<\/p>\n<p><a href=\"https:\/\/empatec.com.ar\/wp-content\/uploads\/2023\/08\/folleto-RT.pdf\" target=\"_blank\" rel=\"noopener\">Descargar folleto Rotocortadora modelo RT\u00a0<\/a><\/p>\n<p><img fetchpriority=\"high\" decoding=\"async\" class=\"alignnone wp-image-12426\" src=\"https:\/\/empatec.com.ar\/wp-content\/uploads\/2023\/08\/Rotocortadora-300x300.png\" alt=\"\" width=\"241\" height=\"241\" srcset=\"https:\/\/empatec.com.ar\/wp-content\/uploads\/2023\/08\/Rotocortadora-300x300.png 300w, https:\/\/empatec.com.ar\/wp-content\/uploads\/2023\/08\/Rotocortadora-150x150.png 150w, https:\/\/empatec.com.ar\/wp-content\/uploads\/2023\/08\/Rotocortadora-768x768.png 768w, https:\/\/empatec.com.ar\/wp-content\/uploads\/2023\/08\/Rotocortadora-12x12.png 12w, https:\/\/empatec.com.ar\/wp-content\/uploads\/2023\/08\/Rotocortadora-550x550.png 550w, https:\/\/empatec.com.ar\/wp-content\/uploads\/2023\/08\/Rotocortadora-100x100.png 100w, https:\/\/empatec.com.ar\/wp-content\/uploads\/2023\/08\/Rotocortadora.png 980w\" sizes=\"(max-width: 241px) 100vw, 241px\" \/><\/p>\n<div class=\"entry-content-asset videofit\"><iframe title=\"Empatec: Rotocortadora de discos de empanadas modelo RT\" width=\"720\" height=\"540\" src=\"https:\/\/www.youtube.com\/embed\/9I5jxdADmxA?feature=oembed\" frameborder=\"0\" allow=\"accelerometer; autoplay; clipboard-write; encrypted-media; gyroscope; picture-in-picture; web-share\" allowfullscreen><\/iframe><\/div>","protected":false},"excerpt":{"rendered":"<p>El modelo RT es una m\u00e1quina cortadora de discos de empanadas de alta producci\u00f3n sin film separador<\/p>","protected":false},"featured_media":12423,"template":"","meta":{"_kad_post_transparent":"default","_kad_post_title":"","_kad_post_layout":"default","_kad_post_sidebar_id":"","_kad_post_content_style":"default","_kad_post_vertical_padding":"default","_kad_post_feature":"","_kad_post_feature_position":"","_kad_post_header":false,"_kad_post_footer":false},"product_cat":[15],"product_tag":[],"class_list":{"0":"post-12421","1":"product","2":"type-product","3":"status-publish","4":"has-post-thumbnail","6":"product_cat-uncategorized","8":"first","9":"instock","10":"shipping-taxable","11":"product-type-simple","12":"entry","13":"content-bg","14":"loop-entry"},"yoast_head":"<!-- This site is optimized with the Yoast SEO Premium plugin v19.2.1 (Yoast SEO v22.9) - https:\/\/yoast.com\/wordpress\/plugins\/seo\/ -->\n<title>Rotocortadora modelo RT - Empatec<\/title>\n<meta name=\"robots\" content=\"index, follow, max-snippet:-1, max-image-preview:large, max-video-preview:-1\" \/>\n<link rel=\"canonical\" href=\"https:\/\/empatec.com.ar\/pt\/product\/rotocortadora-modelo-rt\/\" \/>\n<meta property=\"og:locale\" content=\"pt_BR\" \/>\n<meta property=\"og:type\" content=\"article\" \/>\n<meta property=\"og:title\" content=\"Rotocortadora modelo RT\" \/>\n<meta property=\"og:description\" content=\"El modelo RT es una m\u00e1quina cortadora de discos de empanadas de alta producci\u00f3n sin film separador\" \/>\n<meta property=\"og:url\" content=\"https:\/\/empatec.com.ar\/pt\/product\/rotocortadora-modelo-rt\/\" \/>\n<meta property=\"og:site_name\" content=\"Empatec\" \/>\n<meta property=\"article:modified_time\" content=\"2023-08-15T20:09:16+00:00\" \/>\n<meta property=\"og:image\" content=\"https:\/\/empatec.com.ar\/wp-content\/uploads\/2023\/08\/RT.jpg\" \/>\n\t<meta property=\"og:image:width\" content=\"900\" \/>\n\t<meta property=\"og:image:height\" content=\"600\" \/>\n\t<meta property=\"og:image:type\" content=\"image\/jpeg\" \/>\n<meta name=\"twitter:card\" content=\"summary_large_image\" \/>\n<meta name=\"twitter:label1\" content=\"Est. tempo de leitura\" \/>\n\t<meta name=\"twitter:data1\" content=\"1 minuto\" \/>\n<script type=\"application\/ld+json\" class=\"yoast-schema-graph\">{\"@context\":\"https:\/\/schema.org\",\"@graph\":[{\"@type\":\"WebPage\",\"@id\":\"https:\/\/empatec.com.ar\/product\/rotocortadora-modelo-rt\/\",\"url\":\"https:\/\/empatec.com.ar\/product\/rotocortadora-modelo-rt\/\",\"name\":\"Rotocortadora modelo RT - Empatec\",\"isPartOf\":{\"@id\":\"https:\/\/empatec.com.ar\/#website\"},\"primaryImageOfPage\":{\"@id\":\"https:\/\/empatec.com.ar\/product\/rotocortadora-modelo-rt\/#primaryimage\"},\"image\":{\"@id\":\"https:\/\/empatec.com.ar\/product\/rotocortadora-modelo-rt\/#primaryimage\"},\"thumbnailUrl\":\"https:\/\/empatec.com.ar\/wp-content\/uploads\/2023\/08\/RT.jpg\",\"datePublished\":\"2023-08-15T20:08:13+00:00\",\"dateModified\":\"2023-08-15T20:09:16+00:00\",\"breadcrumb\":{\"@id\":\"https:\/\/empatec.com.ar\/product\/rotocortadora-modelo-rt\/#breadcrumb\"},\"inLanguage\":\"pt-BR\",\"potentialAction\":[{\"@type\":\"ReadAction\",\"target\":[\"https:\/\/empatec.com.ar\/product\/rotocortadora-modelo-rt\/\"]}]},{\"@type\":\"ImageObject\",\"inLanguage\":\"pt-BR\",\"@id\":\"https:\/\/empatec.com.ar\/product\/rotocortadora-modelo-rt\/#primaryimage\",\"url\":\"https:\/\/empatec.com.ar\/wp-content\/uploads\/2023\/08\/RT.jpg\",\"contentUrl\":\"https:\/\/empatec.com.ar\/wp-content\/uploads\/2023\/08\/RT.jpg\",\"width\":900,\"height\":600},{\"@type\":\"BreadcrumbList\",\"@id\":\"https:\/\/empatec.com.ar\/product\/rotocortadora-modelo-rt\/#breadcrumb\",\"itemListElement\":[{\"@type\":\"ListItem\",\"position\":1,\"name\":\"Home\",\"item\":\"https:\/\/empatec.com.ar\/\"},{\"@type\":\"ListItem\",\"position\":2,\"name\":\"Productos\",\"item\":\"https:\/\/empatec.com.ar\/productos\/\"},{\"@type\":\"ListItem\",\"position\":3,\"name\":\"Rotocortadora modelo RT\"}]},{\"@type\":\"WebSite\",\"@id\":\"https:\/\/empatec.com.ar\/#website\",\"url\":\"https:\/\/empatec.com.ar\/\",\"name\":\"Empatec\",\"description\":\"Maquinas para fabricar empanadas\",\"publisher\":{\"@id\":\"https:\/\/empatec.com.ar\/#organization\"},\"potentialAction\":[{\"@type\":\"SearchAction\",\"target\":{\"@type\":\"EntryPoint\",\"urlTemplate\":\"https:\/\/empatec.com.ar\/?s={search_term_string}\"},\"query-input\":\"required name=search_term_string\"}],\"inLanguage\":\"pt-BR\"},{\"@type\":\"Organization\",\"@id\":\"https:\/\/empatec.com.ar\/#organization\",\"name\":\"Empatec\",\"url\":\"https:\/\/empatec.com.ar\/\",\"logo\":{\"@type\":\"ImageObject\",\"inLanguage\":\"pt-BR\",\"@id\":\"https:\/\/empatec.com.ar\/#\/schema\/logo\/image\/\",\"url\":\"https:\/\/empatec.com.ar\/wp-content\/uploads\/2022\/07\/logo-empatec.png\",\"contentUrl\":\"https:\/\/empatec.com.ar\/wp-content\/uploads\/2022\/07\/logo-empatec.png\",\"width\":1045,\"height\":573,\"caption\":\"Empatec\"},\"image\":{\"@id\":\"https:\/\/empatec.com.ar\/#\/schema\/logo\/image\/\"}}]}<\/script>\n<!-- \/ Yoast SEO Premium plugin. -->","yoast_head_json":{"title":"Rotocortadora modelo RT - Empatec","robots":{"index":"index","follow":"follow","max-snippet":"max-snippet:-1","max-image-preview":"max-image-preview:large","max-video-preview":"max-video-preview:-1"},"canonical":"https:\/\/empatec.com.ar\/pt\/product\/rotocortadora-modelo-rt\/","og_locale":"pt_BR","og_type":"article","og_title":"Rotocortadora modelo RT","og_description":"El modelo RT es una m\u00e1quina cortadora de discos de empanadas de alta producci\u00f3n sin film separador","og_url":"https:\/\/empatec.com.ar\/pt\/product\/rotocortadora-modelo-rt\/","og_site_name":"Empatec","article_modified_time":"2023-08-15T20:09:16+00:00","og_image":[{"width":900,"height":600,"url":"https:\/\/empatec.com.ar\/wp-content\/uploads\/2023\/08\/RT.jpg","type":"image\/jpeg"}],"twitter_card":"summary_large_image","twitter_misc":{"Est. tempo de leitura":"1 minuto"},"schema":{"@context":"https:\/\/schema.org","@graph":[{"@type":"WebPage","@id":"https:\/\/empatec.com.ar\/product\/rotocortadora-modelo-rt\/","url":"https:\/\/empatec.com.ar\/product\/rotocortadora-modelo-rt\/","name":"Rotocortadora modelo RT - Empatec","isPartOf":{"@id":"https:\/\/empatec.com.ar\/#website"},"primaryImageOfPage":{"@id":"https:\/\/empatec.com.ar\/product\/rotocortadora-modelo-rt\/#primaryimage"},"image":{"@id":"https:\/\/empatec.com.ar\/product\/rotocortadora-modelo-rt\/#primaryimage"},"thumbnailUrl":"https:\/\/empatec.com.ar\/wp-content\/uploads\/2023\/08\/RT.jpg","datePublished":"2023-08-15T20:08:13+00:00","dateModified":"2023-08-15T20:09:16+00:00","breadcrumb":{"@id":"https:\/\/empatec.com.ar\/product\/rotocortadora-modelo-rt\/#breadcrumb"},"inLanguage":"pt-BR","potentialAction":[{"@type":"ReadAction","target":["https:\/\/empatec.com.ar\/product\/rotocortadora-modelo-rt\/"]}]},{"@type":"ImageObject","inLanguage":"pt-BR","@id":"https:\/\/empatec.com.ar\/product\/rotocortadora-modelo-rt\/#primaryimage","url":"https:\/\/empatec.com.ar\/wp-content\/uploads\/2023\/08\/RT.jpg","contentUrl":"https:\/\/empatec.com.ar\/wp-content\/uploads\/2023\/08\/RT.jpg","width":900,"height":600},{"@type":"BreadcrumbList","@id":"https:\/\/empatec.com.ar\/product\/rotocortadora-modelo-rt\/#breadcrumb","itemListElement":[{"@type":"ListItem","position":1,"name":"Home","item":"https:\/\/empatec.com.ar\/"},{"@type":"ListItem","position":2,"name":"Productos","item":"https:\/\/empatec.com.ar\/productos\/"},{"@type":"ListItem","position":3,"name":"Rotocortadora modelo RT"}]},{"@type":"WebSite","@id":"https:\/\/empatec.com.ar\/#website","url":"https:\/\/empatec.com.ar\/","name":"Empatec","description":"Maquinas para fabricar empanadas","publisher":{"@id":"https:\/\/empatec.com.ar\/#organization"},"potentialAction":[{"@type":"SearchAction","target":{"@type":"EntryPoint","urlTemplate":"https:\/\/empatec.com.ar\/?s={search_term_string}"},"query-input":"required name=search_term_string"}],"inLanguage":"pt-BR"},{"@type":"Organization","@id":"https:\/\/empatec.com.ar\/#organization","name":"Empatec","url":"https:\/\/empatec.com.ar\/","logo":{"@type":"ImageObject","inLanguage":"pt-BR","@id":"https:\/\/empatec.com.ar\/#\/schema\/logo\/image\/","url":"https:\/\/empatec.com.ar\/wp-content\/uploads\/2022\/07\/logo-empatec.png","contentUrl":"https:\/\/empatec.com.ar\/wp-content\/uploads\/2022\/07\/logo-empatec.png","width":1045,"height":573,"caption":"Empatec"},"image":{"@id":"https:\/\/empatec.com.ar\/#\/schema\/logo\/image\/"}}]}},"_links":{"self":[{"href":"https:\/\/empatec.com.ar\/pt\/wp-json\/wp\/v2\/product\/12421","targetHints":{"allow":["GET"]}}],"collection":[{"href":"https:\/\/empatec.com.ar\/pt\/wp-json\/wp\/v2\/product"}],"about":[{"href":"https:\/\/empatec.com.ar\/pt\/wp-json\/wp\/v2\/types\/product"}],"version-history":[{"count":2,"href":"https:\/\/empatec.com.ar\/pt\/wp-json\/wp\/v2\/product\/12421\/revisions"}],"predecessor-version":[{"id":12428,"href":"https:\/\/empatec.com.ar\/pt\/wp-json\/wp\/v2\/product\/12421\/revisions\/12428"}],"wp:featuredmedia":[{"embeddable":true,"href":"https:\/\/empatec.com.ar\/pt\/wp-json\/wp\/v2\/media\/12423"}],"wp:attachment":[{"href":"https:\/\/empatec.com.ar\/pt\/wp-json\/wp\/v2\/media?parent=12421"}],"wp:term":[{"taxonomy":"product_cat","embeddable":true,"href":"https:\/\/empatec.com.ar\/pt\/wp-json\/wp\/v2\/product_cat?post=12421"},{"taxonomy":"product_tag","embeddable":true,"href":"https:\/\/empatec.com.ar\/pt\/wp-json\/wp\/v2\/product_tag?post=12421"}],"curies":[{"name":"wp","href":"https:\/\/api.w.org\/{rel}","templated":true}]}}