{"id":12452,"date":"2024-06-18T11:41:16","date_gmt":"2024-06-18T11:41:16","guid":{"rendered":"https:\/\/empatec.com.ar\/?post_type=product&#038;p=12452"},"modified":"2024-06-18T11:57:54","modified_gmt":"2024-06-18T11:57:54","slug":"linea-continua-de-empanadas","status":"publish","type":"product","link":"https:\/\/empatec.com.ar\/pt\/product\/linea-continua-de-empanadas\/","title":{"rendered":"L\u00ednea contin\u00faa de empanadas"},"content":{"rendered":"<p>O modelo FL200 JR \u00e9 uma m\u00e1quina especialmente desenvolvida para poder abastecer com uma folha de massa, a equipe ME, desta l\u00e2mina ocorre colocando na tremonha o grumo misturado no computador MV (Misturador Volcable), o qual por meio de rolos superiores e inferiores controlados electricamente por meio de variadores de velocidade e plc, conseguem formar uma l\u00e2mina homogenea de uma largura de 200mm.<\/p>\n<p>O computador TL63 \u00e9 um equipamento modular, o que est\u00e1 a ser desenvolvido para afinar a massa em um triplo laminado por meio de rolos de a\u00e7o inoxid\u00e1vel maci\u00e7os AISI 304 de 63 mm de di\u00e2metro, possui sensores para a seguran\u00e7a para o operador e um sensor de acionamento de forma autom\u00e1tica para o arranque e paragem do mesmo, o que facilita o acoplamento com o computador EU e o FL200 JR.<\/p>\n<p>El equipo conformador de empanadas ME es una maquina, que est\u00e1 automatizada y cumple con las normas internacionales, ya sea en dise\u00f1o como en seguridad. El equipo funciona con una l\u00e1mina de masa, que se introduce en el laminador, posteriormente se transportar\u00e1 mediante una cinta donde se depositar\u00e1 el relleno por medio de un dosificador para luego ser doblada, estampada y cortada por moldes intercambiables personalizados a pedido del cliente, formando el producto deseado que se retirar\u00e1 manualmente para ser estibado en sus respectivas bandejas.<\/p>\n<p><strong>A empresa reserva-se o direito a altera\u00e7\u00f5es sem aviso pr\u00e9vio<\/strong><\/p>\n<p><strong>Descargar folletos L\u00ednea contin\u00faa de empanadas:<br \/>\n<\/strong><strong><a href=\"https:\/\/empatec.com.ar\/wp-content\/uploads\/2022\/08\/Folleto-FL200-JR.pdf\" target=\"_blank\" rel=\"noopener\">Descargar el folleto de la Formadora de L\u00e1minas FL200 JR<\/a><br \/>\n<a href=\"https:\/\/empatec.com.ar\/wp-content\/uploads\/2022\/08\/Folleto-TL63.pdf\" target=\"_blank\" rel=\"noopener\">Fa\u00e7a o download do folheto de Modular TL63<\/a><br \/>\n<a href=\"https:\/\/empatec.com.ar\/wp-content\/uploads\/2022\/08\/Folleto-ME.pdf\" target=\"_blank\" rel=\"noopener\">Fa\u00e7a o download do folheto anexo a M\u00e1quina de Torta Modelo ME<\/a><\/strong><\/p>\n<div class=\"entry-content-asset videofit\"><iframe title=\"Producci\u00f3n industrial de empanadas eficaz y sencilla con l\u00ednea contin\u00faa de empanadas Empatec\" width=\"720\" height=\"405\" src=\"https:\/\/www.youtube.com\/embed\/qVMmT8ab-EM?feature=oembed\" frameborder=\"0\" allow=\"accelerometer; autoplay; clipboard-write; encrypted-media; gyroscope; picture-in-picture; web-share\" referrerpolicy=\"strict-origin-when-cross-origin\" allowfullscreen><\/iframe><\/div>\n<p>&nbsp;<\/p>\n<div class=\"entry-content-asset videofit\"><iframe title=\"Puesta en marcha de L\u00ednea continua de empanadas (FL200 jr, TL63, ME)\" width=\"720\" height=\"405\" src=\"https:\/\/www.youtube.com\/embed\/Fd_QUJJymIE?feature=oembed\" frameborder=\"0\" allow=\"accelerometer; autoplay; clipboard-write; encrypted-media; gyroscope; picture-in-picture; web-share\" referrerpolicy=\"strict-origin-when-cross-origin\" allowfullscreen><\/iframe><\/div>","protected":false},"excerpt":{"rendered":"<p>L\u00ednea continua de empanadas conformada por tres equipos de alta calidad<\/p>\n<ul>\n<li>FL200 jr<\/li>\n<li>TL63<\/li>\n<li>ME<\/li>\n<\/ul>","protected":false},"featured_media":12453,"template":"","meta":{"_kad_post_transparent":"default","_kad_post_title":"","_kad_post_layout":"default","_kad_post_sidebar_id":"","_kad_post_content_style":"default","_kad_post_vertical_padding":"default","_kad_post_feature":"","_kad_post_feature_position":"","_kad_post_header":false,"_kad_post_footer":false},"product_cat":[116],"product_tag":[],"class_list":{"0":"post-12452","1":"product","2":"type-product","3":"status-publish","4":"has-post-thumbnail","6":"product_cat-producto","8":"first","9":"instock","10":"featured","11":"shipping-taxable","12":"product-type-simple","13":"entry","14":"content-bg","15":"loop-entry"},"yoast_head":"<!-- This site is optimized with the Yoast SEO Premium plugin v19.2.1 (Yoast SEO v22.9) - https:\/\/yoast.com\/wordpress\/plugins\/seo\/ -->\n<title>L\u00ednea contin\u00faa de empanadas - Empatec<\/title>\n<meta name=\"robots\" content=\"index, follow, max-snippet:-1, max-image-preview:large, max-video-preview:-1\" \/>\n<link rel=\"canonical\" href=\"https:\/\/empatec.com.ar\/pt\/product\/linea-continua-de-empanadas\/\" \/>\n<meta property=\"og:locale\" content=\"pt_BR\" \/>\n<meta property=\"og:type\" content=\"article\" \/>\n<meta property=\"og:title\" content=\"L\u00ednea contin\u00faa de empanadas\" \/>\n<meta property=\"og:description\" content=\"L\u00ednea continua de empanadas conformada por tres equipos de alta calidad   FL200 jr  TL63  ME\" \/>\n<meta property=\"og:url\" content=\"https:\/\/empatec.com.ar\/pt\/product\/linea-continua-de-empanadas\/\" \/>\n<meta property=\"og:site_name\" content=\"Empatec\" \/>\n<meta property=\"article:modified_time\" content=\"2024-06-18T11:57:54+00:00\" \/>\n<meta property=\"og:image\" content=\"https:\/\/empatec.com.ar\/wp-content\/uploads\/2024\/06\/linea-continua-de-empanadas-sombra-Formato-webp-scaled.webp\" \/>\n\t<meta property=\"og:image:width\" content=\"2560\" \/>\n\t<meta property=\"og:image:height\" content=\"1928\" \/>\n\t<meta property=\"og:image:type\" content=\"image\/webp\" \/>\n<meta name=\"twitter:card\" content=\"summary_large_image\" \/>\n<meta name=\"twitter:label1\" content=\"Est. tempo de leitura\" \/>\n\t<meta name=\"twitter:data1\" content=\"2 minutos\" \/>\n<script type=\"application\/ld+json\" class=\"yoast-schema-graph\">{\"@context\":\"https:\/\/schema.org\",\"@graph\":[{\"@type\":\"WebPage\",\"@id\":\"https:\/\/empatec.com.ar\/product\/linea-continua-de-empanadas\/\",\"url\":\"https:\/\/empatec.com.ar\/product\/linea-continua-de-empanadas\/\",\"name\":\"L\u00ednea contin\u00faa de empanadas - Empatec\",\"isPartOf\":{\"@id\":\"https:\/\/empatec.com.ar\/#website\"},\"primaryImageOfPage\":{\"@id\":\"https:\/\/empatec.com.ar\/product\/linea-continua-de-empanadas\/#primaryimage\"},\"image\":{\"@id\":\"https:\/\/empatec.com.ar\/product\/linea-continua-de-empanadas\/#primaryimage\"},\"thumbnailUrl\":\"https:\/\/empatec.com.ar\/wp-content\/uploads\/2024\/06\/linea-continua-de-empanadas-sombra-Formato-webp-scaled.webp\",\"datePublished\":\"2024-06-18T11:41:16+00:00\",\"dateModified\":\"2024-06-18T11:57:54+00:00\",\"breadcrumb\":{\"@id\":\"https:\/\/empatec.com.ar\/product\/linea-continua-de-empanadas\/#breadcrumb\"},\"inLanguage\":\"pt-BR\",\"potentialAction\":[{\"@type\":\"ReadAction\",\"target\":[\"https:\/\/empatec.com.ar\/product\/linea-continua-de-empanadas\/\"]}]},{\"@type\":\"ImageObject\",\"inLanguage\":\"pt-BR\",\"@id\":\"https:\/\/empatec.com.ar\/product\/linea-continua-de-empanadas\/#primaryimage\",\"url\":\"https:\/\/empatec.com.ar\/wp-content\/uploads\/2024\/06\/linea-continua-de-empanadas-sombra-Formato-webp-scaled.webp\",\"contentUrl\":\"https:\/\/empatec.com.ar\/wp-content\/uploads\/2024\/06\/linea-continua-de-empanadas-sombra-Formato-webp-scaled.webp\",\"width\":2560,\"height\":1928},{\"@type\":\"BreadcrumbList\",\"@id\":\"https:\/\/empatec.com.ar\/product\/linea-continua-de-empanadas\/#breadcrumb\",\"itemListElement\":[{\"@type\":\"ListItem\",\"position\":1,\"name\":\"Home\",\"item\":\"https:\/\/empatec.com.ar\/\"},{\"@type\":\"ListItem\",\"position\":2,\"name\":\"Productos\",\"item\":\"https:\/\/empatec.com.ar\/productos\/\"},{\"@type\":\"ListItem\",\"position\":3,\"name\":\"L\u00ednea contin\u00faa de empanadas\"}]},{\"@type\":\"WebSite\",\"@id\":\"https:\/\/empatec.com.ar\/#website\",\"url\":\"https:\/\/empatec.com.ar\/\",\"name\":\"Empatec\",\"description\":\"Maquinas para fabricar empanadas\",\"publisher\":{\"@id\":\"https:\/\/empatec.com.ar\/#organization\"},\"potentialAction\":[{\"@type\":\"SearchAction\",\"target\":{\"@type\":\"EntryPoint\",\"urlTemplate\":\"https:\/\/empatec.com.ar\/?s={search_term_string}\"},\"query-input\":\"required name=search_term_string\"}],\"inLanguage\":\"pt-BR\"},{\"@type\":\"Organization\",\"@id\":\"https:\/\/empatec.com.ar\/#organization\",\"name\":\"Empatec\",\"url\":\"https:\/\/empatec.com.ar\/\",\"logo\":{\"@type\":\"ImageObject\",\"inLanguage\":\"pt-BR\",\"@id\":\"https:\/\/empatec.com.ar\/#\/schema\/logo\/image\/\",\"url\":\"https:\/\/empatec.com.ar\/wp-content\/uploads\/2022\/07\/logo-empatec.png\",\"contentUrl\":\"https:\/\/empatec.com.ar\/wp-content\/uploads\/2022\/07\/logo-empatec.png\",\"width\":1045,\"height\":573,\"caption\":\"Empatec\"},\"image\":{\"@id\":\"https:\/\/empatec.com.ar\/#\/schema\/logo\/image\/\"}}]}<\/script>\n<!-- \/ Yoast SEO Premium plugin. -->","yoast_head_json":{"title":"L\u00ednea contin\u00faa de empanadas - Empatec","robots":{"index":"index","follow":"follow","max-snippet":"max-snippet:-1","max-image-preview":"max-image-preview:large","max-video-preview":"max-video-preview:-1"},"canonical":"https:\/\/empatec.com.ar\/pt\/product\/linea-continua-de-empanadas\/","og_locale":"pt_BR","og_type":"article","og_title":"L\u00ednea contin\u00faa de empanadas","og_description":"L\u00ednea continua de empanadas conformada por tres equipos de alta calidad   FL200 jr  TL63  ME","og_url":"https:\/\/empatec.com.ar\/pt\/product\/linea-continua-de-empanadas\/","og_site_name":"Empatec","article_modified_time":"2024-06-18T11:57:54+00:00","og_image":[{"width":2560,"height":1928,"url":"https:\/\/empatec.com.ar\/wp-content\/uploads\/2024\/06\/linea-continua-de-empanadas-sombra-Formato-webp-scaled.webp","type":"image\/webp"}],"twitter_card":"summary_large_image","twitter_misc":{"Est. tempo de leitura":"2 minutos"},"schema":{"@context":"https:\/\/schema.org","@graph":[{"@type":"WebPage","@id":"https:\/\/empatec.com.ar\/product\/linea-continua-de-empanadas\/","url":"https:\/\/empatec.com.ar\/product\/linea-continua-de-empanadas\/","name":"L\u00ednea contin\u00faa de empanadas - Empatec","isPartOf":{"@id":"https:\/\/empatec.com.ar\/#website"},"primaryImageOfPage":{"@id":"https:\/\/empatec.com.ar\/product\/linea-continua-de-empanadas\/#primaryimage"},"image":{"@id":"https:\/\/empatec.com.ar\/product\/linea-continua-de-empanadas\/#primaryimage"},"thumbnailUrl":"https:\/\/empatec.com.ar\/wp-content\/uploads\/2024\/06\/linea-continua-de-empanadas-sombra-Formato-webp-scaled.webp","datePublished":"2024-06-18T11:41:16+00:00","dateModified":"2024-06-18T11:57:54+00:00","breadcrumb":{"@id":"https:\/\/empatec.com.ar\/product\/linea-continua-de-empanadas\/#breadcrumb"},"inLanguage":"pt-BR","potentialAction":[{"@type":"ReadAction","target":["https:\/\/empatec.com.ar\/product\/linea-continua-de-empanadas\/"]}]},{"@type":"ImageObject","inLanguage":"pt-BR","@id":"https:\/\/empatec.com.ar\/product\/linea-continua-de-empanadas\/#primaryimage","url":"https:\/\/empatec.com.ar\/wp-content\/uploads\/2024\/06\/linea-continua-de-empanadas-sombra-Formato-webp-scaled.webp","contentUrl":"https:\/\/empatec.com.ar\/wp-content\/uploads\/2024\/06\/linea-continua-de-empanadas-sombra-Formato-webp-scaled.webp","width":2560,"height":1928},{"@type":"BreadcrumbList","@id":"https:\/\/empatec.com.ar\/product\/linea-continua-de-empanadas\/#breadcrumb","itemListElement":[{"@type":"ListItem","position":1,"name":"Home","item":"https:\/\/empatec.com.ar\/"},{"@type":"ListItem","position":2,"name":"Productos","item":"https:\/\/empatec.com.ar\/productos\/"},{"@type":"ListItem","position":3,"name":"L\u00ednea contin\u00faa de empanadas"}]},{"@type":"WebSite","@id":"https:\/\/empatec.com.ar\/#website","url":"https:\/\/empatec.com.ar\/","name":"Empatec","description":"Maquinas para fabricar empanadas","publisher":{"@id":"https:\/\/empatec.com.ar\/#organization"},"potentialAction":[{"@type":"SearchAction","target":{"@type":"EntryPoint","urlTemplate":"https:\/\/empatec.com.ar\/?s={search_term_string}"},"query-input":"required name=search_term_string"}],"inLanguage":"pt-BR"},{"@type":"Organization","@id":"https:\/\/empatec.com.ar\/#organization","name":"Empatec","url":"https:\/\/empatec.com.ar\/","logo":{"@type":"ImageObject","inLanguage":"pt-BR","@id":"https:\/\/empatec.com.ar\/#\/schema\/logo\/image\/","url":"https:\/\/empatec.com.ar\/wp-content\/uploads\/2022\/07\/logo-empatec.png","contentUrl":"https:\/\/empatec.com.ar\/wp-content\/uploads\/2022\/07\/logo-empatec.png","width":1045,"height":573,"caption":"Empatec"},"image":{"@id":"https:\/\/empatec.com.ar\/#\/schema\/logo\/image\/"}}]}},"_links":{"self":[{"href":"https:\/\/empatec.com.ar\/pt\/wp-json\/wp\/v2\/product\/12452","targetHints":{"allow":["GET"]}}],"collection":[{"href":"https:\/\/empatec.com.ar\/pt\/wp-json\/wp\/v2\/product"}],"about":[{"href":"https:\/\/empatec.com.ar\/pt\/wp-json\/wp\/v2\/types\/product"}],"version-history":[{"count":2,"href":"https:\/\/empatec.com.ar\/pt\/wp-json\/wp\/v2\/product\/12452\/revisions"}],"predecessor-version":[{"id":12455,"href":"https:\/\/empatec.com.ar\/pt\/wp-json\/wp\/v2\/product\/12452\/revisions\/12455"}],"wp:featuredmedia":[{"embeddable":true,"href":"https:\/\/empatec.com.ar\/pt\/wp-json\/wp\/v2\/media\/12453"}],"wp:attachment":[{"href":"https:\/\/empatec.com.ar\/pt\/wp-json\/wp\/v2\/media?parent=12452"}],"wp:term":[{"taxonomy":"product_cat","embeddable":true,"href":"https:\/\/empatec.com.ar\/pt\/wp-json\/wp\/v2\/product_cat?post=12452"},{"taxonomy":"product_tag","embeddable":true,"href":"https:\/\/empatec.com.ar\/pt\/wp-json\/wp\/v2\/product_tag?post=12452"}],"curies":[{"name":"wp","href":"https:\/\/api.w.org\/{rel}","templated":true}]}}